{"id":235309,"date":"2025-03-21T14:38:01","date_gmt":"2025-03-21T14:38:01","guid":{"rendered":"https:\/\/aromasentia.com\/product\/big-cotton-shopping-bag-38x42cm-sea-life-10oz\/"},"modified":"2025-12-30T20:19:34","modified_gmt":"2025-12-30T20:19:34","slug":"grosse-baumwoll-einkaufstasche-38-x-42-cm-sea-life-10-oz","status":"publish","type":"product","link":"https:\/\/aromasentia.com\/de\/grosse-baumwoll-einkaufstasche-38-x-42-cm-sea-life-10-oz\/","title":{"rendered":"Gro\u00dfe Baumwoll-Einkaufstasche \u2013 38 x 42 cm \u2013 Sea Life \u2013 10 oz"},"content":{"rendered":"<p>Ancient Wisdom hat eine riesige Auswahl an Gro\u00dfhandels-Einkaufstaschen aus \u00d6ko-Baumwolle, die in der klassischen Baumwoll-Canvas-Stil oder bedruckt kommen.<\/p>\n<p>Gro\u00dfe Baumwoll-Einkaufstasche &#8211; Sea Life ist mit sch\u00f6nen Ozean-Muster gedruckt.<\/p>\n<p><em>Gr\u00f6\u00dfe: 38&#215;42 cm<\/em><\/p>\n<p>Baumwolltaschen sind schnell zu einem unserer Bestseller geworden, sie sind ideal f\u00fcr Kampagnen, Veranstaltungen, Hofl\u00e4den und Lebensmittelgesch\u00e4fte zu verwenden. Auch diese Taschen haben perfekte Aufdruckbereich f\u00fcr Werbezwecke, kann verwendet werden, um Firmenlogos zu drucken, zum Beispiel, sie sind stark und praktisch und in verschiedenen Gr\u00f6\u00dfen, um Ihre Kunden Bed\u00fcrfnisse passen, sind unsere Taschen gebaut, um zu halten und kann immer wieder verwendet werden. <\/p>\n","protected":false},"excerpt":{"rendered":"<p>Ancient Wisdom hat eine riesige Auswahl an Gro\u00dfhandels-Einkaufstaschen aus \u00d6ko-Baumwolle, die in der klassischen Baumwoll-Canvas-Stil oder bedruckt kommen. Gro\u00dfe Baumwoll-Einkaufstasche &#8211; Sea Life ist mit sch\u00f6nen Ozean-Muster gedruckt. Gr\u00f6\u00dfe: 38&#215;42 cm Baumwolltaschen sind schnell zu einem unserer Bestseller geworden, sie sind ideal f\u00fcr Kampagnen, Veranstaltungen, Hofl\u00e4den und Lebensmittelgesch\u00e4fte zu verwenden. Auch diese Taschen haben perfekte [&hellip;]<\/p>\n","protected":false},"featured_media":318976,"comment_status":"closed","ping_status":"open","template":"","meta":{"_angie_page":false},"product_brand":[],"product_cat":[19654,19655],"product_tag":[],"class_list":{"0":"post-235309","1":"product","2":"type-product","3":"status-publish","4":"has-post-thumbnail","6":"product_cat-oekologische-taschen","7":"product_cat-taschen-und-rucksaecke","8":"pa_collection-very-simple-eco-cotton-bags-de","9":"pa_made-in-indien","11":"first","12":"instock","13":"purchasable","14":"product-type-simple"},"supplier_id":null,"supplier_sku":"COTT-11","barcode":null,"atum_controlled":true,"out_stock_date":null,"out_stock_threshold":null,"inheritable":false,"inbound_stock":null,"stock_on_hold":0,"sold_today":0,"sales_last_days":0,"reserved_stock":null,"customer_returns":null,"warehouse_damage":null,"lost_in_post":null,"other_logs":null,"out_stock_days":0,"lost_sales":0,"has_location":null,"update_date":"2026-04-27T06:58:16","atum_locations":[],"atum_stock_status":"instock","restock_status":false,"low_stock_amount":"","sales_update_date":"2026-01-20T05:13:27","calc_backorders":null,"_links":{"self":[{"href":"https:\/\/aromasentia.com\/de\/wp-json\/wp\/v2\/product\/235309","targetHints":{"allow":["GET"]}}],"collection":[{"href":"https:\/\/aromasentia.com\/de\/wp-json\/wp\/v2\/product"}],"about":[{"href":"https:\/\/aromasentia.com\/de\/wp-json\/wp\/v2\/types\/product"}],"replies":[{"embeddable":true,"href":"https:\/\/aromasentia.com\/de\/wp-json\/wp\/v2\/comments?post=235309"}],"version-history":[{"count":0,"href":"https:\/\/aromasentia.com\/de\/wp-json\/wp\/v2\/product\/235309\/revisions"}],"wp:featuredmedia":[{"embeddable":true,"href":"https:\/\/aromasentia.com\/de\/wp-json\/wp\/v2\/media\/318976"}],"wp:attachment":[{"href":"https:\/\/aromasentia.com\/de\/wp-json\/wp\/v2\/media?parent=235309"}],"wp:term":[{"taxonomy":"product_brand","embeddable":true,"href":"https:\/\/aromasentia.com\/de\/wp-json\/wp\/v2\/product_brand?post=235309"},{"taxonomy":"product_cat","embeddable":true,"href":"https:\/\/aromasentia.com\/de\/wp-json\/wp\/v2\/product_cat?post=235309"},{"taxonomy":"product_tag","embeddable":true,"href":"https:\/\/aromasentia.com\/de\/wp-json\/wp\/v2\/product_tag?post=235309"}],"curies":[{"name":"wp","href":"https:\/\/api.w.org\/{rel}","templated":true}]}}