{"id":235297,"date":"2025-03-21T14:38:01","date_gmt":"2025-03-21T14:38:01","guid":{"rendered":"https:\/\/aromasentia.com\/product\/lrg-natural-6oz-cotton-bag-38x42cm-whales\/"},"modified":"2025-12-30T20:19:34","modified_gmt":"2025-12-30T20:19:34","slug":"grosse-baumwolltasche-38x42-schwarze-wale","status":"publish","type":"product","link":"https:\/\/aromasentia.com\/de\/grosse-baumwolltasche-38x42-schwarze-wale\/","title":{"rendered":"Gro\u00dfe Baumwolltasche 38&#215;42 &#8217;schwarze Wale&#8216;"},"content":{"rendered":"<p>Baumwolltaschen eignen sich ideal f\u00fcr Hofl\u00e4den und Lebensmittelgesch\u00e4fte. Sie sind robust und praktisch und k\u00f6nnen immer wieder verwendet werden.<\/p>\n<p>Zu den bedruckten Motiven geh\u00f6ren Blockdruckmotive mit Meeresmotiven und das Logo von CottonNotPlastic.com, einer Informationswebsite dar\u00fcber, wie gut Baumwolle f\u00fcr die Umwelt ist und wie umweltfreundlich sie ist.<\/p>\n","protected":false},"excerpt":{"rendered":"<p>Baumwolltaschen eignen sich ideal f\u00fcr Hofl\u00e4den und Lebensmittelgesch\u00e4fte. Sie sind robust und praktisch und k\u00f6nnen immer wieder verwendet werden. Zu den bedruckten Motiven geh\u00f6ren Blockdruckmotive mit Meeresmotiven und das Logo von CottonNotPlastic.com, einer Informationswebsite dar\u00fcber, wie gut Baumwolle f\u00fcr die Umwelt ist und wie umweltfreundlich sie ist.<\/p>\n","protected":false},"featured_media":318885,"comment_status":"closed","ping_status":"open","template":"","meta":{"_angie_page":false},"product_brand":[],"product_cat":[19724,19654,19655],"product_tag":[],"class_list":{"0":"post-235297","1":"product","2":"type-product","3":"status-publish","4":"has-post-thumbnail","6":"product_cat-baumwolltaschen-und-slingtaschen-nepal","7":"product_cat-oekologische-taschen","8":"product_cat-taschen-und-rucksaecke","9":"pa_collection-cotton-tote-bags-100-natural-cotton-de","10":"pa_made-in-indien","12":"first","13":"instock","14":"purchasable","15":"product-type-simple"},"supplier_id":null,"supplier_sku":"CCOTT-16","barcode":null,"atum_controlled":true,"out_stock_date":null,"out_stock_threshold":null,"inheritable":false,"inbound_stock":null,"stock_on_hold":0,"sold_today":0,"sales_last_days":0,"reserved_stock":null,"customer_returns":null,"warehouse_damage":null,"lost_in_post":null,"other_logs":null,"out_stock_days":0,"lost_sales":0,"has_location":null,"update_date":"2026-04-27T06:56:18","atum_locations":[],"atum_stock_status":"instock","restock_status":false,"low_stock_amount":"","sales_update_date":"2026-01-30T01:26:11","calc_backorders":null,"_links":{"self":[{"href":"https:\/\/aromasentia.com\/de\/wp-json\/wp\/v2\/product\/235297","targetHints":{"allow":["GET"]}}],"collection":[{"href":"https:\/\/aromasentia.com\/de\/wp-json\/wp\/v2\/product"}],"about":[{"href":"https:\/\/aromasentia.com\/de\/wp-json\/wp\/v2\/types\/product"}],"replies":[{"embeddable":true,"href":"https:\/\/aromasentia.com\/de\/wp-json\/wp\/v2\/comments?post=235297"}],"version-history":[{"count":0,"href":"https:\/\/aromasentia.com\/de\/wp-json\/wp\/v2\/product\/235297\/revisions"}],"wp:featuredmedia":[{"embeddable":true,"href":"https:\/\/aromasentia.com\/de\/wp-json\/wp\/v2\/media\/318885"}],"wp:attachment":[{"href":"https:\/\/aromasentia.com\/de\/wp-json\/wp\/v2\/media?parent=235297"}],"wp:term":[{"taxonomy":"product_brand","embeddable":true,"href":"https:\/\/aromasentia.com\/de\/wp-json\/wp\/v2\/product_brand?post=235297"},{"taxonomy":"product_cat","embeddable":true,"href":"https:\/\/aromasentia.com\/de\/wp-json\/wp\/v2\/product_cat?post=235297"},{"taxonomy":"product_tag","embeddable":true,"href":"https:\/\/aromasentia.com\/de\/wp-json\/wp\/v2\/product_tag?post=235297"}],"curies":[{"name":"wp","href":"https:\/\/api.w.org\/{rel}","templated":true}]}}