{"id":235293,"date":"2025-03-21T14:38:01","date_gmt":"2025-03-21T14:38:01","guid":{"rendered":"https:\/\/aromasentia.com\/product\/small-natural-4oz-cotton-bag-25x20cm\/"},"modified":"2025-12-30T20:19:26","modified_gmt":"2025-12-30T20:19:26","slug":"kleine-baumwolltasche-25x20-natur","status":"publish","type":"product","link":"https:\/\/aromasentia.com\/de\/kleine-baumwolltasche-25x20-natur\/","title":{"rendered":"Kleine Baumwolltasche 25&#215;20 &#8217;natur&#8216;"},"content":{"rendered":"<p>Baumwolltaschen eignen sich ideal f\u00fcr Hofl\u00e4den und Lebensmittelgesch\u00e4fte. Sie bieten zudem eine optimale Druckfl\u00e4che f\u00fcr Werbezwecke und eignen sich beispielsweise zum Aufdruck von Firmenlogos. Sie sind robust und praktisch und in verschiedenen Gr\u00f6\u00dfen und Farben erh\u00e4ltlich, sodass sie immer wieder verwendet werden k\u00f6nnen.<\/p>\n","protected":false},"excerpt":{"rendered":"<p>Baumwolltaschen eignen sich ideal f\u00fcr Hofl\u00e4den und Lebensmittelgesch\u00e4fte. Sie bieten zudem eine optimale Druckfl\u00e4che f\u00fcr Werbezwecke und eignen sich beispielsweise zum Aufdruck von Firmenlogos. Sie sind robust und praktisch und in verschiedenen Gr\u00f6\u00dfen und Farben erh\u00e4ltlich, sodass sie immer wieder verwendet werden k\u00f6nnen.<\/p>\n","protected":false},"featured_media":318868,"comment_status":"closed","ping_status":"open","template":"","meta":{"_angie_page":false},"product_brand":[],"product_cat":[19724,19654,19655],"product_tag":[],"class_list":{"0":"post-235293","1":"product","2":"type-product","3":"status-publish","4":"has-post-thumbnail","6":"product_cat-baumwolltaschen-und-slingtaschen-nepal","7":"product_cat-oekologische-taschen","8":"product_cat-taschen-und-rucksaecke","9":"pa_collection-cotton-tote-bags-100-natural-cotton-de","10":"pa_made-in-indien","12":"first","13":"instock","14":"purchasable","15":"product-type-simple"},"supplier_id":null,"supplier_sku":"CCOTT-15","barcode":null,"atum_controlled":true,"out_stock_date":null,"out_stock_threshold":null,"inheritable":false,"inbound_stock":null,"stock_on_hold":0,"sold_today":0,"sales_last_days":0,"reserved_stock":null,"customer_returns":null,"warehouse_damage":null,"lost_in_post":null,"other_logs":null,"out_stock_days":0,"lost_sales":0,"has_location":null,"update_date":"2026-04-27T06:56:18","atum_locations":[],"atum_stock_status":"instock","restock_status":false,"low_stock_amount":"","sales_update_date":"2026-01-30T01:26:13","calc_backorders":null,"_links":{"self":[{"href":"https:\/\/aromasentia.com\/de\/wp-json\/wp\/v2\/product\/235293","targetHints":{"allow":["GET"]}}],"collection":[{"href":"https:\/\/aromasentia.com\/de\/wp-json\/wp\/v2\/product"}],"about":[{"href":"https:\/\/aromasentia.com\/de\/wp-json\/wp\/v2\/types\/product"}],"replies":[{"embeddable":true,"href":"https:\/\/aromasentia.com\/de\/wp-json\/wp\/v2\/comments?post=235293"}],"version-history":[{"count":0,"href":"https:\/\/aromasentia.com\/de\/wp-json\/wp\/v2\/product\/235293\/revisions"}],"wp:featuredmedia":[{"embeddable":true,"href":"https:\/\/aromasentia.com\/de\/wp-json\/wp\/v2\/media\/318868"}],"wp:attachment":[{"href":"https:\/\/aromasentia.com\/de\/wp-json\/wp\/v2\/media?parent=235293"}],"wp:term":[{"taxonomy":"product_brand","embeddable":true,"href":"https:\/\/aromasentia.com\/de\/wp-json\/wp\/v2\/product_brand?post=235293"},{"taxonomy":"product_cat","embeddable":true,"href":"https:\/\/aromasentia.com\/de\/wp-json\/wp\/v2\/product_cat?post=235293"},{"taxonomy":"product_tag","embeddable":true,"href":"https:\/\/aromasentia.com\/de\/wp-json\/wp\/v2\/product_tag?post=235293"}],"curies":[{"name":"wp","href":"https:\/\/api.w.org\/{rel}","templated":true}]}}