{"id":235257,"date":"2025-03-21T14:38:06","date_gmt":"2025-03-21T14:38:06","guid":{"rendered":"https:\/\/aromasentia.com\/product\/fab-fringe-bag-dream-catcher-print\/"},"modified":"2025-12-30T20:19:26","modified_gmt":"2025-12-30T20:19:26","slug":"fransentasche-traumfaenger-bedruckt","status":"publish","type":"product","link":"https:\/\/aromasentia.com\/de\/fransentasche-traumfaenger-bedruckt\/","title":{"rendered":"Fransentasche &#8211; Traumf\u00e4nger (Bedruckt)"},"content":{"rendered":"<p>Einfache, aber tolle Taschen. Entspannte Designs auf weicher, gewaschener Jute mit trendigen Siebdrucken oder Stickereien. <strong>Diese Aroma Sentia-ping Fab Fringe Bags<\/strong> sind fein handbestickt. Ein wundersch\u00f6nes Geschenk f\u00fcr alle, die Taschen lieben. <\/p>\n<p>Mit einem hochwertigen (PVC) Ledereffekt-Riemen (112 cm) erhalten Ihre Kunden den tollen, nat\u00fcrlichen Look. Hergestellt auf Bali in einem Familienunternehmen.<\/p>\n<p>Taschengr\u00f6\u00dfe: H: 24 cm x L: 20 cm, Gewicht: 120 g<\/p>\n<p>Machen Sie sich zus\u00e4tzliche Ums\u00e4tze mit diesen frischen Taschen.<\/p>\n","protected":false},"excerpt":{"rendered":"<p>Einfache, aber tolle Taschen. Entspannte Designs auf weicher, gewaschener Jute mit trendigen Siebdrucken oder Stickereien. Diese Aroma Sentia-ping Fab Fringe Bags sind fein handbestickt. Ein wundersch\u00f6nes Geschenk f\u00fcr alle, die Taschen lieben. Mit einem hochwertigen (PVC) Ledereffekt-Riemen (112 cm) erhalten Ihre Kunden den tollen, nat\u00fcrlichen Look. Hergestellt auf Bali in einem Familienunternehmen. Taschengr\u00f6\u00dfe: H: 24 [&hellip;]<\/p>\n","protected":false},"featured_media":319891,"comment_status":"closed","ping_status":"open","template":"","meta":{"_angie_page":false},"product_brand":[],"product_cat":[19654,19655],"product_tag":[],"class_list":{"0":"post-235257","1":"product","2":"type-product","3":"status-publish","4":"has-post-thumbnail","6":"product_cat-oekologische-taschen","7":"product_cat-taschen-und-rucksaecke","8":"pa_collection-fab-fringe-bags-de","9":"pa_made-in-indonesien","11":"first","12":"instock","13":"purchasable","14":"product-type-simple"},"supplier_id":null,"supplier_sku":"FFB-06","barcode":null,"atum_controlled":true,"out_stock_date":null,"out_stock_threshold":null,"inheritable":false,"inbound_stock":null,"stock_on_hold":0,"sold_today":0,"sales_last_days":0,"reserved_stock":null,"customer_returns":null,"warehouse_damage":null,"lost_in_post":null,"other_logs":null,"out_stock_days":0,"lost_sales":0,"has_location":null,"update_date":"2026-05-04T00:02:53","atum_locations":[],"atum_stock_status":"instock","restock_status":false,"low_stock_amount":"","sales_update_date":"2026-01-30T01:25:51","calc_backorders":null,"_links":{"self":[{"href":"https:\/\/aromasentia.com\/de\/wp-json\/wp\/v2\/product\/235257","targetHints":{"allow":["GET"]}}],"collection":[{"href":"https:\/\/aromasentia.com\/de\/wp-json\/wp\/v2\/product"}],"about":[{"href":"https:\/\/aromasentia.com\/de\/wp-json\/wp\/v2\/types\/product"}],"replies":[{"embeddable":true,"href":"https:\/\/aromasentia.com\/de\/wp-json\/wp\/v2\/comments?post=235257"}],"version-history":[{"count":0,"href":"https:\/\/aromasentia.com\/de\/wp-json\/wp\/v2\/product\/235257\/revisions"}],"wp:featuredmedia":[{"embeddable":true,"href":"https:\/\/aromasentia.com\/de\/wp-json\/wp\/v2\/media\/319891"}],"wp:attachment":[{"href":"https:\/\/aromasentia.com\/de\/wp-json\/wp\/v2\/media?parent=235257"}],"wp:term":[{"taxonomy":"product_brand","embeddable":true,"href":"https:\/\/aromasentia.com\/de\/wp-json\/wp\/v2\/product_brand?post=235257"},{"taxonomy":"product_cat","embeddable":true,"href":"https:\/\/aromasentia.com\/de\/wp-json\/wp\/v2\/product_cat?post=235257"},{"taxonomy":"product_tag","embeddable":true,"href":"https:\/\/aromasentia.com\/de\/wp-json\/wp\/v2\/product_tag?post=235257"}],"curies":[{"name":"wp","href":"https:\/\/api.w.org\/{rel}","templated":true}]}}