{"id":235221,"date":"2025-03-21T14:38:06","date_gmt":"2025-03-21T14:38:06","guid":{"rendered":"https:\/\/aromasentia.com\/product\/ethnic-sling-bag-purple-spiral\/"},"modified":"2025-12-30T20:19:18","modified_gmt":"2025-12-30T20:19:18","slug":"umhaengetasche-spirale","status":"publish","type":"product","link":"https:\/\/aromasentia.com\/de\/umhaengetasche-spirale\/","title":{"rendered":"Umh\u00e4ngetasche &#8218;Spirale&#8216;"},"content":{"rendered":"<p>Diese ethnische Schultertasche ist wunderbar stylisch und praktisch. Sie besticht durch Qualit\u00e4t und Design.<\/p>\n<p>Dar\u00fcber hinaus bietet sie viel Platz und einen bequemen Riemen (ca. 46 cm), sodass sie sich perfekt f\u00fcr den bequemen Transport gro\u00dfer Gegenst\u00e4nde eignet. Besonders praktisch f\u00fcr Shopping-Fans und Studenten.<\/p>\n<p>Jeder braucht das ganze Jahr \u00fcber eine Tasche!<\/p>\n","protected":false},"excerpt":{"rendered":"<p>Diese ethnische Schultertasche ist wunderbar stylisch und praktisch. Sie besticht durch Qualit\u00e4t und Design. Dar\u00fcber hinaus bietet sie viel Platz und einen bequemen Riemen (ca. 46 cm), sodass sie sich perfekt f\u00fcr den bequemen Transport gro\u00dfer Gegenst\u00e4nde eignet. Besonders praktisch f\u00fcr Shopping-Fans und Studenten. Jeder braucht das ganze Jahr \u00fcber eine Tasche!<\/p>\n","protected":false},"featured_media":319586,"comment_status":"closed","ping_status":"open","template":"","meta":{"_angie_page":false},"product_brand":[],"product_cat":[19724,26077,19655],"product_tag":[],"class_list":{"0":"post-235221","1":"product","2":"type-product","3":"status-publish","4":"has-post-thumbnail","6":"product_cat-baumwolltaschen-und-slingtaschen-nepal","7":"product_cat-sling-bags","8":"product_cat-taschen-und-rucksaecke","9":"pa_collection-ethnic-sling-bags-de","10":"pa_made-in-indien","12":"first","13":"instock","14":"purchasable","15":"product-type-simple"},"supplier_id":null,"supplier_sku":"ETB-01","barcode":null,"atum_controlled":true,"out_stock_date":null,"out_stock_threshold":null,"inheritable":false,"inbound_stock":null,"stock_on_hold":0,"sold_today":0,"sales_last_days":0,"reserved_stock":null,"customer_returns":null,"warehouse_damage":null,"lost_in_post":null,"other_logs":null,"out_stock_days":0,"lost_sales":0,"has_location":null,"update_date":"2026-04-27T07:02:07","atum_locations":[],"atum_stock_status":"instock","restock_status":false,"low_stock_amount":"","sales_update_date":"2026-02-06T00:02:23","calc_backorders":null,"_links":{"self":[{"href":"https:\/\/aromasentia.com\/de\/wp-json\/wp\/v2\/product\/235221","targetHints":{"allow":["GET"]}}],"collection":[{"href":"https:\/\/aromasentia.com\/de\/wp-json\/wp\/v2\/product"}],"about":[{"href":"https:\/\/aromasentia.com\/de\/wp-json\/wp\/v2\/types\/product"}],"replies":[{"embeddable":true,"href":"https:\/\/aromasentia.com\/de\/wp-json\/wp\/v2\/comments?post=235221"}],"version-history":[{"count":0,"href":"https:\/\/aromasentia.com\/de\/wp-json\/wp\/v2\/product\/235221\/revisions"}],"wp:featuredmedia":[{"embeddable":true,"href":"https:\/\/aromasentia.com\/de\/wp-json\/wp\/v2\/media\/319586"}],"wp:attachment":[{"href":"https:\/\/aromasentia.com\/de\/wp-json\/wp\/v2\/media?parent=235221"}],"wp:term":[{"taxonomy":"product_brand","embeddable":true,"href":"https:\/\/aromasentia.com\/de\/wp-json\/wp\/v2\/product_brand?post=235221"},{"taxonomy":"product_cat","embeddable":true,"href":"https:\/\/aromasentia.com\/de\/wp-json\/wp\/v2\/product_cat?post=235221"},{"taxonomy":"product_tag","embeddable":true,"href":"https:\/\/aromasentia.com\/de\/wp-json\/wp\/v2\/product_tag?post=235221"}],"curies":[{"name":"wp","href":"https:\/\/api.w.org\/{rel}","templated":true}]}}