{"id":235217,"date":"2025-03-21T14:38:06","date_gmt":"2025-03-21T14:38:06","guid":{"rendered":"https:\/\/aromasentia.com\/product\/blank-design-2\/"},"modified":"2025-12-30T20:19:18","modified_gmt":"2025-12-30T20:19:18","slug":"ohne-motiv-2","status":"publish","type":"product","link":"https:\/\/aromasentia.com\/de\/ohne-motiv-2\/","title":{"rendered":"Ohne Motiv"},"content":{"rendered":"<p>Jetzt ist es an der Zeit, Plastikt\u00fcten durch umweltfreundliche Jutetaschen zu ersetzen. Diese gro\u00dfe Einkaufstasche ist perfekt f\u00fcr den Supermarkt oder den allgemeinen Gebrauch. Weiche Baumwollgriffe, Rei\u00dfverschluss f\u00fcr mehr Sicherheit, Baumwollfutter mit Taschen und cooles Design.<\/p>\n<p>Unbedruckte Tasche zur individuellen Gestaltung.<\/p>\n","protected":false},"excerpt":{"rendered":"<p>Jetzt ist es an der Zeit, Plastikt\u00fcten durch umweltfreundliche Jutetaschen zu ersetzen. Diese gro\u00dfe Einkaufstasche ist perfekt f\u00fcr den Supermarkt oder den allgemeinen Gebrauch. Weiche Baumwollgriffe, Rei\u00dfverschluss f\u00fcr mehr Sicherheit, Baumwollfutter mit Taschen und cooles Design. Unbedruckte Tasche zur individuellen Gestaltung.<\/p>\n","protected":false},"featured_media":319404,"comment_status":"closed","ping_status":"open","template":"","meta":{"_angie_page":false},"product_brand":[],"product_cat":[19692,19655],"product_tag":[],"class_list":{"0":"post-235217","1":"product","2":"type-product","3":"status-publish","4":"has-post-thumbnail","6":"product_cat-jutebeutel-und-jutekorbe","7":"product_cat-taschen-und-rucksaecke","8":"pa_collection-eco-jute-bags-de","9":"pa_made-in-indien","11":"first","12":"instock","13":"purchasable","14":"product-type-simple"},"supplier_id":null,"supplier_sku":"EcoJt-07","barcode":null,"atum_controlled":true,"out_stock_date":null,"out_stock_threshold":null,"inheritable":false,"inbound_stock":null,"stock_on_hold":0,"sold_today":0,"sales_last_days":0,"reserved_stock":null,"customer_returns":null,"warehouse_damage":null,"lost_in_post":null,"other_logs":null,"out_stock_days":0,"lost_sales":0,"has_location":null,"update_date":"2026-05-08T00:13:39","atum_locations":[],"atum_stock_status":"instock","restock_status":false,"low_stock_amount":"","sales_update_date":"2026-01-30T01:25:39","calc_backorders":null,"_links":{"self":[{"href":"https:\/\/aromasentia.com\/de\/wp-json\/wp\/v2\/product\/235217","targetHints":{"allow":["GET"]}}],"collection":[{"href":"https:\/\/aromasentia.com\/de\/wp-json\/wp\/v2\/product"}],"about":[{"href":"https:\/\/aromasentia.com\/de\/wp-json\/wp\/v2\/types\/product"}],"replies":[{"embeddable":true,"href":"https:\/\/aromasentia.com\/de\/wp-json\/wp\/v2\/comments?post=235217"}],"version-history":[{"count":0,"href":"https:\/\/aromasentia.com\/de\/wp-json\/wp\/v2\/product\/235217\/revisions"}],"wp:featuredmedia":[{"embeddable":true,"href":"https:\/\/aromasentia.com\/de\/wp-json\/wp\/v2\/media\/319404"}],"wp:attachment":[{"href":"https:\/\/aromasentia.com\/de\/wp-json\/wp\/v2\/media?parent=235217"}],"wp:term":[{"taxonomy":"product_brand","embeddable":true,"href":"https:\/\/aromasentia.com\/de\/wp-json\/wp\/v2\/product_brand?post=235217"},{"taxonomy":"product_cat","embeddable":true,"href":"https:\/\/aromasentia.com\/de\/wp-json\/wp\/v2\/product_cat?post=235217"},{"taxonomy":"product_tag","embeddable":true,"href":"https:\/\/aromasentia.com\/de\/wp-json\/wp\/v2\/product_tag?post=235217"}],"curies":[{"name":"wp","href":"https:\/\/api.w.org\/{rel}","templated":true}]}}