{"id":235205,"date":"2025-03-21T14:38:06","date_gmt":"2025-03-21T14:38:06","guid":{"rendered":"https:\/\/aromasentia.com\/product\/just-be-nice\/"},"modified":"2025-12-30T20:19:11","modified_gmt":"2025-12-30T20:19:11","slug":"just-be-nice-4-versch-designs","status":"publish","type":"product","link":"https:\/\/aromasentia.com\/de\/just-be-nice-4-versch-designs\/","title":{"rendered":"Just Be Nice &#8211; (4 versch. Designs)"},"content":{"rendered":"<p>Jetzt ist es an der Zeit, Plastikt\u00fcten auf umweltfreundliche Jutetaschen umzusteigen. Diese gro\u00dfen Einkaufstaschen eignen sich perfekt f\u00fcr den Supermarkteinkauf oder den allgemeinen Gebrauch. Weiche Baumwollgriffe, Rei\u00dfverschluss f\u00fcr mehr Sicherheit, Baumwollfutter mit Taschen, coole Designs und das Logo von JuteNotPlastic.com unterstreicht den Umweltgedanken.<\/p>\n","protected":false},"excerpt":{"rendered":"<p>Jetzt ist es an der Zeit, Plastikt\u00fcten auf umweltfreundliche Jutetaschen umzusteigen. Diese gro\u00dfen Einkaufstaschen eignen sich perfekt f\u00fcr den Supermarkteinkauf oder den allgemeinen Gebrauch. Weiche Baumwollgriffe, Rei\u00dfverschluss f\u00fcr mehr Sicherheit, Baumwollfutter mit Taschen, coole Designs und das Logo von JuteNotPlastic.com unterstreicht den Umweltgedanken.<\/p>\n","protected":false},"featured_media":319462,"comment_status":"closed","ping_status":"open","template":"","meta":{"_angie_page":false},"product_brand":[],"product_cat":[19692,19655],"product_tag":[],"class_list":{"0":"post-235205","1":"product","2":"type-product","3":"status-publish","4":"has-post-thumbnail","6":"product_cat-jutebeutel-und-jutekorbe","7":"product_cat-taschen-und-rucksaecke","8":"pa_collection-eco-jute-bags-de","9":"pa_made-in-indien","11":"first","12":"outofstock","13":"purchasable","14":"product-type-simple"},"supplier_id":null,"supplier_sku":"EcoJt-02","barcode":null,"atum_controlled":true,"out_stock_date":"2026-04-25 15:19:06","out_stock_threshold":null,"inheritable":false,"inbound_stock":null,"stock_on_hold":0,"sold_today":0,"sales_last_days":0,"reserved_stock":null,"customer_returns":null,"warehouse_damage":null,"lost_in_post":null,"other_logs":null,"out_stock_days":0,"lost_sales":0,"has_location":null,"update_date":"2026-04-27T07:00:10","atum_locations":[],"atum_stock_status":"outofstock","restock_status":false,"low_stock_amount":"","sales_update_date":"2026-01-30T01:26:18","calc_backorders":null,"_links":{"self":[{"href":"https:\/\/aromasentia.com\/de\/wp-json\/wp\/v2\/product\/235205","targetHints":{"allow":["GET"]}}],"collection":[{"href":"https:\/\/aromasentia.com\/de\/wp-json\/wp\/v2\/product"}],"about":[{"href":"https:\/\/aromasentia.com\/de\/wp-json\/wp\/v2\/types\/product"}],"replies":[{"embeddable":true,"href":"https:\/\/aromasentia.com\/de\/wp-json\/wp\/v2\/comments?post=235205"}],"version-history":[{"count":0,"href":"https:\/\/aromasentia.com\/de\/wp-json\/wp\/v2\/product\/235205\/revisions"}],"wp:featuredmedia":[{"embeddable":true,"href":"https:\/\/aromasentia.com\/de\/wp-json\/wp\/v2\/media\/319462"}],"wp:attachment":[{"href":"https:\/\/aromasentia.com\/de\/wp-json\/wp\/v2\/media?parent=235205"}],"wp:term":[{"taxonomy":"product_brand","embeddable":true,"href":"https:\/\/aromasentia.com\/de\/wp-json\/wp\/v2\/product_brand?post=235205"},{"taxonomy":"product_cat","embeddable":true,"href":"https:\/\/aromasentia.com\/de\/wp-json\/wp\/v2\/product_cat?post=235205"},{"taxonomy":"product_tag","embeddable":true,"href":"https:\/\/aromasentia.com\/de\/wp-json\/wp\/v2\/product_tag?post=235205"}],"curies":[{"name":"wp","href":"https:\/\/api.w.org\/{rel}","templated":true}]}}