{"id":235105,"date":"2025-03-21T14:43:57","date_gmt":"2025-03-21T14:43:57","guid":{"rendered":"https:\/\/aromasentia.com\/product\/dont-quit-gym-bag-olive\/"},"modified":"2025-12-30T20:18:56","modified_gmt":"2025-12-30T20:18:56","slug":"sporttasche-oliv","status":"publish","type":"product","link":"https:\/\/aromasentia.com\/de\/sporttasche-oliv\/","title":{"rendered":"Sporttasche &#8211; Oliv"},"content":{"rendered":"<p><span style=\"color: rgb(75, 80, 88);\"><strong>Don&#39;t Quit Sporttasche \u2013 Olivgr\u00fcn | Premium-Baumwolle<\/strong><\/span><\/p>\n<p><span style=\"color: rgb(75, 80, 88);\">Diese strapazierf\u00e4hige und umweltfreundliche Sporttasche aus 100 % indischer Baumwolle eignet sich perfekt f\u00fcr Training, Reisen und den t\u00e4glichen Gebrauch.<\/span><\/p>\n<p><span style=\"color: rgb(75, 80, 88);\">\u2705 Ger\u00e4umiges Rei\u00dfverschlussfach f\u00fcr das N\u00f6tigste<\/span><\/p>\n<p><span style=\"color: rgb(75, 80, 88);\">\u2705 Verst\u00e4rkte Griffe &amp; verstellbarer Riemen f\u00fcr einfaches Tragen<\/span><\/p>\n<p><span style=\"color: rgb(75, 80, 88);\">\u2705 Minimalistisches Design mit stilvollen Kontrastdetails<\/span><\/p>\n<p><span style=\"color: rgb(75, 80, 88);\">Erh\u00e4ltlich in Olivgr\u00fcn, mit beigen Griffen,&nbsp;<\/span><\/p>\n<p><span style=\"color: rgb(75, 80, 88);\">Bleiben Sie stilvoll aktiv!<\/span><\/p>\n","protected":false},"excerpt":{"rendered":"<p>Don&#39;t Quit Sporttasche \u2013 Olivgr\u00fcn | Premium-Baumwolle Diese strapazierf\u00e4hige und umweltfreundliche Sporttasche aus 100 % indischer Baumwolle eignet sich perfekt f\u00fcr Training, Reisen und den t\u00e4glichen Gebrauch. \u2705 Ger\u00e4umiges Rei\u00dfverschlussfach f\u00fcr das N\u00f6tigste \u2705 Verst\u00e4rkte Griffe &amp; verstellbarer Riemen f\u00fcr einfaches Tragen \u2705 Minimalistisches Design mit stilvollen Kontrastdetails Erh\u00e4ltlich in Olivgr\u00fcn, mit beigen Griffen,&nbsp; Bleiben [&hellip;]<\/p>\n","protected":false},"featured_media":321005,"comment_status":"closed","ping_status":"open","template":"","meta":{"_angie_page":false},"product_brand":[],"product_cat":[19654,19655],"product_tag":[],"class_list":{"0":"post-235105","1":"product","2":"type-product","3":"status-publish","4":"has-post-thumbnail","6":"product_cat-oekologische-taschen","7":"product_cat-taschen-und-rucksaecke","8":"pa_collection-gym-bags-de","9":"pa_made-in-indien","11":"first","12":"instock","13":"purchasable","14":"product-type-simple"},"supplier_id":null,"supplier_sku":"GymB-02","barcode":null,"atum_controlled":true,"out_stock_date":null,"out_stock_threshold":null,"inheritable":false,"inbound_stock":null,"stock_on_hold":0,"sold_today":0,"sales_last_days":0,"reserved_stock":null,"customer_returns":null,"warehouse_damage":null,"lost_in_post":null,"other_logs":null,"out_stock_days":0,"lost_sales":0,"has_location":null,"update_date":"2026-04-27T07:06:31","atum_locations":[],"atum_stock_status":"instock","restock_status":false,"low_stock_amount":"","sales_update_date":"2026-01-30T01:24:36","calc_backorders":null,"_links":{"self":[{"href":"https:\/\/aromasentia.com\/de\/wp-json\/wp\/v2\/product\/235105","targetHints":{"allow":["GET"]}}],"collection":[{"href":"https:\/\/aromasentia.com\/de\/wp-json\/wp\/v2\/product"}],"about":[{"href":"https:\/\/aromasentia.com\/de\/wp-json\/wp\/v2\/types\/product"}],"replies":[{"embeddable":true,"href":"https:\/\/aromasentia.com\/de\/wp-json\/wp\/v2\/comments?post=235105"}],"version-history":[{"count":0,"href":"https:\/\/aromasentia.com\/de\/wp-json\/wp\/v2\/product\/235105\/revisions"}],"wp:featuredmedia":[{"embeddable":true,"href":"https:\/\/aromasentia.com\/de\/wp-json\/wp\/v2\/media\/321005"}],"wp:attachment":[{"href":"https:\/\/aromasentia.com\/de\/wp-json\/wp\/v2\/media?parent=235105"}],"wp:term":[{"taxonomy":"product_brand","embeddable":true,"href":"https:\/\/aromasentia.com\/de\/wp-json\/wp\/v2\/product_brand?post=235105"},{"taxonomy":"product_cat","embeddable":true,"href":"https:\/\/aromasentia.com\/de\/wp-json\/wp\/v2\/product_cat?post=235105"},{"taxonomy":"product_tag","embeddable":true,"href":"https:\/\/aromasentia.com\/de\/wp-json\/wp\/v2\/product_tag?post=235105"}],"curies":[{"name":"wp","href":"https:\/\/api.w.org\/{rel}","templated":true}]}}