{"id":235101,"date":"2025-03-21T14:43:57","date_gmt":"2025-03-21T14:43:57","guid":{"rendered":"https:\/\/aromasentia.com\/product\/dont-quit-gym-bag-cherry-pink-219c\/"},"modified":"2025-12-30T20:18:56","modified_gmt":"2025-12-30T20:18:56","slug":"sporttasche-dont-quit-kirschrosa","status":"publish","type":"product","link":"https:\/\/aromasentia.com\/de\/sporttasche-dont-quit-kirschrosa\/","title":{"rendered":"Sporttasche  &#8222;Don&#8217;t Quit&#8220; \u2013 Kirschrosa"},"content":{"rendered":"<p><span style=\"color: rgb(75, 80, 88);\"><strong>Don&#39;t Quit Sporttasche \u2013 Kirschrosa mit beigen Griffen | Premium-Baumwolle<\/strong><\/span><\/p>\n<p><span style=\"color: rgb(75, 80, 88);\">Diese stylische und umweltfreundliche Sporttasche aus 100 % indischer Baumwolle eignet sich perfekt f\u00fcr Workouts, Reisen und den t\u00e4glichen Gebrauch.<\/span><\/p>\n<p><span style=\"color: rgb(75, 80, 88);\">\u2705 Ger\u00e4umiges Rei\u00dfverschlussfach f\u00fcr das N\u00f6tigste<\/span><\/p>\n<p><span style=\"color: rgb(75, 80, 88);\">\u2705 Verst\u00e4rkte Griffe &amp; verstellbarer Riemen f\u00fcr einfaches Tragen<\/span><\/p>\n<p><span style=\"color: rgb(75, 80, 88);\">\u2705 Kr\u00e4ftiges kirschrosa Design mit beigen Akzenten<\/span><\/p>\n<p><span style=\"color: rgb(141, 186, 216);\"><strong>Ein Muss f\u00fcr Fitnessstudio-Fans und alle, die viel unterwegs sind!<\/strong><\/span><\/p>\n","protected":false},"excerpt":{"rendered":"<p>Don&#39;t Quit Sporttasche \u2013 Kirschrosa mit beigen Griffen | Premium-Baumwolle Diese stylische und umweltfreundliche Sporttasche aus 100 % indischer Baumwolle eignet sich perfekt f\u00fcr Workouts, Reisen und den t\u00e4glichen Gebrauch. \u2705 Ger\u00e4umiges Rei\u00dfverschlussfach f\u00fcr das N\u00f6tigste \u2705 Verst\u00e4rkte Griffe &amp; verstellbarer Riemen f\u00fcr einfaches Tragen \u2705 Kr\u00e4ftiges kirschrosa Design mit beigen Akzenten Ein Muss f\u00fcr [&hellip;]<\/p>\n","protected":false},"featured_media":320964,"comment_status":"closed","ping_status":"open","template":"","meta":{"_angie_page":false},"product_brand":[],"product_cat":[19654,19655],"product_tag":[],"class_list":{"0":"post-235101","1":"product","2":"type-product","3":"status-publish","4":"has-post-thumbnail","6":"product_cat-oekologische-taschen","7":"product_cat-taschen-und-rucksaecke","8":"pa_collection-gym-bags-de","9":"pa_made-in-indien","11":"first","12":"instock","13":"purchasable","14":"product-type-simple"},"supplier_id":null,"supplier_sku":"GymB-01","barcode":null,"atum_controlled":true,"out_stock_date":null,"out_stock_threshold":null,"inheritable":false,"inbound_stock":null,"stock_on_hold":0,"sold_today":0,"sales_last_days":0,"reserved_stock":null,"customer_returns":null,"warehouse_damage":null,"lost_in_post":null,"other_logs":null,"out_stock_days":0,"lost_sales":0,"has_location":null,"update_date":"2026-04-27T07:06:31","atum_locations":[],"atum_stock_status":"instock","restock_status":false,"low_stock_amount":"","sales_update_date":"2026-01-30T01:24:35","calc_backorders":null,"_links":{"self":[{"href":"https:\/\/aromasentia.com\/de\/wp-json\/wp\/v2\/product\/235101","targetHints":{"allow":["GET"]}}],"collection":[{"href":"https:\/\/aromasentia.com\/de\/wp-json\/wp\/v2\/product"}],"about":[{"href":"https:\/\/aromasentia.com\/de\/wp-json\/wp\/v2\/types\/product"}],"replies":[{"embeddable":true,"href":"https:\/\/aromasentia.com\/de\/wp-json\/wp\/v2\/comments?post=235101"}],"version-history":[{"count":0,"href":"https:\/\/aromasentia.com\/de\/wp-json\/wp\/v2\/product\/235101\/revisions"}],"wp:featuredmedia":[{"embeddable":true,"href":"https:\/\/aromasentia.com\/de\/wp-json\/wp\/v2\/media\/320964"}],"wp:attachment":[{"href":"https:\/\/aromasentia.com\/de\/wp-json\/wp\/v2\/media?parent=235101"}],"wp:term":[{"taxonomy":"product_brand","embeddable":true,"href":"https:\/\/aromasentia.com\/de\/wp-json\/wp\/v2\/product_brand?post=235101"},{"taxonomy":"product_cat","embeddable":true,"href":"https:\/\/aromasentia.com\/de\/wp-json\/wp\/v2\/product_cat?post=235101"},{"taxonomy":"product_tag","embeddable":true,"href":"https:\/\/aromasentia.com\/de\/wp-json\/wp\/v2\/product_tag?post=235101"}],"curies":[{"name":"wp","href":"https:\/\/api.w.org\/{rel}","templated":true}]}}