{"id":235089,"date":"2025-03-21T14:43:57","date_gmt":"2025-03-21T14:43:57","guid":{"rendered":"https:\/\/aromasentia.com\/product\/reusable-fashion-face-covering-awgifts-adult\/"},"modified":"2025-12-30T20:18:49","modified_gmt":"2025-12-30T20:18:49","slug":"stoffmaske-pm2-5-filter-awgifts-erwachsener","status":"publish","type":"product","link":"https:\/\/aromasentia.com\/de\/stoffmaske-pm2-5-filter-awgifts-erwachsener\/","title":{"rendered":"Stoffmaske PM2.5 Filter &#8211; AWGifts (Erwachsener)"},"content":{"rendered":"<p>Bleiben Sie sicher und stilvoll mit diesem wiederverwendbaren modischen Gesichtsschutz von AWGifts f\u00fcr Erwachsene. Dieser Gesichtsschutz ist eine wiederverwendbare und waschbare Alternative zu Einwegmasken, die sich bequem im Alltag tragen l\u00e4sst. Das Design ist zwar nicht besonders detailliert, aber es soll ein modisches Element f\u00fcr Ihre Schutzkleidung darstellen. Die Maske in Erwachsenengr\u00f6\u00dfe hilft Ihnen, die Gesundheitsrichtlinien einzuhalten und gleichzeitig einen Hauch von pers\u00f6nlichem Stil in der \u00d6ffentlichkeit zu zeigen.<\/p>\n","protected":false},"excerpt":{"rendered":"<p>Bleiben Sie sicher und stilvoll mit diesem wiederverwendbaren modischen Gesichtsschutz von AWGifts f\u00fcr Erwachsene. Dieser Gesichtsschutz ist eine wiederverwendbare und waschbare Alternative zu Einwegmasken, die sich bequem im Alltag tragen l\u00e4sst. Das Design ist zwar nicht besonders detailliert, aber es soll ein modisches Element f\u00fcr Ihre Schutzkleidung darstellen. Die Maske in Erwachsenengr\u00f6\u00dfe hilft Ihnen, die [&hellip;]<\/p>\n","protected":false},"featured_media":320905,"comment_status":"closed","ping_status":"open","template":"","meta":{"_angie_page":false},"product_brand":[],"product_cat":[25835],"product_tag":[],"class_list":{"0":"post-235089","1":"product","2":"type-product","3":"status-publish","4":"has-post-thumbnail","6":"product_cat-kleidung","7":"pa_made-in-china","9":"first","10":"instock","11":"purchasable","12":"product-type-simple"},"supplier_id":null,"supplier_sku":"FFM-39","barcode":null,"atum_controlled":true,"out_stock_date":null,"out_stock_threshold":null,"inheritable":false,"inbound_stock":null,"stock_on_hold":0,"sold_today":0,"sales_last_days":0,"reserved_stock":null,"customer_returns":null,"warehouse_damage":null,"lost_in_post":null,"other_logs":null,"out_stock_days":0,"lost_sales":0,"has_location":null,"update_date":"2026-02-11T18:08:25","atum_locations":[],"atum_stock_status":"instock","restock_status":false,"low_stock_amount":"","sales_update_date":"2025-09-05T00:22:52","calc_backorders":null,"_links":{"self":[{"href":"https:\/\/aromasentia.com\/de\/wp-json\/wp\/v2\/product\/235089","targetHints":{"allow":["GET"]}}],"collection":[{"href":"https:\/\/aromasentia.com\/de\/wp-json\/wp\/v2\/product"}],"about":[{"href":"https:\/\/aromasentia.com\/de\/wp-json\/wp\/v2\/types\/product"}],"replies":[{"embeddable":true,"href":"https:\/\/aromasentia.com\/de\/wp-json\/wp\/v2\/comments?post=235089"}],"version-history":[{"count":0,"href":"https:\/\/aromasentia.com\/de\/wp-json\/wp\/v2\/product\/235089\/revisions"}],"wp:featuredmedia":[{"embeddable":true,"href":"https:\/\/aromasentia.com\/de\/wp-json\/wp\/v2\/media\/320905"}],"wp:attachment":[{"href":"https:\/\/aromasentia.com\/de\/wp-json\/wp\/v2\/media?parent=235089"}],"wp:term":[{"taxonomy":"product_brand","embeddable":true,"href":"https:\/\/aromasentia.com\/de\/wp-json\/wp\/v2\/product_brand?post=235089"},{"taxonomy":"product_cat","embeddable":true,"href":"https:\/\/aromasentia.com\/de\/wp-json\/wp\/v2\/product_cat?post=235089"},{"taxonomy":"product_tag","embeddable":true,"href":"https:\/\/aromasentia.com\/de\/wp-json\/wp\/v2\/product_tag?post=235089"}],"curies":[{"name":"wp","href":"https:\/\/api.w.org\/{rel}","templated":true}]}}