{"id":235037,"date":"2025-03-21T14:43:57","date_gmt":"2025-03-21T14:43:57","guid":{"rendered":"https:\/\/aromasentia.com\/product\/reusable-fashion-face-covering-crazy-zebra-children\/"},"modified":"2025-12-30T20:18:41","modified_gmt":"2025-12-30T20:18:41","slug":"stoffmaske-pm2-5-filter-crazy-zebra-kinder","status":"publish","type":"product","link":"https:\/\/aromasentia.com\/de\/stoffmaske-pm2-5-filter-crazy-zebra-kinder\/","title":{"rendered":"Stoffmaske PM2.5-Filter &#8211; Crazy Zebra (Kinder)"},"content":{"rendered":"<p>Hergestellt aus hochwertigem Baumwoll- und Polyestermaterial in verschiedenen Mustern, wodurch es weich und angenehm auf Ihrem Gesicht liegt und sehr atmungsaktiv zu tragen ist.&nbsp;<\/p>\n<p>Unsere leichten Masken werden aus feuchtigkeitsableitenden Materialien hergestellt. Sie werden den ganzen Tag lang ein angenehmes Tragegef\u00fchl haben. Unsere farbenfrohen, modischen Gesichtsmasken sind waschbar und wiederverwendbar. Sie k\u00f6nnen f\u00fcr Schutz und ein beruhigendes Gef\u00fchl sorgen, wenn Sie \u00f6ffentliche Verkehrsmittel benutzen, im Supermarkt einkaufen oder an jedem \u00f6ffentlichen Ort, an dem soziale Distanzierung nicht m\u00f6glich ist. Diese atmungsaktiven Masken aus Poly-Baumwolle sind mit verstellbaren elastischen Reifen f\u00fcr einen bequemen Sitz ausgestattet.&nbsp;<\/p>\n<p>Jede Maske besteht aus zwei Stofflagen, die eine Tasche mit einem PM2.5-Filter bilden, der beim Waschen der Maske entfernt werden kann. Nachf\u00fcllfilter k\u00f6nnen k\u00e4uflich erworben und zwischen den Anwendungen ausgetauscht werden. Wir bieten eine Vielzahl verschiedener Designs f\u00fcr Erwachsene und 5 lustige Designs f\u00fcr Kinder, jeweils mit einem Filter im Lieferumfang enthalten.<\/p>\n","protected":false},"excerpt":{"rendered":"<p>Hergestellt aus hochwertigem Baumwoll- und Polyestermaterial in verschiedenen Mustern, wodurch es weich und angenehm auf Ihrem Gesicht liegt und sehr atmungsaktiv zu tragen ist.&nbsp; Unsere leichten Masken werden aus feuchtigkeitsableitenden Materialien hergestellt. Sie werden den ganzen Tag lang ein angenehmes Tragegef\u00fchl haben. Unsere farbenfrohen, modischen Gesichtsmasken sind waschbar und wiederverwendbar. Sie k\u00f6nnen f\u00fcr Schutz und [&hellip;]<\/p>\n","protected":false},"featured_media":320596,"comment_status":"closed","ping_status":"open","template":"","meta":{"_angie_page":false},"product_brand":[],"product_cat":[25835],"product_tag":[],"class_list":{"0":"post-235037","1":"product","2":"type-product","3":"status-publish","4":"has-post-thumbnail","6":"product_cat-kleidung","7":"pa_made-in-china","9":"first","10":"instock","11":"purchasable","12":"product-type-simple"},"supplier_id":null,"supplier_sku":"FFM-17","barcode":null,"atum_controlled":true,"out_stock_date":null,"out_stock_threshold":null,"inheritable":false,"inbound_stock":null,"stock_on_hold":0,"sold_today":0,"sales_last_days":0,"reserved_stock":null,"customer_returns":null,"warehouse_damage":null,"lost_in_post":null,"other_logs":null,"out_stock_days":0,"lost_sales":0,"has_location":null,"update_date":"2026-02-11T09:33:01","atum_locations":[],"atum_stock_status":"instock","restock_status":false,"low_stock_amount":"","sales_update_date":"2025-09-05T00:22:50","calc_backorders":null,"_links":{"self":[{"href":"https:\/\/aromasentia.com\/de\/wp-json\/wp\/v2\/product\/235037","targetHints":{"allow":["GET"]}}],"collection":[{"href":"https:\/\/aromasentia.com\/de\/wp-json\/wp\/v2\/product"}],"about":[{"href":"https:\/\/aromasentia.com\/de\/wp-json\/wp\/v2\/types\/product"}],"replies":[{"embeddable":true,"href":"https:\/\/aromasentia.com\/de\/wp-json\/wp\/v2\/comments?post=235037"}],"version-history":[{"count":0,"href":"https:\/\/aromasentia.com\/de\/wp-json\/wp\/v2\/product\/235037\/revisions"}],"wp:featuredmedia":[{"embeddable":true,"href":"https:\/\/aromasentia.com\/de\/wp-json\/wp\/v2\/media\/320596"}],"wp:attachment":[{"href":"https:\/\/aromasentia.com\/de\/wp-json\/wp\/v2\/media?parent=235037"}],"wp:term":[{"taxonomy":"product_brand","embeddable":true,"href":"https:\/\/aromasentia.com\/de\/wp-json\/wp\/v2\/product_brand?post=235037"},{"taxonomy":"product_cat","embeddable":true,"href":"https:\/\/aromasentia.com\/de\/wp-json\/wp\/v2\/product_cat?post=235037"},{"taxonomy":"product_tag","embeddable":true,"href":"https:\/\/aromasentia.com\/de\/wp-json\/wp\/v2\/product_tag?post=235037"}],"curies":[{"name":"wp","href":"https:\/\/api.w.org\/{rel}","templated":true}]}}