{"id":235029,"date":"2025-03-21T14:43:57","date_gmt":"2025-03-21T14:43:57","guid":{"rendered":"https:\/\/aromasentia.com\/product\/pm2-5-face-covering-filter-insert-adult\/"},"modified":"2025-12-30T20:18:41","modified_gmt":"2025-12-30T20:18:41","slug":"pm2-5-stoffmaske-filter-insert-adult","status":"publish","type":"product","link":"https:\/\/aromasentia.com\/de\/pm2-5-stoffmaske-filter-insert-adult\/","title":{"rendered":"PM2.5 Stoffmaske Filter Insert (Adult)"},"content":{"rendered":"<p>Fortschrittliche Filtertechnologie: Das Filterelement dieser Maske verf\u00fcgt \u00fcber 5 Schutzschichten und sorgt so f\u00fcr ein sicheres Atemerlebnis. Hinweise: Ersatzfilter f\u00fcr Masken und Einwegartikel k\u00f6nnen nicht gewaschen werden. Austausch 1- bis 2-mal w\u00f6chentlich empfohlen. Sicheres Atmen: Die 5 Schutzschichten sorgen f\u00fcr ein sicheres Atemerlebnis. Einzigartiges Bel\u00fcftungsdesign: Die hervorragende Durchl\u00e4ssigkeit kann f\u00fcr zus\u00e4tzlichen Schutz einfach verdoppelt werden. Geeignet zum Schutz vor Nebel, Dunst, Fahrzeugabgasen, Passivrauchen usw. Wiederverwendbares Material: Hergestellt aus Aktivkohlefilter, kann nicht gereinigt werden. Daher wird empfohlen, ihn einmal pro Woche auszutauschen. Maske gegen Luftverschmutzung. (1 Packung = 4 Filter)<\/p>\n","protected":false},"excerpt":{"rendered":"<p>Fortschrittliche Filtertechnologie: Das Filterelement dieser Maske verf\u00fcgt \u00fcber 5 Schutzschichten und sorgt so f\u00fcr ein sicheres Atemerlebnis. Hinweise: Ersatzfilter f\u00fcr Masken und Einwegartikel k\u00f6nnen nicht gewaschen werden. Austausch 1- bis 2-mal w\u00f6chentlich empfohlen. Sicheres Atmen: Die 5 Schutzschichten sorgen f\u00fcr ein sicheres Atemerlebnis. Einzigartiges Bel\u00fcftungsdesign: Die hervorragende Durchl\u00e4ssigkeit kann f\u00fcr zus\u00e4tzlichen Schutz einfach verdoppelt werden. [&hellip;]<\/p>\n","protected":false},"featured_media":320498,"comment_status":"closed","ping_status":"open","template":"","meta":{"_angie_page":false},"product_brand":[],"product_cat":[25835],"product_tag":[],"class_list":{"0":"post-235029","1":"product","2":"type-product","3":"status-publish","4":"has-post-thumbnail","6":"product_cat-kleidung","7":"pa_made-in-china","9":"first","10":"instock","11":"purchasable","12":"product-type-simple"},"supplier_id":null,"supplier_sku":"FFM-22","barcode":null,"atum_controlled":true,"out_stock_date":null,"out_stock_threshold":null,"inheritable":false,"inbound_stock":null,"stock_on_hold":0,"sold_today":0,"sales_last_days":0,"reserved_stock":null,"customer_returns":null,"warehouse_damage":null,"lost_in_post":null,"other_logs":null,"out_stock_days":0,"lost_sales":0,"has_location":null,"update_date":"2026-05-08T05:08:30","atum_locations":[],"atum_stock_status":"instock","restock_status":false,"low_stock_amount":"","sales_update_date":"2025-09-05T00:22:45","calc_backorders":null,"_links":{"self":[{"href":"https:\/\/aromasentia.com\/de\/wp-json\/wp\/v2\/product\/235029","targetHints":{"allow":["GET"]}}],"collection":[{"href":"https:\/\/aromasentia.com\/de\/wp-json\/wp\/v2\/product"}],"about":[{"href":"https:\/\/aromasentia.com\/de\/wp-json\/wp\/v2\/types\/product"}],"replies":[{"embeddable":true,"href":"https:\/\/aromasentia.com\/de\/wp-json\/wp\/v2\/comments?post=235029"}],"version-history":[{"count":0,"href":"https:\/\/aromasentia.com\/de\/wp-json\/wp\/v2\/product\/235029\/revisions"}],"wp:featuredmedia":[{"embeddable":true,"href":"https:\/\/aromasentia.com\/de\/wp-json\/wp\/v2\/media\/320498"}],"wp:attachment":[{"href":"https:\/\/aromasentia.com\/de\/wp-json\/wp\/v2\/media?parent=235029"}],"wp:term":[{"taxonomy":"product_brand","embeddable":true,"href":"https:\/\/aromasentia.com\/de\/wp-json\/wp\/v2\/product_brand?post=235029"},{"taxonomy":"product_cat","embeddable":true,"href":"https:\/\/aromasentia.com\/de\/wp-json\/wp\/v2\/product_cat?post=235029"},{"taxonomy":"product_tag","embeddable":true,"href":"https:\/\/aromasentia.com\/de\/wp-json\/wp\/v2\/product_tag?post=235029"}],"curies":[{"name":"wp","href":"https:\/\/api.w.org\/{rel}","templated":true}]}}