{"id":234989,"date":"2025-03-21T14:44:03","date_gmt":"2025-03-21T14:44:03","guid":{"rendered":"https:\/\/aromasentia.com\/product\/mobile-hemp-bag-with-string-random-colour\/"},"modified":"2025-12-30T20:18:34","modified_gmt":"2025-12-30T20:18:34","slug":"mobiler-hanfbeutel-mit-schnur-zufaellige-farbe","status":"publish","type":"product","link":"https:\/\/aromasentia.com\/de\/mobiler-hanfbeutel-mit-schnur-zufaellige-farbe\/","title":{"rendered":"Mobiler Hanfbeutel mit Schnur \u2013 zuf\u00e4llige Farbe"},"content":{"rendered":"<p>Diese in Kathmandu, Nepal, aus einer Mischung aus Baumwolle und reinem Hanf hergestellten Taschen liegen voll im Trend, sind modisch, gut designt und einfach fantastisch. Praktisch und robust, aus umweltfreundlichem Hanf und Baumwolle. Alle Taschen haben viele F\u00e4cher und Taschen. Sie sind f\u00fcr den Alltag konzipiert \u2013 Ihre Kunden werden die Qualit\u00e4t und das Tragegef\u00fchl lieben. Keine Sorge, Hanf macht Sie nicht high, au\u00dfer vielleicht auf einen Berg \ud83d\ude42 Was aber durchaus gut ansteigen k\u00f6nnte, sind Ihre Ums\u00e4tze. Decken Sie sich noch heute ein, um vom Hanf-Boom zu profitieren. Gr\u00f6\u00dfen und Gewichte finden Sie auf den einzelnen Produktseiten.<\/p>\n","protected":false},"excerpt":{"rendered":"<p>Diese in Kathmandu, Nepal, aus einer Mischung aus Baumwolle und reinem Hanf hergestellten Taschen liegen voll im Trend, sind modisch, gut designt und einfach fantastisch. Praktisch und robust, aus umweltfreundlichem Hanf und Baumwolle. Alle Taschen haben viele F\u00e4cher und Taschen. Sie sind f\u00fcr den Alltag konzipiert \u2013 Ihre Kunden werden die Qualit\u00e4t und das Tragegef\u00fchl [&hellip;]<\/p>\n","protected":false},"featured_media":321808,"comment_status":"closed","ping_status":"open","template":"","meta":{"_angie_page":false},"product_brand":[],"product_cat":[19724,19655],"product_tag":[],"class_list":{"0":"post-234989","1":"product","2":"type-product","3":"status-publish","4":"has-post-thumbnail","6":"product_cat-baumwolltaschen-und-slingtaschen-nepal","7":"product_cat-taschen-und-rucksaecke","8":"pa_collection-pure-hemp-and-cotton-bags-de","9":"pa_made-in-nepal","11":"first","12":"instock","13":"purchasable","14":"product-type-simple"},"supplier_id":null,"supplier_sku":"HempB-17","barcode":null,"atum_controlled":true,"out_stock_date":null,"out_stock_threshold":null,"inheritable":false,"inbound_stock":null,"stock_on_hold":0,"sold_today":0,"sales_last_days":0,"reserved_stock":null,"customer_returns":null,"warehouse_damage":null,"lost_in_post":null,"other_logs":null,"out_stock_days":0,"lost_sales":0,"has_location":null,"update_date":"2026-04-29T18:51:01","atum_locations":[],"atum_stock_status":"instock","restock_status":false,"low_stock_amount":"","sales_update_date":"2026-02-06T00:01:27","calc_backorders":null,"_links":{"self":[{"href":"https:\/\/aromasentia.com\/de\/wp-json\/wp\/v2\/product\/234989","targetHints":{"allow":["GET"]}}],"collection":[{"href":"https:\/\/aromasentia.com\/de\/wp-json\/wp\/v2\/product"}],"about":[{"href":"https:\/\/aromasentia.com\/de\/wp-json\/wp\/v2\/types\/product"}],"replies":[{"embeddable":true,"href":"https:\/\/aromasentia.com\/de\/wp-json\/wp\/v2\/comments?post=234989"}],"version-history":[{"count":0,"href":"https:\/\/aromasentia.com\/de\/wp-json\/wp\/v2\/product\/234989\/revisions"}],"wp:featuredmedia":[{"embeddable":true,"href":"https:\/\/aromasentia.com\/de\/wp-json\/wp\/v2\/media\/321808"}],"wp:attachment":[{"href":"https:\/\/aromasentia.com\/de\/wp-json\/wp\/v2\/media?parent=234989"}],"wp:term":[{"taxonomy":"product_brand","embeddable":true,"href":"https:\/\/aromasentia.com\/de\/wp-json\/wp\/v2\/product_brand?post=234989"},{"taxonomy":"product_cat","embeddable":true,"href":"https:\/\/aromasentia.com\/de\/wp-json\/wp\/v2\/product_cat?post=234989"},{"taxonomy":"product_tag","embeddable":true,"href":"https:\/\/aromasentia.com\/de\/wp-json\/wp\/v2\/product_tag?post=234989"}],"curies":[{"name":"wp","href":"https:\/\/api.w.org\/{rel}","templated":true}]}}