{"id":234945,"date":"2025-03-21T14:44:08","date_gmt":"2025-03-21T14:44:08","guid":{"rendered":"https:\/\/aromasentia.com\/product\/hemp-phone-tobacoo-anything-wrap-pouch-assorted\/"},"modified":"2025-12-30T20:18:26","modified_gmt":"2025-12-30T20:18:26","slug":"hanf-wickeltasche-fuer-telefon-tabak-alles-andere-sortiert","status":"publish","type":"product","link":"https:\/\/aromasentia.com\/de\/hanf-wickeltasche-fuer-telefon-tabak-alles-andere-sortiert\/","title":{"rendered":"Hanf-Wickeltasche f\u00fcr Telefon\/Tabak\/alles andere (sortiert)"},"content":{"rendered":"<p>Sichern Sie Ihre kleinen Gegenst\u00e4nde auf nat\u00fcrliche Weise mit dieser Hanf-Telefon-\/Tabak-\/Alles-Wickel-Tasche (sortiert). Diese clever gestaltete Tasche aus nachhaltigem Hanf verf\u00fcgt \u00fcber einen Wickelverschluss, der eine einzigartige und sichere M\u00f6glichkeit bietet, Ihr Telefon, Ihren Tabak oder andere kleine Wertgegenst\u00e4nde aufzubewahren. Jedes der in verschiedenen Ausf\u00fchrungen erh\u00e4ltlichen Etuis verbindet Funktionalit\u00e4t mit einem umweltbewussten, rustikalen Charme. Ein perfekter kleiner Begleiter, um Ihre wichtigsten Dinge sicher und stilvoll zu verstauen, wenn Sie unterwegs sind.<\/p>\n","protected":false},"excerpt":{"rendered":"<p>Sichern Sie Ihre kleinen Gegenst\u00e4nde auf nat\u00fcrliche Weise mit dieser Hanf-Telefon-\/Tabak-\/Alles-Wickel-Tasche (sortiert). Diese clever gestaltete Tasche aus nachhaltigem Hanf verf\u00fcgt \u00fcber einen Wickelverschluss, der eine einzigartige und sichere M\u00f6glichkeit bietet, Ihr Telefon, Ihren Tabak oder andere kleine Wertgegenst\u00e4nde aufzubewahren. Jedes der in verschiedenen Ausf\u00fchrungen erh\u00e4ltlichen Etuis verbindet Funktionalit\u00e4t mit einem umweltbewussten, rustikalen Charme. Ein perfekter [&hellip;]<\/p>\n","protected":false},"featured_media":322877,"comment_status":"closed","ping_status":"open","template":"","meta":{"_angie_page":false},"product_brand":[],"product_cat":[19724,19655],"product_tag":[],"class_list":{"0":"post-234945","1":"product","2":"type-product","3":"status-publish","4":"has-post-thumbnail","6":"product_cat-baumwolltaschen-und-slingtaschen-nepal","7":"product_cat-taschen-und-rucksaecke","8":"pa_collection-pure-hemp-and-cotton-bags-de","9":"pa_made-in-nepal","11":"first","12":"instock","13":"purchasable","14":"product-type-simple"},"supplier_id":null,"supplier_sku":"HempB-45","barcode":null,"atum_controlled":true,"out_stock_date":null,"out_stock_threshold":null,"inheritable":false,"inbound_stock":null,"stock_on_hold":0,"sold_today":0,"sales_last_days":0,"reserved_stock":null,"customer_returns":null,"warehouse_damage":null,"lost_in_post":null,"other_logs":null,"out_stock_days":0,"lost_sales":0,"has_location":null,"update_date":"2026-04-27T07:07:04","atum_locations":[],"atum_stock_status":"instock","restock_status":false,"low_stock_amount":"","sales_update_date":"2026-01-30T01:25:56","calc_backorders":null,"_links":{"self":[{"href":"https:\/\/aromasentia.com\/de\/wp-json\/wp\/v2\/product\/234945","targetHints":{"allow":["GET"]}}],"collection":[{"href":"https:\/\/aromasentia.com\/de\/wp-json\/wp\/v2\/product"}],"about":[{"href":"https:\/\/aromasentia.com\/de\/wp-json\/wp\/v2\/types\/product"}],"replies":[{"embeddable":true,"href":"https:\/\/aromasentia.com\/de\/wp-json\/wp\/v2\/comments?post=234945"}],"version-history":[{"count":0,"href":"https:\/\/aromasentia.com\/de\/wp-json\/wp\/v2\/product\/234945\/revisions"}],"wp:featuredmedia":[{"embeddable":true,"href":"https:\/\/aromasentia.com\/de\/wp-json\/wp\/v2\/media\/322877"}],"wp:attachment":[{"href":"https:\/\/aromasentia.com\/de\/wp-json\/wp\/v2\/media?parent=234945"}],"wp:term":[{"taxonomy":"product_brand","embeddable":true,"href":"https:\/\/aromasentia.com\/de\/wp-json\/wp\/v2\/product_brand?post=234945"},{"taxonomy":"product_cat","embeddable":true,"href":"https:\/\/aromasentia.com\/de\/wp-json\/wp\/v2\/product_cat?post=234945"},{"taxonomy":"product_tag","embeddable":true,"href":"https:\/\/aromasentia.com\/de\/wp-json\/wp\/v2\/product_tag?post=234945"}],"curies":[{"name":"wp","href":"https:\/\/api.w.org\/{rel}","templated":true}]}}