{"id":234925,"date":"2025-03-21T14:44:08","date_gmt":"2025-03-21T14:44:08","guid":{"rendered":"https:\/\/aromasentia.com\/product\/hemp-laptop-messenger-bag-curves\/"},"modified":"2025-12-30T20:18:19","modified_gmt":"2025-12-30T20:18:19","slug":"laptop-umhaengetasche-aus-hanf-curves","status":"publish","type":"product","link":"https:\/\/aromasentia.com\/de\/laptop-umhaengetasche-aus-hanf-curves\/","title":{"rendered":"Laptop-Umh\u00e4ngetasche aus Hanf &#8211; Curves"},"content":{"rendered":"<p>Tragen Sie Ihre Technik stilvoll mit der Hemp Laptop Messenger Bag &#8211; Curves. Diese elegante Kuriertasche aus strapazierf\u00e4higem und umweltfreundlichem Hanf ist f\u00fcr den sicheren Transport Ihres Laptops und Ihrer wichtigsten Utensilien konzipiert. Das &#8222;Curves&#8220;-Design bezieht sich wahrscheinlich auf ihre weiche, moderne Silhouette oder ein dekoratives Muster. Sie bietet eine bequeme, praktische und nachhaltige M\u00f6glichkeit, Ihre Arbeits- oder Studienutensilien zu transportieren und kombiniert moderne \u00c4sthetik mit nat\u00fcrlichen Materialien f\u00fcr den bewussten Berufst\u00e4tigen oder Studenten.<\/p>\n","protected":false},"excerpt":{"rendered":"<p>Tragen Sie Ihre Technik stilvoll mit der Hemp Laptop Messenger Bag &#8211; Curves. Diese elegante Kuriertasche aus strapazierf\u00e4higem und umweltfreundlichem Hanf ist f\u00fcr den sicheren Transport Ihres Laptops und Ihrer wichtigsten Utensilien konzipiert. Das &#8222;Curves&#8220;-Design bezieht sich wahrscheinlich auf ihre weiche, moderne Silhouette oder ein dekoratives Muster. Sie bietet eine bequeme, praktische und nachhaltige M\u00f6glichkeit, [&hellip;]<\/p>\n","protected":false},"featured_media":322720,"comment_status":"closed","ping_status":"open","template":"","meta":{"_angie_page":false},"product_brand":[],"product_cat":[19724,19655],"product_tag":[],"class_list":{"0":"post-234925","1":"product","2":"type-product","3":"status-publish","4":"has-post-thumbnail","6":"product_cat-baumwolltaschen-und-slingtaschen-nepal","7":"product_cat-taschen-und-rucksaecke","8":"pa_collection-pure-hemp-and-cotton-bags-de","9":"pa_made-in-nepal","11":"first","12":"instock","13":"purchasable","14":"product-type-simple"},"supplier_id":null,"supplier_sku":"HempB-40","barcode":null,"atum_controlled":true,"out_stock_date":null,"out_stock_threshold":null,"inheritable":false,"inbound_stock":null,"stock_on_hold":0,"sold_today":0,"sales_last_days":0,"reserved_stock":null,"customer_returns":null,"warehouse_damage":null,"lost_in_post":null,"other_logs":null,"out_stock_days":0,"lost_sales":0,"has_location":null,"update_date":"2026-04-27T07:07:04","atum_locations":[],"atum_stock_status":"instock","restock_status":false,"low_stock_amount":"","sales_update_date":"2026-01-30T01:24:58","calc_backorders":null,"_links":{"self":[{"href":"https:\/\/aromasentia.com\/de\/wp-json\/wp\/v2\/product\/234925","targetHints":{"allow":["GET"]}}],"collection":[{"href":"https:\/\/aromasentia.com\/de\/wp-json\/wp\/v2\/product"}],"about":[{"href":"https:\/\/aromasentia.com\/de\/wp-json\/wp\/v2\/types\/product"}],"replies":[{"embeddable":true,"href":"https:\/\/aromasentia.com\/de\/wp-json\/wp\/v2\/comments?post=234925"}],"version-history":[{"count":0,"href":"https:\/\/aromasentia.com\/de\/wp-json\/wp\/v2\/product\/234925\/revisions"}],"wp:featuredmedia":[{"embeddable":true,"href":"https:\/\/aromasentia.com\/de\/wp-json\/wp\/v2\/media\/322720"}],"wp:attachment":[{"href":"https:\/\/aromasentia.com\/de\/wp-json\/wp\/v2\/media?parent=234925"}],"wp:term":[{"taxonomy":"product_brand","embeddable":true,"href":"https:\/\/aromasentia.com\/de\/wp-json\/wp\/v2\/product_brand?post=234925"},{"taxonomy":"product_cat","embeddable":true,"href":"https:\/\/aromasentia.com\/de\/wp-json\/wp\/v2\/product_cat?post=234925"},{"taxonomy":"product_tag","embeddable":true,"href":"https:\/\/aromasentia.com\/de\/wp-json\/wp\/v2\/product_tag?post=234925"}],"curies":[{"name":"wp","href":"https:\/\/api.w.org\/{rel}","templated":true}]}}