{"id":234917,"date":"2025-03-21T14:44:08","date_gmt":"2025-03-21T14:44:08","guid":{"rendered":"https:\/\/aromasentia.com\/product\/hemp-trekking-rolling-backpack-sage\/"},"modified":"2025-12-30T20:18:19","modified_gmt":"2025-12-30T20:18:19","slug":"trekking-rollrucksack-aus-hanf-salbei","status":"publish","type":"product","link":"https:\/\/aromasentia.com\/de\/trekking-rollrucksack-aus-hanf-salbei\/","title":{"rendered":"Trekking-Rollrucksack aus Hanf &#8211; Salbei"},"content":{"rendered":"<p>Reisen Sie mit Leichtigkeit mit dem Hanf-Trekking-Rollrucksack &#8211; Sage. Dieser vielseitige Rucksack bietet die Bequemlichkeit von R\u00e4dern f\u00fcr reibungsloses Rollen durch Flugh\u00e4fen oder Stadtstra\u00dfen, kombiniert mit der Option traditioneller Rucksackgurte f\u00fcr Trekking. Er ist aus strapazierf\u00e4higem Hanf in einem beruhigenden Salbeigr\u00fcn gefertigt und wurde f\u00fcr abenteuerlustige Reisende entwickelt. Sein ger\u00e4umiger Innenraum und seine robuste Konstruktion machen ihn zu einer umweltfreundlichen und \u00e4u\u00dferst praktischen Wahl f\u00fcr l\u00e4ngere Reisen und abwechslungsreiches Terrain.<\/p>\n","protected":false},"excerpt":{"rendered":"<p>Reisen Sie mit Leichtigkeit mit dem Hanf-Trekking-Rollrucksack &#8211; Sage. Dieser vielseitige Rucksack bietet die Bequemlichkeit von R\u00e4dern f\u00fcr reibungsloses Rollen durch Flugh\u00e4fen oder Stadtstra\u00dfen, kombiniert mit der Option traditioneller Rucksackgurte f\u00fcr Trekking. Er ist aus strapazierf\u00e4higem Hanf in einem beruhigenden Salbeigr\u00fcn gefertigt und wurde f\u00fcr abenteuerlustige Reisende entwickelt. Sein ger\u00e4umiger Innenraum und seine robuste Konstruktion [&hellip;]<\/p>\n","protected":false},"featured_media":322646,"comment_status":"closed","ping_status":"open","template":"","meta":{"_angie_page":false},"product_brand":[],"product_cat":[19724,25826,19655],"product_tag":[],"class_list":{"0":"post-234917","1":"product","2":"type-product","3":"status-publish","4":"has-post-thumbnail","6":"product_cat-baumwolltaschen-und-slingtaschen-nepal","7":"product_cat-rucksacke","8":"product_cat-taschen-und-rucksaecke","9":"pa_collection-pure-hemp-and-cotton-bags-de","10":"pa_made-in-nepal","12":"first","13":"instock","14":"purchasable","15":"product-type-simple"},"supplier_id":null,"supplier_sku":"HempB-38","barcode":null,"atum_controlled":true,"out_stock_date":null,"out_stock_threshold":null,"inheritable":false,"inbound_stock":null,"stock_on_hold":0,"sold_today":0,"sales_last_days":0,"reserved_stock":null,"customer_returns":null,"warehouse_damage":null,"lost_in_post":null,"other_logs":null,"out_stock_days":0,"lost_sales":0,"has_location":null,"update_date":"2026-04-27T07:07:04","atum_locations":[],"atum_stock_status":"instock","restock_status":false,"low_stock_amount":"","sales_update_date":"2026-01-30T01:24:59","calc_backorders":null,"_links":{"self":[{"href":"https:\/\/aromasentia.com\/de\/wp-json\/wp\/v2\/product\/234917","targetHints":{"allow":["GET"]}}],"collection":[{"href":"https:\/\/aromasentia.com\/de\/wp-json\/wp\/v2\/product"}],"about":[{"href":"https:\/\/aromasentia.com\/de\/wp-json\/wp\/v2\/types\/product"}],"replies":[{"embeddable":true,"href":"https:\/\/aromasentia.com\/de\/wp-json\/wp\/v2\/comments?post=234917"}],"version-history":[{"count":0,"href":"https:\/\/aromasentia.com\/de\/wp-json\/wp\/v2\/product\/234917\/revisions"}],"wp:featuredmedia":[{"embeddable":true,"href":"https:\/\/aromasentia.com\/de\/wp-json\/wp\/v2\/media\/322646"}],"wp:attachment":[{"href":"https:\/\/aromasentia.com\/de\/wp-json\/wp\/v2\/media?parent=234917"}],"wp:term":[{"taxonomy":"product_brand","embeddable":true,"href":"https:\/\/aromasentia.com\/de\/wp-json\/wp\/v2\/product_brand?post=234917"},{"taxonomy":"product_cat","embeddable":true,"href":"https:\/\/aromasentia.com\/de\/wp-json\/wp\/v2\/product_cat?post=234917"},{"taxonomy":"product_tag","embeddable":true,"href":"https:\/\/aromasentia.com\/de\/wp-json\/wp\/v2\/product_tag?post=234917"}],"curies":[{"name":"wp","href":"https:\/\/api.w.org\/{rel}","templated":true}]}}