{"id":234909,"date":"2025-03-21T14:44:08","date_gmt":"2025-03-21T14:44:08","guid":{"rendered":"https:\/\/aromasentia.com\/product\/hemp-adventure-backpack-annapurna\/"},"modified":"2025-12-30T20:18:19","modified_gmt":"2025-12-30T20:18:19","slug":"hanf-abenteuerrucksack-annapurna","status":"publish","type":"product","link":"https:\/\/aromasentia.com\/de\/hanf-abenteuerrucksack-annapurna\/","title":{"rendered":"Hanf-Abenteuerrucksack &#8211; Annapurna"},"content":{"rendered":"<p>Begib dich auf Reisen mit dem Hemp Adventure Backpack &#8211; Annapurna. Benannt nach dem majest\u00e4tischen Himalaya-Gebirge, ist dieser Rucksack aus strapazierf\u00e4higem Hanf f\u00fcr raue Abenteuer gefertigt. Er verf\u00fcgt \u00fcber mehrere F\u00e4cher, bequeme Gurte und ein Design, das auf Erkundung und Nutzen ausgelegt ist. Seine nat\u00fcrliche, erdige \u00c4sthetik spiegelt die Liebe zur Natur wider und macht ihn zu einem zuverl\u00e4ssigen und umweltfreundlichen Begleiter f\u00fcr Wanderer, Reisende und alle, die einen robusten Rucksack f\u00fcr ihr n\u00e4chstes gro\u00dfes Abenteuer suchen.<\/p>\n","protected":false},"excerpt":{"rendered":"<p>Begib dich auf Reisen mit dem Hemp Adventure Backpack &#8211; Annapurna. Benannt nach dem majest\u00e4tischen Himalaya-Gebirge, ist dieser Rucksack aus strapazierf\u00e4higem Hanf f\u00fcr raue Abenteuer gefertigt. Er verf\u00fcgt \u00fcber mehrere F\u00e4cher, bequeme Gurte und ein Design, das auf Erkundung und Nutzen ausgelegt ist. Seine nat\u00fcrliche, erdige \u00c4sthetik spiegelt die Liebe zur Natur wider und macht [&hellip;]<\/p>\n","protected":false},"featured_media":322604,"comment_status":"closed","ping_status":"open","template":"","meta":{"_angie_page":false},"product_brand":[],"product_cat":[19724,25826,19655],"product_tag":[],"class_list":{"0":"post-234909","1":"product","2":"type-product","3":"status-publish","4":"has-post-thumbnail","6":"product_cat-baumwolltaschen-und-slingtaschen-nepal","7":"product_cat-rucksacke","8":"product_cat-taschen-und-rucksaecke","9":"pa_collection-pure-hemp-and-cotton-bags-de","10":"pa_made-in-nepal","12":"first","13":"instock","14":"purchasable","15":"product-type-simple"},"supplier_id":null,"supplier_sku":"HempB-36","barcode":null,"atum_controlled":true,"out_stock_date":null,"out_stock_threshold":null,"inheritable":false,"inbound_stock":null,"stock_on_hold":0,"sold_today":0,"sales_last_days":0,"reserved_stock":null,"customer_returns":null,"warehouse_damage":null,"lost_in_post":null,"other_logs":null,"out_stock_days":0,"lost_sales":0,"has_location":null,"update_date":"2026-04-27T07:07:04","atum_locations":[],"atum_stock_status":"instock","restock_status":false,"low_stock_amount":"","sales_update_date":"2026-01-30T01:25:02","calc_backorders":null,"_links":{"self":[{"href":"https:\/\/aromasentia.com\/de\/wp-json\/wp\/v2\/product\/234909","targetHints":{"allow":["GET"]}}],"collection":[{"href":"https:\/\/aromasentia.com\/de\/wp-json\/wp\/v2\/product"}],"about":[{"href":"https:\/\/aromasentia.com\/de\/wp-json\/wp\/v2\/types\/product"}],"replies":[{"embeddable":true,"href":"https:\/\/aromasentia.com\/de\/wp-json\/wp\/v2\/comments?post=234909"}],"version-history":[{"count":0,"href":"https:\/\/aromasentia.com\/de\/wp-json\/wp\/v2\/product\/234909\/revisions"}],"wp:featuredmedia":[{"embeddable":true,"href":"https:\/\/aromasentia.com\/de\/wp-json\/wp\/v2\/media\/322604"}],"wp:attachment":[{"href":"https:\/\/aromasentia.com\/de\/wp-json\/wp\/v2\/media?parent=234909"}],"wp:term":[{"taxonomy":"product_brand","embeddable":true,"href":"https:\/\/aromasentia.com\/de\/wp-json\/wp\/v2\/product_brand?post=234909"},{"taxonomy":"product_cat","embeddable":true,"href":"https:\/\/aromasentia.com\/de\/wp-json\/wp\/v2\/product_cat?post=234909"},{"taxonomy":"product_tag","embeddable":true,"href":"https:\/\/aromasentia.com\/de\/wp-json\/wp\/v2\/product_tag?post=234909"}],"curies":[{"name":"wp","href":"https:\/\/api.w.org\/{rel}","templated":true}]}}