{"id":234897,"date":"2025-03-21T14:44:08","date_gmt":"2025-03-21T14:44:08","guid":{"rendered":"https:\/\/aromasentia.com\/product\/large-boxy-hemp-backpack-teal-tumeric\/"},"modified":"2025-12-30T20:18:19","modified_gmt":"2025-12-30T20:18:19","slug":"grosser-kastenfoermiger-rucksack-aus-hanf-blaugruen-und-kurkuma","status":"publish","type":"product","link":"https:\/\/aromasentia.com\/de\/grosser-kastenfoermiger-rucksack-aus-hanf-blaugruen-und-kurkuma\/","title":{"rendered":"Gro\u00dfer kastenf\u00f6rmiger Rucksack aus Hanf \u2013 Blaugr\u00fcn und Kurkuma"},"content":{"rendered":"<p>Mit dem Large Boxy Hemp Backpack &#8211; Teal &#038; Tumeric kannst du deine wichtigsten Utensilien in einem lebendigen, umweltfreundlichen Stil transportieren. Dieser ger\u00e4umige Rucksack kombiniert strapazierf\u00e4higes Hanfgewebe mit einer auff\u00e4lligen Farbkombination aus sattem Teal und warmem Tumeric-Gelb. Seine kastenf\u00f6rmige Silhouette bietet reichlich Platz f\u00fcr B\u00fccher, einen Laptop oder Dinge des t\u00e4glichen Bedarfs, w\u00e4hrend mehrere F\u00e4cher die Organisation erleichtern d\u00fcrften. Eine nachhaltige und auff\u00e4llige Wahl f\u00fcr Studenten, Pendler oder alle, die einen robusten und farblich einzigartigen Rucksack suchen.<\/p>\n","protected":false},"excerpt":{"rendered":"<p>Mit dem Large Boxy Hemp Backpack &#8211; Teal &#038; Tumeric kannst du deine wichtigsten Utensilien in einem lebendigen, umweltfreundlichen Stil transportieren. Dieser ger\u00e4umige Rucksack kombiniert strapazierf\u00e4higes Hanfgewebe mit einer auff\u00e4lligen Farbkombination aus sattem Teal und warmem Tumeric-Gelb. Seine kastenf\u00f6rmige Silhouette bietet reichlich Platz f\u00fcr B\u00fccher, einen Laptop oder Dinge des t\u00e4glichen Bedarfs, w\u00e4hrend mehrere F\u00e4cher [&hellip;]<\/p>\n","protected":false},"featured_media":322537,"comment_status":"closed","ping_status":"open","template":"","meta":{"_angie_page":false},"product_brand":[],"product_cat":[19724,25826,19655],"product_tag":[],"class_list":{"0":"post-234897","1":"product","2":"type-product","3":"status-publish","4":"has-post-thumbnail","6":"product_cat-baumwolltaschen-und-slingtaschen-nepal","7":"product_cat-rucksacke","8":"product_cat-taschen-und-rucksaecke","9":"pa_collection-pure-hemp-and-cotton-bags-de","10":"pa_made-in-nepal","12":"first","13":"instock","14":"purchasable","15":"product-type-simple"},"supplier_id":null,"supplier_sku":"HempB-33","barcode":null,"atum_controlled":true,"out_stock_date":null,"out_stock_threshold":null,"inheritable":false,"inbound_stock":null,"stock_on_hold":0,"sold_today":0,"sales_last_days":0,"reserved_stock":null,"customer_returns":null,"warehouse_damage":null,"lost_in_post":null,"other_logs":null,"out_stock_days":0,"lost_sales":0,"has_location":null,"update_date":"2026-04-27T07:07:42","atum_locations":[],"atum_stock_status":"instock","restock_status":false,"low_stock_amount":"","sales_update_date":"2026-01-30T01:25:00","calc_backorders":null,"_links":{"self":[{"href":"https:\/\/aromasentia.com\/de\/wp-json\/wp\/v2\/product\/234897","targetHints":{"allow":["GET"]}}],"collection":[{"href":"https:\/\/aromasentia.com\/de\/wp-json\/wp\/v2\/product"}],"about":[{"href":"https:\/\/aromasentia.com\/de\/wp-json\/wp\/v2\/types\/product"}],"replies":[{"embeddable":true,"href":"https:\/\/aromasentia.com\/de\/wp-json\/wp\/v2\/comments?post=234897"}],"version-history":[{"count":0,"href":"https:\/\/aromasentia.com\/de\/wp-json\/wp\/v2\/product\/234897\/revisions"}],"wp:featuredmedia":[{"embeddable":true,"href":"https:\/\/aromasentia.com\/de\/wp-json\/wp\/v2\/media\/322537"}],"wp:attachment":[{"href":"https:\/\/aromasentia.com\/de\/wp-json\/wp\/v2\/media?parent=234897"}],"wp:term":[{"taxonomy":"product_brand","embeddable":true,"href":"https:\/\/aromasentia.com\/de\/wp-json\/wp\/v2\/product_brand?post=234897"},{"taxonomy":"product_cat","embeddable":true,"href":"https:\/\/aromasentia.com\/de\/wp-json\/wp\/v2\/product_cat?post=234897"},{"taxonomy":"product_tag","embeddable":true,"href":"https:\/\/aromasentia.com\/de\/wp-json\/wp\/v2\/product_tag?post=234897"}],"curies":[{"name":"wp","href":"https:\/\/api.w.org\/{rel}","templated":true}]}}