{"id":234865,"date":"2025-03-21T14:44:12","date_gmt":"2025-03-21T14:44:12","guid":{"rendered":"https:\/\/aromasentia.com\/product\/hop-hare-pouch-i-am-brave\/"},"modified":"2025-12-30T20:18:11","modified_gmt":"2025-12-30T20:18:11","slug":"hop-hare-beutel-ich-bin-mutig","status":"publish","type":"product","link":"https:\/\/aromasentia.com\/de\/hop-hare-beutel-ich-bin-mutig\/","title":{"rendered":"Hop Hare Beutel &#8211; Ich bin mutig"},"content":{"rendered":"<p><span style=\"color: rgb(75, 80, 88);\"><strong>F\u00f6rdern Sie Mut mit dem Hop Hare-Beutel \u201eIch bin mutig\u201c.<\/strong><\/span><\/p>\n<p><span style=\"color: rgb(75, 80, 88);\">Dieser Beutel aus biologisch abbaubarer Jute dient als t\u00e4gliche Erinnerung an Mut. Ob Reiseutensilien oder pers\u00f6nliche Sch\u00e4tze \u2013 seine inspirierende Botschaft unterst\u00fctzt Abenteuer und Mut in allen Lebensbereichen.<\/span><\/p>\n<p><span style=\"color: rgb(75, 80, 88);\">Gruppieren Sie ihn mit Badeprodukten zu einem Korb im Spa-Stil, f\u00fcllen Sie ihn mit S\u00fc\u00dfigkeiten und Schokolade als Muntermachergeschenk oder kombinieren Sie ihn mit einem motivierenden Buch oder Tagebuch. Die M\u00f6glichkeiten sind endlos! &nbsp;<\/span><\/p>\n<p><span style=\"color: rgb(75, 80, 88);\"><strong>Abmessungen:<\/strong><\/span><\/p>\n<p><span style=\"color: rgb(75, 80, 88);\">19 x 12 x 4,5 cm<\/span><\/p>\n","protected":false},"excerpt":{"rendered":"<p>F\u00f6rdern Sie Mut mit dem Hop Hare-Beutel \u201eIch bin mutig\u201c. Dieser Beutel aus biologisch abbaubarer Jute dient als t\u00e4gliche Erinnerung an Mut. Ob Reiseutensilien oder pers\u00f6nliche Sch\u00e4tze \u2013 seine inspirierende Botschaft unterst\u00fctzt Abenteuer und Mut in allen Lebensbereichen. Gruppieren Sie ihn mit Badeprodukten zu einem Korb im Spa-Stil, f\u00fcllen Sie ihn mit S\u00fc\u00dfigkeiten und Schokolade [&hellip;]<\/p>\n","protected":false},"featured_media":323417,"comment_status":"closed","ping_status":"open","template":"","meta":{"_angie_page":false},"product_brand":[27112],"product_cat":[19654,19655],"product_tag":[],"class_list":{"0":"post-234865","1":"product","2":"type-product","3":"status-publish","4":"has-post-thumbnail","6":"product_brand-hop-hare","7":"product_cat-oekologische-taschen","8":"product_cat-taschen-und-rucksaecke","9":"pa_collection-hop-hare-pouches-de","10":"pa_made-in-indien","12":"first","13":"instock","14":"purchasable","15":"product-type-simple"},"supplier_id":null,"supplier_sku":"HHP-02","barcode":null,"atum_controlled":true,"out_stock_date":null,"out_stock_threshold":null,"inheritable":false,"inbound_stock":null,"stock_on_hold":0,"sold_today":0,"sales_last_days":0,"reserved_stock":null,"customer_returns":null,"warehouse_damage":null,"lost_in_post":null,"other_logs":null,"out_stock_days":0,"lost_sales":0,"has_location":null,"update_date":"2026-04-27T07:07:27","atum_locations":[],"atum_stock_status":"instock","restock_status":false,"low_stock_amount":"","sales_update_date":"2026-01-30T01:24:59","calc_backorders":null,"_links":{"self":[{"href":"https:\/\/aromasentia.com\/de\/wp-json\/wp\/v2\/product\/234865","targetHints":{"allow":["GET"]}}],"collection":[{"href":"https:\/\/aromasentia.com\/de\/wp-json\/wp\/v2\/product"}],"about":[{"href":"https:\/\/aromasentia.com\/de\/wp-json\/wp\/v2\/types\/product"}],"replies":[{"embeddable":true,"href":"https:\/\/aromasentia.com\/de\/wp-json\/wp\/v2\/comments?post=234865"}],"version-history":[{"count":0,"href":"https:\/\/aromasentia.com\/de\/wp-json\/wp\/v2\/product\/234865\/revisions"}],"wp:featuredmedia":[{"embeddable":true,"href":"https:\/\/aromasentia.com\/de\/wp-json\/wp\/v2\/media\/323417"}],"wp:attachment":[{"href":"https:\/\/aromasentia.com\/de\/wp-json\/wp\/v2\/media?parent=234865"}],"wp:term":[{"taxonomy":"product_brand","embeddable":true,"href":"https:\/\/aromasentia.com\/de\/wp-json\/wp\/v2\/product_brand?post=234865"},{"taxonomy":"product_cat","embeddable":true,"href":"https:\/\/aromasentia.com\/de\/wp-json\/wp\/v2\/product_cat?post=234865"},{"taxonomy":"product_tag","embeddable":true,"href":"https:\/\/aromasentia.com\/de\/wp-json\/wp\/v2\/product_tag?post=234865"}],"curies":[{"name":"wp","href":"https:\/\/api.w.org\/{rel}","templated":true}]}}