{"id":234845,"date":"2025-03-21T14:44:12","date_gmt":"2025-03-21T14:44:12","guid":{"rendered":"https:\/\/aromasentia.com\/product\/hop-hare-jute-big-bag-i-am-bright\/"},"modified":"2025-12-30T20:18:03","modified_gmt":"2025-12-30T20:18:03","slug":"hop-hare-jute-big-bag-ich-bin-hell","status":"publish","type":"product","link":"https:\/\/aromasentia.com\/de\/hop-hare-jute-big-bag-ich-bin-hell\/","title":{"rendered":"Hop Hare Jute Big Bag &#8211; Ich bin hell"},"content":{"rendered":"<p><strong><span style=\"color: rgb(75, 80, 88);\">Versch\u00f6nern Sie Ihr Inventar mit der Hop Hare-Jutetasche \u201eI Am Bright\u201c.<\/span><\/strong><\/p>\n<p><span style=\"color: rgb(75, 80, 88);\">Dieses aufmunternde Produkt ist perfekt f\u00fcr Verbraucher, die Positivit\u00e4t und Ausstrahlung in ihrem Lebensstil sch\u00e4tzen, und ist daher ein Muss f\u00fcr Einzelh\u00e4ndler, die auf Motivations- und Selbstpflegeprodukte spezialisiert sind.<\/span><\/p>\n<p><span style=\"color: rgb(75, 80, 88);\">Hergestellt aus <strong>&nbsp;umweltfreundlicher<\/strong>, nachhaltiger Jute \u2013 ein Beweis f\u00fcr Langlebigkeit und Umweltbewusstsein. Jede Tasche ist nicht nur robust, sondern auch mit einer biologisch abbaubaren Polypropylen-(PP)-Laminierung verst\u00e4rkt, die die nat\u00fcrlichen Jutefasern sch\u00fctzt und konserviert und so sicherstellt, dass die Tasche im Laufe der Zeit ihre Form und Struktur beh\u00e4lt.<\/span><\/p>\n<p><span style=\"color: rgb(75, 80, 88);\">Jede Tasche bietet nicht nur eine praktische, umweltfreundliche L\u00f6sung zum Transportieren von Dingen des t\u00e4glichen Bedarfs, sondern dient auch als inspirierendes Statement-St\u00fcck, das pers\u00f6nliche Erm\u00e4chtigung und den mystischen Reiz des Hop Hare-Universums widerspiegelt. &nbsp;<\/span><\/p>\n<p><span style=\"color: rgb(75, 80, 88);\"><strong>Ma\u00dfe:<\/strong><\/span><\/p>\n<p><span style=\"color: rgb(75, 80, 88);\"><em>Griffl\u00e4nge: 26 cm<\/em><\/span><\/p>\n<p><em><span style=\"color: rgb(75, 80, 88);\">H\u00f6he: 27 cm<\/span><\/em><\/p>\n<p><em><span style=\"color: rgb(75, 80, 88);\">L\u00e4nge: 38 cm<\/span><\/em><\/p>\n<p><span style=\"color: rgb(75, 80, 88);\"><em>Breite: 11 cm<\/em><\/span><\/p>\n","protected":false},"excerpt":{"rendered":"<p>Versch\u00f6nern Sie Ihr Inventar mit der Hop Hare-Jutetasche \u201eI Am Bright\u201c. Dieses aufmunternde Produkt ist perfekt f\u00fcr Verbraucher, die Positivit\u00e4t und Ausstrahlung in ihrem Lebensstil sch\u00e4tzen, und ist daher ein Muss f\u00fcr Einzelh\u00e4ndler, die auf Motivations- und Selbstpflegeprodukte spezialisiert sind. Hergestellt aus &nbsp;umweltfreundlicher, nachhaltiger Jute \u2013 ein Beweis f\u00fcr Langlebigkeit und Umweltbewusstsein. Jede Tasche ist [&hellip;]<\/p>\n","protected":false},"featured_media":323252,"comment_status":"closed","ping_status":"open","template":"","meta":{"_angie_page":false},"product_brand":[27112],"product_cat":[19692,19655],"product_tag":[],"class_list":{"0":"post-234845","1":"product","2":"type-product","3":"status-publish","4":"has-post-thumbnail","6":"product_brand-hop-hare","7":"product_cat-jutebeutel-und-jutekorbe","8":"product_cat-taschen-und-rucksaecke","9":"pa_collection-hop-hare-jute-bag-de","10":"pa_made-in-indien","12":"first","13":"instock","14":"purchasable","15":"product-type-simple"},"supplier_id":null,"supplier_sku":"HHJB-04","barcode":null,"atum_controlled":true,"out_stock_date":null,"out_stock_threshold":null,"inheritable":false,"inbound_stock":null,"stock_on_hold":0,"sold_today":0,"sales_last_days":0,"reserved_stock":null,"customer_returns":null,"warehouse_damage":null,"lost_in_post":null,"other_logs":null,"out_stock_days":0,"lost_sales":0,"has_location":null,"update_date":"2026-04-29T13:02:36","atum_locations":[],"atum_stock_status":"instock","restock_status":false,"low_stock_amount":"","sales_update_date":"2026-01-30T01:25:41","calc_backorders":null,"_links":{"self":[{"href":"https:\/\/aromasentia.com\/de\/wp-json\/wp\/v2\/product\/234845","targetHints":{"allow":["GET"]}}],"collection":[{"href":"https:\/\/aromasentia.com\/de\/wp-json\/wp\/v2\/product"}],"about":[{"href":"https:\/\/aromasentia.com\/de\/wp-json\/wp\/v2\/types\/product"}],"replies":[{"embeddable":true,"href":"https:\/\/aromasentia.com\/de\/wp-json\/wp\/v2\/comments?post=234845"}],"version-history":[{"count":0,"href":"https:\/\/aromasentia.com\/de\/wp-json\/wp\/v2\/product\/234845\/revisions"}],"wp:featuredmedia":[{"embeddable":true,"href":"https:\/\/aromasentia.com\/de\/wp-json\/wp\/v2\/media\/323252"}],"wp:attachment":[{"href":"https:\/\/aromasentia.com\/de\/wp-json\/wp\/v2\/media?parent=234845"}],"wp:term":[{"taxonomy":"product_brand","embeddable":true,"href":"https:\/\/aromasentia.com\/de\/wp-json\/wp\/v2\/product_brand?post=234845"},{"taxonomy":"product_cat","embeddable":true,"href":"https:\/\/aromasentia.com\/de\/wp-json\/wp\/v2\/product_cat?post=234845"},{"taxonomy":"product_tag","embeddable":true,"href":"https:\/\/aromasentia.com\/de\/wp-json\/wp\/v2\/product_tag?post=234845"}],"curies":[{"name":"wp","href":"https:\/\/api.w.org\/{rel}","templated":true}]}}