{"id":234821,"date":"2025-03-21T14:44:12","date_gmt":"2025-03-21T14:44:12","guid":{"rendered":"https:\/\/aromasentia.com\/product\/patched-hemp-cotton-boho-festival-hat-tiedye\/"},"modified":"2025-12-30T20:18:03","modified_gmt":"2025-12-30T20:18:03","slug":"geflickter-boho-festivalhut-aus-hanf-und-baumwolle-tie-dye","status":"publish","type":"product","link":"https:\/\/aromasentia.com\/de\/geflickter-boho-festivalhut-aus-hanf-und-baumwolle-tie-dye\/","title":{"rendered":"Geflickter Boho-Festivalhut aus Hanf und Baumwolle \u2013 Tie Dye"},"content":{"rendered":"<p><span style=\"color: rgb(75, 80, 88);\"><strong>Entdecken Sie die fantastische Kollektion von Boho-Festivalh\u00fcten aus Hanf und Baumwolle<\/strong>, die Ihrem Gesch\u00e4ft einen Hauch von Sommerflair verleihen!<\/span><\/p>\n<p><span style=\"color: rgb(75, 80, 88);\">Folgen Sie dem Batik-Trend mit diesen <strong>gepatchten Boho-Festivalh\u00fcten aus Hanf und Baumwolle im Batik-Look<\/strong>. Die verspielte Kombination aus Farben und Mustern l\u00e4sst diese H\u00fcte aus jeder Menge hervorstechen. Ideal f\u00fcr Festivalg\u00e4nger und Freigeister, sind diese H\u00fcte ein Statement, das jedem Outfit einen Hauch von Hippie-Chic verleiht. Sie sind ein Must-have f\u00fcr Kunden, die diesen Sommer ein mutiges Modestatement setzen m\u00f6chten.<\/span> <\/p>\n","protected":false},"excerpt":{"rendered":"<p>Entdecken Sie die fantastische Kollektion von Boho-Festivalh\u00fcten aus Hanf und Baumwolle, die Ihrem Gesch\u00e4ft einen Hauch von Sommerflair verleihen! Folgen Sie dem Batik-Trend mit diesen gepatchten Boho-Festivalh\u00fcten aus Hanf und Baumwolle im Batik-Look. Die verspielte Kombination aus Farben und Mustern l\u00e4sst diese H\u00fcte aus jeder Menge hervorstechen. Ideal f\u00fcr Festivalg\u00e4nger und Freigeister, sind diese H\u00fcte [&hellip;]<\/p>\n","protected":false},"featured_media":323086,"comment_status":"closed","ping_status":"open","template":"","meta":{"_angie_page":false},"product_brand":[],"product_cat":[26614,25835],"product_tag":[],"class_list":{"0":"post-234821","1":"product","2":"type-product","3":"status-publish","4":"has-post-thumbnail","6":"product_cat-hute-und-mutzen","7":"product_cat-kleidung","8":"pa_collection-hemp-and-cotton-hats-de","9":"pa_made-in-nepal","11":"first","12":"instock","13":"purchasable","14":"product-type-simple"},"supplier_id":null,"supplier_sku":"HempH-04","barcode":null,"atum_controlled":true,"out_stock_date":null,"out_stock_threshold":null,"inheritable":false,"inbound_stock":null,"stock_on_hold":0,"sold_today":0,"sales_last_days":0,"reserved_stock":null,"customer_returns":null,"warehouse_damage":null,"lost_in_post":null,"other_logs":null,"out_stock_days":0,"lost_sales":0,"has_location":null,"update_date":"2026-05-08T05:10:48","atum_locations":[],"atum_stock_status":"instock","restock_status":false,"low_stock_amount":"","sales_update_date":"2026-01-30T01:25:45","calc_backorders":null,"_links":{"self":[{"href":"https:\/\/aromasentia.com\/de\/wp-json\/wp\/v2\/product\/234821","targetHints":{"allow":["GET"]}}],"collection":[{"href":"https:\/\/aromasentia.com\/de\/wp-json\/wp\/v2\/product"}],"about":[{"href":"https:\/\/aromasentia.com\/de\/wp-json\/wp\/v2\/types\/product"}],"replies":[{"embeddable":true,"href":"https:\/\/aromasentia.com\/de\/wp-json\/wp\/v2\/comments?post=234821"}],"version-history":[{"count":0,"href":"https:\/\/aromasentia.com\/de\/wp-json\/wp\/v2\/product\/234821\/revisions"}],"wp:featuredmedia":[{"embeddable":true,"href":"https:\/\/aromasentia.com\/de\/wp-json\/wp\/v2\/media\/323086"}],"wp:attachment":[{"href":"https:\/\/aromasentia.com\/de\/wp-json\/wp\/v2\/media?parent=234821"}],"wp:term":[{"taxonomy":"product_brand","embeddable":true,"href":"https:\/\/aromasentia.com\/de\/wp-json\/wp\/v2\/product_brand?post=234821"},{"taxonomy":"product_cat","embeddable":true,"href":"https:\/\/aromasentia.com\/de\/wp-json\/wp\/v2\/product_cat?post=234821"},{"taxonomy":"product_tag","embeddable":true,"href":"https:\/\/aromasentia.com\/de\/wp-json\/wp\/v2\/product_tag?post=234821"}],"curies":[{"name":"wp","href":"https:\/\/api.w.org\/{rel}","templated":true}]}}