{"id":234813,"date":"2025-03-21T14:44:12","date_gmt":"2025-03-21T14:44:12","guid":{"rendered":"https:\/\/aromasentia.com\/product\/hand-knited-hemp-cotton-boho-festival-hat-rainbow\/"},"modified":"2025-12-30T20:17:55","modified_gmt":"2025-12-30T20:17:55","slug":"handgestrickter-boho-festivalhut-aus-hanf-und-baumwolle-regenbogen","status":"publish","type":"product","link":"https:\/\/aromasentia.com\/de\/handgestrickter-boho-festivalhut-aus-hanf-und-baumwolle-regenbogen\/","title":{"rendered":"Handgestrickter Boho-Festivalhut aus Hanf und Baumwolle \u2013 Regenbogen"},"content":{"rendered":"<p><span style=\"color: rgb(75, 80, 88);\"><strong>Entdecken Sie die fantastische Kollektion von Boho-Festivalh\u00fcten aus Hanf und Baumwolle<\/strong>, die perfekt dazu geeignet sind, dem Sortiment Ihres Gesch\u00e4fts einen Hauch von Sommerflair zu verleihen!<\/span><\/p>\n<p><span style=\"color: rgb(75, 80, 88);\">Verleihen Sie Ihrer Sommerkollektion mit diesen <strong>handgestrickten Boho-Festivalh\u00fcten aus Hanf und Baumwolle in Regenbogenfarben<\/strong> einen Farbtupfer. Jeder Hut ist ein farbenfrohes Meisterwerk, handgestrickt, um festliche Stimmung zu verspr\u00fchen. Mit ihrer farbenfrohen Auswahl sind diese H\u00fcte perfekt f\u00fcr alle, die einen Hauch von Verspieltheit und Individualit\u00e4t suchen. Ihre Kunden werden es lieben, wie diese H\u00fcte ihr Sommeroutfit aufpeppen und Freude in jedes Festival oder jeden Strandtag bringen.<\/span> <\/p>\n","protected":false},"excerpt":{"rendered":"<p>Entdecken Sie die fantastische Kollektion von Boho-Festivalh\u00fcten aus Hanf und Baumwolle, die perfekt dazu geeignet sind, dem Sortiment Ihres Gesch\u00e4fts einen Hauch von Sommerflair zu verleihen! Verleihen Sie Ihrer Sommerkollektion mit diesen handgestrickten Boho-Festivalh\u00fcten aus Hanf und Baumwolle in Regenbogenfarben einen Farbtupfer. Jeder Hut ist ein farbenfrohes Meisterwerk, handgestrickt, um festliche Stimmung zu verspr\u00fchen. Mit [&hellip;]<\/p>\n","protected":false},"featured_media":323012,"comment_status":"closed","ping_status":"open","template":"","meta":{"_angie_page":false},"product_brand":[],"product_cat":[26614,25835],"product_tag":[],"class_list":{"0":"post-234813","1":"product","2":"type-product","3":"status-publish","4":"has-post-thumbnail","6":"product_cat-hute-und-mutzen","7":"product_cat-kleidung","8":"pa_collection-hemp-and-cotton-hats-de","9":"pa_made-in-nepal","11":"first","12":"instock","13":"purchasable","14":"product-type-simple"},"supplier_id":null,"supplier_sku":"HempH-02","barcode":null,"atum_controlled":true,"out_stock_date":null,"out_stock_threshold":null,"inheritable":false,"inbound_stock":null,"stock_on_hold":0,"sold_today":0,"sales_last_days":0,"reserved_stock":null,"customer_returns":null,"warehouse_damage":null,"lost_in_post":null,"other_logs":null,"out_stock_days":0,"lost_sales":0,"has_location":null,"update_date":"2026-05-08T05:10:48","atum_locations":[],"atum_stock_status":"instock","restock_status":false,"low_stock_amount":"","sales_update_date":"2026-01-20T05:13:40","calc_backorders":null,"_links":{"self":[{"href":"https:\/\/aromasentia.com\/de\/wp-json\/wp\/v2\/product\/234813","targetHints":{"allow":["GET"]}}],"collection":[{"href":"https:\/\/aromasentia.com\/de\/wp-json\/wp\/v2\/product"}],"about":[{"href":"https:\/\/aromasentia.com\/de\/wp-json\/wp\/v2\/types\/product"}],"replies":[{"embeddable":true,"href":"https:\/\/aromasentia.com\/de\/wp-json\/wp\/v2\/comments?post=234813"}],"version-history":[{"count":0,"href":"https:\/\/aromasentia.com\/de\/wp-json\/wp\/v2\/product\/234813\/revisions"}],"wp:featuredmedia":[{"embeddable":true,"href":"https:\/\/aromasentia.com\/de\/wp-json\/wp\/v2\/media\/323012"}],"wp:attachment":[{"href":"https:\/\/aromasentia.com\/de\/wp-json\/wp\/v2\/media?parent=234813"}],"wp:term":[{"taxonomy":"product_brand","embeddable":true,"href":"https:\/\/aromasentia.com\/de\/wp-json\/wp\/v2\/product_brand?post=234813"},{"taxonomy":"product_cat","embeddable":true,"href":"https:\/\/aromasentia.com\/de\/wp-json\/wp\/v2\/product_cat?post=234813"},{"taxonomy":"product_tag","embeddable":true,"href":"https:\/\/aromasentia.com\/de\/wp-json\/wp\/v2\/product_tag?post=234813"}],"curies":[{"name":"wp","href":"https:\/\/api.w.org\/{rel}","templated":true}]}}