{"id":234805,"date":"2025-03-21T14:44:12","date_gmt":"2025-03-21T14:44:12","guid":{"rendered":"https:\/\/aromasentia.com\/product\/extra-pure-hemp-bum-fanny-bag\/"},"modified":"2025-12-30T20:17:55","modified_gmt":"2025-12-30T20:17:55","slug":"bauchtasche-guerteltasche-aus-extra-reinem-hanf","status":"publish","type":"product","link":"https:\/\/aromasentia.com\/de\/bauchtasche-guerteltasche-aus-extra-reinem-hanf\/","title":{"rendered":"Bauchtasche\/G\u00fcrteltasche aus extra reinem Hanf"},"content":{"rendered":"<p>Die Extra Pure Hemp Bum\/Fanny Bag ist ein echtes Naturprodukt. Diese G\u00fcrteltasche ist aus 100 % reinem Hanf gefertigt und zeichnet sich durch Nachhaltigkeit und Langlebigkeit aus. Ihre robuste Konstruktion und die nat\u00fcrlichen Fasern machen sie zu einer besonders umweltfreundlichen Wahl, um Ihre wichtigsten Dinge freih\u00e4ndig zu transportieren. Sie eignet sich perfekt f\u00fcr umweltbewusste Menschen und bietet einen rustikalen, erdigen Look in Kombination mit dem praktischen Komfort einer G\u00fcrteltasche f\u00fcr all Ihre kleinen und gro\u00dfen Abenteuer, in der Ihre Sachen sicher sind.<\/p>\n","protected":false},"excerpt":{"rendered":"<p>Die Extra Pure Hemp Bum\/Fanny Bag ist ein echtes Naturprodukt. Diese G\u00fcrteltasche ist aus 100 % reinem Hanf gefertigt und zeichnet sich durch Nachhaltigkeit und Langlebigkeit aus. Ihre robuste Konstruktion und die nat\u00fcrlichen Fasern machen sie zu einer besonders umweltfreundlichen Wahl, um Ihre wichtigsten Dinge freih\u00e4ndig zu transportieren. Sie eignet sich perfekt f\u00fcr umweltbewusste Menschen [&hellip;]<\/p>\n","protected":false},"featured_media":322978,"comment_status":"closed","ping_status":"open","template":"","meta":{"_angie_page":false},"product_brand":[],"product_cat":[19724,19655],"product_tag":[],"class_list":{"0":"post-234805","1":"product","2":"type-product","3":"status-publish","4":"has-post-thumbnail","6":"product_cat-baumwolltaschen-und-slingtaschen-nepal","7":"product_cat-taschen-und-rucksaecke","8":"pa_collection-pure-hemp-and-cotton-bags-de","9":"pa_made-in-nepal","11":"first","12":"instock","13":"purchasable","14":"product-type-simple"},"supplier_id":null,"supplier_sku":"HempB-50","barcode":null,"atum_controlled":true,"out_stock_date":null,"out_stock_threshold":null,"inheritable":false,"inbound_stock":null,"stock_on_hold":0,"sold_today":0,"sales_last_days":0,"reserved_stock":null,"customer_returns":null,"warehouse_damage":null,"lost_in_post":null,"other_logs":null,"out_stock_days":0,"lost_sales":0,"has_location":null,"update_date":"2026-04-27T07:07:04","atum_locations":[],"atum_stock_status":"instock","restock_status":false,"low_stock_amount":"","sales_update_date":"2026-01-30T01:24:47","calc_backorders":null,"_links":{"self":[{"href":"https:\/\/aromasentia.com\/de\/wp-json\/wp\/v2\/product\/234805","targetHints":{"allow":["GET"]}}],"collection":[{"href":"https:\/\/aromasentia.com\/de\/wp-json\/wp\/v2\/product"}],"about":[{"href":"https:\/\/aromasentia.com\/de\/wp-json\/wp\/v2\/types\/product"}],"replies":[{"embeddable":true,"href":"https:\/\/aromasentia.com\/de\/wp-json\/wp\/v2\/comments?post=234805"}],"version-history":[{"count":0,"href":"https:\/\/aromasentia.com\/de\/wp-json\/wp\/v2\/product\/234805\/revisions"}],"wp:featuredmedia":[{"embeddable":true,"href":"https:\/\/aromasentia.com\/de\/wp-json\/wp\/v2\/media\/322978"}],"wp:attachment":[{"href":"https:\/\/aromasentia.com\/de\/wp-json\/wp\/v2\/media?parent=234805"}],"wp:term":[{"taxonomy":"product_brand","embeddable":true,"href":"https:\/\/aromasentia.com\/de\/wp-json\/wp\/v2\/product_brand?post=234805"},{"taxonomy":"product_cat","embeddable":true,"href":"https:\/\/aromasentia.com\/de\/wp-json\/wp\/v2\/product_cat?post=234805"},{"taxonomy":"product_tag","embeddable":true,"href":"https:\/\/aromasentia.com\/de\/wp-json\/wp\/v2\/product_tag?post=234805"}],"curies":[{"name":"wp","href":"https:\/\/api.w.org\/{rel}","templated":true}]}}