{"id":234801,"date":"2025-03-21T14:44:12","date_gmt":"2025-03-21T14:44:12","guid":{"rendered":"https:\/\/aromasentia.com\/product\/cotton-hemp-style-belt-or-fanny-bag-blue\/"},"modified":"2025-12-30T20:17:55","modified_gmt":"2025-12-30T20:17:55","slug":"guerteltasche-oder-bauchtasche-im-baumwollhanf-stil-blau","status":"publish","type":"product","link":"https:\/\/aromasentia.com\/de\/guerteltasche-oder-bauchtasche-im-baumwollhanf-stil-blau\/","title":{"rendered":"G\u00fcrteltasche (oder Bauchtasche) im Baumwollhanf-Stil &#8211; Blau"},"content":{"rendered":"<p>Mit dieser G\u00fcrteltasche (oder Bauchtasche) aus Baumwolle im Hanf-Stil &#8211; Blau haben Sie alles Wichtige immer dabei. Diese praktische G\u00fcrteltasche in einem vielseitigen Blauton kombiniert den l\u00e4ssigen Komfort von Baumwolle mit einer robusten, von Hanf inspirierten \u00c4sthetik. Sie kann um die Taille getragen werden und bietet sicheren Halt f\u00fcr Ihr Handy, Ihre Schl\u00fcssel und andere kleine Gegenst\u00e4nde, so dass Sie die H\u00e4nde frei haben. Sie ist ein idealer Begleiter f\u00fcr Festivals, Spazierg\u00e4nge oder den Alltag und bietet praktische Aufbewahrung mit einem Hauch von coolem, l\u00e4ssigem Stil.<\/p>\n","protected":false},"excerpt":{"rendered":"<p>Mit dieser G\u00fcrteltasche (oder Bauchtasche) aus Baumwolle im Hanf-Stil &#8211; Blau haben Sie alles Wichtige immer dabei. Diese praktische G\u00fcrteltasche in einem vielseitigen Blauton kombiniert den l\u00e4ssigen Komfort von Baumwolle mit einer robusten, von Hanf inspirierten \u00c4sthetik. Sie kann um die Taille getragen werden und bietet sicheren Halt f\u00fcr Ihr Handy, Ihre Schl\u00fcssel und andere [&hellip;]<\/p>\n","protected":false},"featured_media":322961,"comment_status":"closed","ping_status":"open","template":"","meta":{"_angie_page":false},"product_brand":[],"product_cat":[19724,19655],"product_tag":[],"class_list":{"0":"post-234801","1":"product","2":"type-product","3":"status-publish","4":"has-post-thumbnail","6":"product_cat-baumwolltaschen-und-slingtaschen-nepal","7":"product_cat-taschen-und-rucksaecke","8":"pa_collection-pure-hemp-and-cotton-bags-de","9":"pa_made-in-nepal","11":"first","12":"instock","13":"purchasable","14":"product-type-simple"},"supplier_id":null,"supplier_sku":"HempB-49","barcode":null,"atum_controlled":true,"out_stock_date":null,"out_stock_threshold":null,"inheritable":false,"inbound_stock":null,"stock_on_hold":0,"sold_today":0,"sales_last_days":0,"reserved_stock":null,"customer_returns":null,"warehouse_damage":null,"lost_in_post":null,"other_logs":null,"out_stock_days":0,"lost_sales":0,"has_location":null,"update_date":"2026-05-08T05:10:48","atum_locations":[],"atum_stock_status":"instock","restock_status":false,"low_stock_amount":"","sales_update_date":"2026-01-30T01:24:31","calc_backorders":null,"_links":{"self":[{"href":"https:\/\/aromasentia.com\/de\/wp-json\/wp\/v2\/product\/234801","targetHints":{"allow":["GET"]}}],"collection":[{"href":"https:\/\/aromasentia.com\/de\/wp-json\/wp\/v2\/product"}],"about":[{"href":"https:\/\/aromasentia.com\/de\/wp-json\/wp\/v2\/types\/product"}],"replies":[{"embeddable":true,"href":"https:\/\/aromasentia.com\/de\/wp-json\/wp\/v2\/comments?post=234801"}],"version-history":[{"count":0,"href":"https:\/\/aromasentia.com\/de\/wp-json\/wp\/v2\/product\/234801\/revisions"}],"wp:featuredmedia":[{"embeddable":true,"href":"https:\/\/aromasentia.com\/de\/wp-json\/wp\/v2\/media\/322961"}],"wp:attachment":[{"href":"https:\/\/aromasentia.com\/de\/wp-json\/wp\/v2\/media?parent=234801"}],"wp:term":[{"taxonomy":"product_brand","embeddable":true,"href":"https:\/\/aromasentia.com\/de\/wp-json\/wp\/v2\/product_brand?post=234801"},{"taxonomy":"product_cat","embeddable":true,"href":"https:\/\/aromasentia.com\/de\/wp-json\/wp\/v2\/product_cat?post=234801"},{"taxonomy":"product_tag","embeddable":true,"href":"https:\/\/aromasentia.com\/de\/wp-json\/wp\/v2\/product_tag?post=234801"}],"curies":[{"name":"wp","href":"https:\/\/api.w.org\/{rel}","templated":true}]}}