{"id":234797,"date":"2025-03-21T14:44:12","date_gmt":"2025-03-21T14:44:12","guid":{"rendered":"https:\/\/aromasentia.com\/product\/cotton-hemp-style-belt-or-fanny-bag-wine\/"},"modified":"2025-12-30T20:17:55","modified_gmt":"2025-12-30T20:17:55","slug":"guerteltasche-oder-bauchtasche-im-baumwoll-hanf-stil-weinrot","status":"publish","type":"product","link":"https:\/\/aromasentia.com\/de\/guerteltasche-oder-bauchtasche-im-baumwoll-hanf-stil-weinrot\/","title":{"rendered":"G\u00fcrteltasche (oder Bauchtasche) im Baumwoll-Hanf-Stil &#8211; Weinrot"},"content":{"rendered":"<p>Entscheiden Sie sich f\u00fcr praktischen Stil mit dieser G\u00fcrteltasche (oder Bauchtasche) aus Baumwolle im Hanf-Stil &#8211; Wein. Diese vielseitige G\u00fcrteltasche in sattem Weinrot ist aus einer bequemen Baumwollmischung mit einem haltbaren hanf\u00e4hnlichen Aussehen gefertigt. Sie bietet eine sichere und bequeme M\u00f6glichkeit, kleine Dinge freih\u00e4ndig zu transportieren, perfekt f\u00fcr Ausfl\u00fcge, Reisen oder den t\u00e4glichen Gebrauch. Die satte weinrote Farbe verleiht diesem funktionalen und \u00f6kologisch inspirierten Accessoire einen Hauch von raffinierter Farbe f\u00fcr unterwegs.<\/p>\n","protected":false},"excerpt":{"rendered":"<p>Entscheiden Sie sich f\u00fcr praktischen Stil mit dieser G\u00fcrteltasche (oder Bauchtasche) aus Baumwolle im Hanf-Stil &#8211; Wein. Diese vielseitige G\u00fcrteltasche in sattem Weinrot ist aus einer bequemen Baumwollmischung mit einem haltbaren hanf\u00e4hnlichen Aussehen gefertigt. Sie bietet eine sichere und bequeme M\u00f6glichkeit, kleine Dinge freih\u00e4ndig zu transportieren, perfekt f\u00fcr Ausfl\u00fcge, Reisen oder den t\u00e4glichen Gebrauch. Die [&hellip;]<\/p>\n","protected":false},"featured_media":322944,"comment_status":"closed","ping_status":"open","template":"","meta":{"_angie_page":false},"product_brand":[],"product_cat":[19724,19655],"product_tag":[],"class_list":{"0":"post-234797","1":"product","2":"type-product","3":"status-publish","4":"has-post-thumbnail","6":"product_cat-baumwolltaschen-und-slingtaschen-nepal","7":"product_cat-taschen-und-rucksaecke","8":"pa_collection-pure-hemp-and-cotton-bags-de","9":"pa_made-in-nepal","11":"first","12":"instock","13":"purchasable","14":"product-type-simple"},"supplier_id":null,"supplier_sku":"HempB-48","barcode":null,"atum_controlled":true,"out_stock_date":null,"out_stock_threshold":null,"inheritable":false,"inbound_stock":null,"stock_on_hold":0,"sold_today":0,"sales_last_days":0,"reserved_stock":null,"customer_returns":null,"warehouse_damage":null,"lost_in_post":null,"other_logs":null,"out_stock_days":0,"lost_sales":0,"has_location":null,"update_date":"2026-05-04T00:03:56","atum_locations":[],"atum_stock_status":"instock","restock_status":false,"low_stock_amount":"","sales_update_date":"2026-01-30T01:25:49","calc_backorders":null,"_links":{"self":[{"href":"https:\/\/aromasentia.com\/de\/wp-json\/wp\/v2\/product\/234797","targetHints":{"allow":["GET"]}}],"collection":[{"href":"https:\/\/aromasentia.com\/de\/wp-json\/wp\/v2\/product"}],"about":[{"href":"https:\/\/aromasentia.com\/de\/wp-json\/wp\/v2\/types\/product"}],"replies":[{"embeddable":true,"href":"https:\/\/aromasentia.com\/de\/wp-json\/wp\/v2\/comments?post=234797"}],"version-history":[{"count":0,"href":"https:\/\/aromasentia.com\/de\/wp-json\/wp\/v2\/product\/234797\/revisions"}],"wp:featuredmedia":[{"embeddable":true,"href":"https:\/\/aromasentia.com\/de\/wp-json\/wp\/v2\/media\/322944"}],"wp:attachment":[{"href":"https:\/\/aromasentia.com\/de\/wp-json\/wp\/v2\/media?parent=234797"}],"wp:term":[{"taxonomy":"product_brand","embeddable":true,"href":"https:\/\/aromasentia.com\/de\/wp-json\/wp\/v2\/product_brand?post=234797"},{"taxonomy":"product_cat","embeddable":true,"href":"https:\/\/aromasentia.com\/de\/wp-json\/wp\/v2\/product_cat?post=234797"},{"taxonomy":"product_tag","embeddable":true,"href":"https:\/\/aromasentia.com\/de\/wp-json\/wp\/v2\/product_tag?post=234797"}],"curies":[{"name":"wp","href":"https:\/\/api.w.org\/{rel}","templated":true}]}}