{"id":234793,"date":"2025-03-21T14:44:12","date_gmt":"2025-03-21T14:44:12","guid":{"rendered":"https:\/\/aromasentia.com\/product\/cotton-hemp-style-belt-or-fanny-bag-sage\/"},"modified":"2025-12-30T20:17:55","modified_gmt":"2025-12-30T20:17:55","slug":"guerteltasche-oder-bauchtasche-im-hanf-baumwoll-stil-salbei","status":"publish","type":"product","link":"https:\/\/aromasentia.com\/de\/guerteltasche-oder-bauchtasche-im-hanf-baumwoll-stil-salbei\/","title":{"rendered":"G\u00fcrteltasche (oder Bauchtasche) im Hanf-Baumwoll-Stil &#8211; Salbei"},"content":{"rendered":"<p>Mit dieser G\u00fcrteltasche (oder Bauchtasche) aus Baumwolle im Hanf-Stil &#8211; Salbei &#8211; k\u00f6nnen Sie Ihre wichtigsten Utensilien bequem transportieren. Diese funktionelle G\u00fcrteltasche in einem beruhigenden Salbeigr\u00fcn bietet eine Mischung aus Baumwollkomfort und hanf\u00e4hnlicher Haltbarkeit. Sie kann um die Taille getragen werden und h\u00e4lt Ihr Telefon, Ihre Brieftasche und Ihre Schl\u00fcssel sicher und griffbereit. Sie ist ideal f\u00fcr aktive Tage, Reisen oder wann immer Sie die H\u00e4nde frei haben m\u00f6chten. Sie kombiniert praktisches Design mit einem Hauch von erdiger, nat\u00fcrlicher Farbe.<\/p>\n","protected":false},"excerpt":{"rendered":"<p>Mit dieser G\u00fcrteltasche (oder Bauchtasche) aus Baumwolle im Hanf-Stil &#8211; Salbei &#8211; k\u00f6nnen Sie Ihre wichtigsten Utensilien bequem transportieren. Diese funktionelle G\u00fcrteltasche in einem beruhigenden Salbeigr\u00fcn bietet eine Mischung aus Baumwollkomfort und hanf\u00e4hnlicher Haltbarkeit. Sie kann um die Taille getragen werden und h\u00e4lt Ihr Telefon, Ihre Brieftasche und Ihre Schl\u00fcssel sicher und griffbereit. Sie ist [&hellip;]<\/p>\n","protected":false},"featured_media":322927,"comment_status":"closed","ping_status":"open","template":"","meta":{"_angie_page":false},"product_brand":[],"product_cat":[19724,19655],"product_tag":[],"class_list":{"0":"post-234793","1":"product","2":"type-product","3":"status-publish","4":"has-post-thumbnail","6":"product_cat-baumwolltaschen-und-slingtaschen-nepal","7":"product_cat-taschen-und-rucksaecke","8":"pa_collection-pure-hemp-and-cotton-bags-de","9":"pa_made-in-nepal","11":"first","12":"instock","13":"purchasable","14":"product-type-simple"},"supplier_id":null,"supplier_sku":"HempB-47","barcode":null,"atum_controlled":true,"out_stock_date":null,"out_stock_threshold":null,"inheritable":false,"inbound_stock":null,"stock_on_hold":0,"sold_today":0,"sales_last_days":0,"reserved_stock":null,"customer_returns":null,"warehouse_damage":null,"lost_in_post":null,"other_logs":null,"out_stock_days":0,"lost_sales":0,"has_location":null,"update_date":"2026-04-27T07:07:04","atum_locations":[],"atum_stock_status":"instock","restock_status":false,"low_stock_amount":"","sales_update_date":"2026-01-30T01:24:48","calc_backorders":null,"_links":{"self":[{"href":"https:\/\/aromasentia.com\/de\/wp-json\/wp\/v2\/product\/234793","targetHints":{"allow":["GET"]}}],"collection":[{"href":"https:\/\/aromasentia.com\/de\/wp-json\/wp\/v2\/product"}],"about":[{"href":"https:\/\/aromasentia.com\/de\/wp-json\/wp\/v2\/types\/product"}],"replies":[{"embeddable":true,"href":"https:\/\/aromasentia.com\/de\/wp-json\/wp\/v2\/comments?post=234793"}],"version-history":[{"count":0,"href":"https:\/\/aromasentia.com\/de\/wp-json\/wp\/v2\/product\/234793\/revisions"}],"wp:featuredmedia":[{"embeddable":true,"href":"https:\/\/aromasentia.com\/de\/wp-json\/wp\/v2\/media\/322927"}],"wp:attachment":[{"href":"https:\/\/aromasentia.com\/de\/wp-json\/wp\/v2\/media?parent=234793"}],"wp:term":[{"taxonomy":"product_brand","embeddable":true,"href":"https:\/\/aromasentia.com\/de\/wp-json\/wp\/v2\/product_brand?post=234793"},{"taxonomy":"product_cat","embeddable":true,"href":"https:\/\/aromasentia.com\/de\/wp-json\/wp\/v2\/product_cat?post=234793"},{"taxonomy":"product_tag","embeddable":true,"href":"https:\/\/aromasentia.com\/de\/wp-json\/wp\/v2\/product_tag?post=234793"}],"curies":[{"name":"wp","href":"https:\/\/api.w.org\/{rel}","templated":true}]}}