{"id":234769,"date":"2025-03-21T14:44:18","date_gmt":"2025-03-21T14:44:18","guid":{"rendered":"https:\/\/aromasentia.com\/product\/jacquard-bag-chocolate-backpack\/"},"modified":"2025-12-30T20:17:48","modified_gmt":"2025-12-30T20:17:48","slug":"jacquard-rucksack-braun","status":"publish","type":"product","link":"https:\/\/aromasentia.com\/de\/jacquard-rucksack-braun\/","title":{"rendered":"Jacquard-Rucksack braun"},"content":{"rendered":"<p>Dieser Rucksack aus ethnischem Jacquardstoff ist f\u00fcr Weltreisende, die einfach wissen, wie man an jedem Ort cool aussieht.&nbsp;<\/p>\n<p>Qualit\u00e4t und Funktionalit\u00e4t sind die Hauptmerkmale dieses Freizeitrucksacks.&nbsp;<\/p>\n<p>Sehr gut verarbeitet mit vielen Details, darunter Baumwollfutter, Rei\u00dfverschl\u00fcsse und Taschen.&nbsp;<\/p>\n","protected":false},"excerpt":{"rendered":"<p>Dieser Rucksack aus ethnischem Jacquardstoff ist f\u00fcr Weltreisende, die einfach wissen, wie man an jedem Ort cool aussieht.&nbsp; Qualit\u00e4t und Funktionalit\u00e4t sind die Hauptmerkmale dieses Freizeitrucksacks.&nbsp; Sehr gut verarbeitet mit vielen Details, darunter Baumwollfutter, Rei\u00dfverschl\u00fcsse und Taschen.&nbsp;<\/p>\n","protected":false},"featured_media":323811,"comment_status":"closed","ping_status":"open","template":"","meta":[],"product_brand":[],"product_cat":[19654,25826,19655],"product_tag":[],"class_list":{"0":"post-234769","1":"product","2":"type-product","3":"status-publish","4":"has-post-thumbnail","6":"product_cat-oekologische-taschen","7":"product_cat-rucksacke","8":"product_cat-taschen-und-rucksaecke","9":"pa_collection-casual-bags-nepal-style-de","10":"pa_made-in-indien","12":"first","13":"outofstock","14":"purchasable","15":"product-type-simple"},"supplier_id":null,"supplier_sku":"JNS-02","barcode":null,"atum_controlled":true,"out_stock_date":"2025-10-30 16:49:47","out_stock_threshold":null,"inheritable":false,"inbound_stock":null,"stock_on_hold":0,"sold_today":0,"sales_last_days":0,"reserved_stock":null,"customer_returns":null,"warehouse_damage":null,"lost_in_post":null,"other_logs":null,"out_stock_days":91,"lost_sales":0,"has_location":null,"update_date":"2026-01-30T01:24:20","atum_locations":[],"atum_stock_status":"outofstock","restock_status":false,"low_stock_amount":"","sales_update_date":"2026-01-30T01:24:20","calc_backorders":null,"_links":{"self":[{"href":"https:\/\/aromasentia.com\/de\/wp-json\/wp\/v2\/product\/234769","targetHints":{"allow":["GET"]}}],"collection":[{"href":"https:\/\/aromasentia.com\/de\/wp-json\/wp\/v2\/product"}],"about":[{"href":"https:\/\/aromasentia.com\/de\/wp-json\/wp\/v2\/types\/product"}],"replies":[{"embeddable":true,"href":"https:\/\/aromasentia.com\/de\/wp-json\/wp\/v2\/comments?post=234769"}],"version-history":[{"count":0,"href":"https:\/\/aromasentia.com\/de\/wp-json\/wp\/v2\/product\/234769\/revisions"}],"wp:featuredmedia":[{"embeddable":true,"href":"https:\/\/aromasentia.com\/de\/wp-json\/wp\/v2\/media\/323811"}],"wp:attachment":[{"href":"https:\/\/aromasentia.com\/de\/wp-json\/wp\/v2\/media?parent=234769"}],"wp:term":[{"taxonomy":"product_brand","embeddable":true,"href":"https:\/\/aromasentia.com\/de\/wp-json\/wp\/v2\/product_brand?post=234769"},{"taxonomy":"product_cat","embeddable":true,"href":"https:\/\/aromasentia.com\/de\/wp-json\/wp\/v2\/product_cat?post=234769"},{"taxonomy":"product_tag","embeddable":true,"href":"https:\/\/aromasentia.com\/de\/wp-json\/wp\/v2\/product_tag?post=234769"}],"curies":[{"name":"wp","href":"https:\/\/api.w.org\/{rel}","templated":true}]}}