{"id":234729,"date":"2025-03-21T14:44:18","date_gmt":"2025-03-21T14:44:18","guid":{"rendered":"https:\/\/aromasentia.com\/product\/hop-hare-tote-bag-i-am-magical-10oz-cotton-canvas\/"},"modified":"2025-12-30T20:17:40","modified_gmt":"2025-12-30T20:17:40","slug":"hop-hare-tragetasche-ich-bin-magisch-10oz-baumwoll-canvas","status":"publish","type":"product","link":"https:\/\/aromasentia.com\/de\/hop-hare-tragetasche-ich-bin-magisch-10oz-baumwoll-canvas\/","title":{"rendered":"Hop Hare Tragetasche &#8211; Ich bin magisch &#8211; 10oz Baumwoll-Canvas"},"content":{"rendered":"<p><strong><span style=\"color: rgb(75, 80, 88);\">Lassen Sie sich mit der Baumwoll-Tarottasche \u201eI Am Magical\u201c verzaubern.<\/span><\/strong><\/p>\n<p><span style=\"color: rgb(75, 80, 88);\">Diese mit mystischer Tarotkunst verzierte Tasche f\u00e4ngt die Essenz von Magie und Mysterium ein. Es ist perfekt f\u00fcr diejenigen, die sich mit mystischen K\u00fcnsten besch\u00e4ftigen oder f\u00fcr jeden, der seinem Alltag einen Hauch von Magie verleihen m\u00f6chte.<\/span><\/p>\n<p><span style=\"color: rgb(75, 80, 88);\"><strong>Perfekt f\u00fcr metaphysische L\u00e4den, ganzheitliche Zentren und alle Einzelhandelsfl\u00e4chen, die Produkte anbieten m\u00f6chten, die Stil, Spiritualit\u00e4t und Nachhaltigkeit vereinen.<\/strong><\/span><\/p>\n<p><span style=\"color: rgb(75, 80, 88);\"><strong>Abmessungen:<\/strong><\/span><\/p>\n<p><span style=\"color: rgb(75, 80, 88);\">H\u00f6he: 42 cm<\/span><\/p>\n<p><span style=\"color: rgb(75, 80, 88);\">L\u00e4nge: 39 cm<\/span><\/p>\n<p><span style=\"color: rgb(75, 80, 88);\">Breite: 13 cm<\/span><\/p>\n<p><span style=\"color: rgb(75, 80, 88);\">Griffl\u00e4nge: 30 cm<\/span><\/p>\n","protected":false},"excerpt":{"rendered":"<p>Lassen Sie sich mit der Baumwoll-Tarottasche \u201eI Am Magical\u201c verzaubern. Diese mit mystischer Tarotkunst verzierte Tasche f\u00e4ngt die Essenz von Magie und Mysterium ein. Es ist perfekt f\u00fcr diejenigen, die sich mit mystischen K\u00fcnsten besch\u00e4ftigen oder f\u00fcr jeden, der seinem Alltag einen Hauch von Magie verleihen m\u00f6chte. Perfekt f\u00fcr metaphysische L\u00e4den, ganzheitliche Zentren und alle [&hellip;]<\/p>\n","protected":false},"featured_media":323617,"comment_status":"closed","ping_status":"open","template":"","meta":{"_angie_page":false},"product_brand":[27112],"product_cat":[19654,19655],"product_tag":[],"class_list":{"0":"post-234729","1":"product","2":"type-product","3":"status-publish","4":"has-post-thumbnail","6":"product_brand-hop-hare","7":"product_cat-oekologische-taschen","8":"product_cat-taschen-und-rucksaecke","9":"pa_collection-hop-hare-tarot-cotton-bags-de","10":"pa_made-in-indien","12":"first","13":"instock","14":"purchasable","15":"product-type-simple"},"supplier_id":null,"supplier_sku":"HHTB-03","barcode":null,"atum_controlled":true,"out_stock_date":null,"out_stock_threshold":null,"inheritable":false,"inbound_stock":null,"stock_on_hold":0,"sold_today":0,"sales_last_days":0,"reserved_stock":null,"customer_returns":null,"warehouse_damage":null,"lost_in_post":null,"other_logs":null,"out_stock_days":0,"lost_sales":0,"has_location":null,"update_date":"2026-05-02T03:18:25","atum_locations":[],"atum_stock_status":"instock","restock_status":false,"low_stock_amount":"","sales_update_date":"2026-02-06T00:02:37","calc_backorders":null,"_links":{"self":[{"href":"https:\/\/aromasentia.com\/de\/wp-json\/wp\/v2\/product\/234729","targetHints":{"allow":["GET"]}}],"collection":[{"href":"https:\/\/aromasentia.com\/de\/wp-json\/wp\/v2\/product"}],"about":[{"href":"https:\/\/aromasentia.com\/de\/wp-json\/wp\/v2\/types\/product"}],"replies":[{"embeddable":true,"href":"https:\/\/aromasentia.com\/de\/wp-json\/wp\/v2\/comments?post=234729"}],"version-history":[{"count":0,"href":"https:\/\/aromasentia.com\/de\/wp-json\/wp\/v2\/product\/234729\/revisions"}],"wp:featuredmedia":[{"embeddable":true,"href":"https:\/\/aromasentia.com\/de\/wp-json\/wp\/v2\/media\/323617"}],"wp:attachment":[{"href":"https:\/\/aromasentia.com\/de\/wp-json\/wp\/v2\/media?parent=234729"}],"wp:term":[{"taxonomy":"product_brand","embeddable":true,"href":"https:\/\/aromasentia.com\/de\/wp-json\/wp\/v2\/product_brand?post=234729"},{"taxonomy":"product_cat","embeddable":true,"href":"https:\/\/aromasentia.com\/de\/wp-json\/wp\/v2\/product_cat?post=234729"},{"taxonomy":"product_tag","embeddable":true,"href":"https:\/\/aromasentia.com\/de\/wp-json\/wp\/v2\/product_tag?post=234729"}],"curies":[{"name":"wp","href":"https:\/\/api.w.org\/{rel}","templated":true}]}}