{"id":234717,"date":"2025-03-21T14:44:18","date_gmt":"2025-03-21T14:44:18","guid":{"rendered":"https:\/\/aromasentia.com\/product\/hop-hare-pouch-i-am-rare\/"},"modified":"2025-12-30T20:17:40","modified_gmt":"2025-12-30T20:17:40","slug":"hop-hare-beutel-ich-bin-selten","status":"publish","type":"product","link":"https:\/\/aromasentia.com\/de\/hop-hare-beutel-ich-bin-selten\/","title":{"rendered":"Hop Hare Beutel &#8211; Ich bin selten"},"content":{"rendered":"<p><span style=\"color: rgb(75, 80, 88);\"><strong>Feiern Sie Einzigartigkeit mit dem Hop Hare Pouch \u201eI Am Rare\u201c.<\/strong><\/span><\/p>\n<p><span style=\"color: rgb(75, 80, 88);\">Heben Sie sich mit diesem unverwechselbar gestalteten Beutel ab, der Individualit\u00e4t und Au\u00dfergew\u00f6hnlichkeit ausdr\u00fcckt. Perfekt f\u00fcr alle, die bei ihren Accessoires Wert auf Originalit\u00e4t und Nachhaltigkeit legen.<\/span><\/p>\n<p><span style=\"color: rgb(75, 80, 88);\">Gruppieren Sie ihn mit Badeprodukten f\u00fcr einen Korb im Spa-Stil, f\u00fcllen Sie ihn mit S\u00fc\u00dfigkeiten und Schokolade f\u00fcr ein Muntermachergeschenk oder kombinieren Sie ihn mit einem motivierenden Buch oder Tagebuch. &nbsp;Die M\u00f6glichkeiten sind endlos! &nbsp;<\/span><\/p>\n<p><span style=\"color: rgb(75, 80, 88);\"><strong>Abmessungen:<\/strong><\/span><\/p>\n<p><span style=\"color: rgb(75, 80, 88);\">19 x 12 x 4,5 cm<\/span><\/p>\n","protected":false},"excerpt":{"rendered":"<p>Feiern Sie Einzigartigkeit mit dem Hop Hare Pouch \u201eI Am Rare\u201c. Heben Sie sich mit diesem unverwechselbar gestalteten Beutel ab, der Individualit\u00e4t und Au\u00dfergew\u00f6hnlichkeit ausdr\u00fcckt. Perfekt f\u00fcr alle, die bei ihren Accessoires Wert auf Originalit\u00e4t und Nachhaltigkeit legen. Gruppieren Sie ihn mit Badeprodukten f\u00fcr einen Korb im Spa-Stil, f\u00fcllen Sie ihn mit S\u00fc\u00dfigkeiten und Schokolade [&hellip;]<\/p>\n","protected":false},"featured_media":323534,"comment_status":"closed","ping_status":"open","template":"","meta":{"_angie_page":false},"product_brand":[27112],"product_cat":[19654,19655],"product_tag":[],"class_list":{"0":"post-234717","1":"product","2":"type-product","3":"status-publish","4":"has-post-thumbnail","6":"product_brand-hop-hare","7":"product_cat-oekologische-taschen","8":"product_cat-taschen-und-rucksaecke","9":"pa_collection-hop-hare-pouches-de","10":"pa_made-in-indien","12":"first","13":"instock","14":"purchasable","15":"product-type-simple"},"supplier_id":null,"supplier_sku":"HHP-07","barcode":null,"atum_controlled":true,"out_stock_date":null,"out_stock_threshold":null,"inheritable":false,"inbound_stock":null,"stock_on_hold":0,"sold_today":0,"sales_last_days":0,"reserved_stock":null,"customer_returns":null,"warehouse_damage":null,"lost_in_post":null,"other_logs":null,"out_stock_days":0,"lost_sales":0,"has_location":null,"update_date":"2026-04-30T06:45:29","atum_locations":[],"atum_stock_status":"instock","restock_status":false,"low_stock_amount":"","sales_update_date":"2025-09-05T00:23:08","calc_backorders":null,"_links":{"self":[{"href":"https:\/\/aromasentia.com\/de\/wp-json\/wp\/v2\/product\/234717","targetHints":{"allow":["GET"]}}],"collection":[{"href":"https:\/\/aromasentia.com\/de\/wp-json\/wp\/v2\/product"}],"about":[{"href":"https:\/\/aromasentia.com\/de\/wp-json\/wp\/v2\/types\/product"}],"replies":[{"embeddable":true,"href":"https:\/\/aromasentia.com\/de\/wp-json\/wp\/v2\/comments?post=234717"}],"version-history":[{"count":0,"href":"https:\/\/aromasentia.com\/de\/wp-json\/wp\/v2\/product\/234717\/revisions"}],"wp:featuredmedia":[{"embeddable":true,"href":"https:\/\/aromasentia.com\/de\/wp-json\/wp\/v2\/media\/323534"}],"wp:attachment":[{"href":"https:\/\/aromasentia.com\/de\/wp-json\/wp\/v2\/media?parent=234717"}],"wp:term":[{"taxonomy":"product_brand","embeddable":true,"href":"https:\/\/aromasentia.com\/de\/wp-json\/wp\/v2\/product_brand?post=234717"},{"taxonomy":"product_cat","embeddable":true,"href":"https:\/\/aromasentia.com\/de\/wp-json\/wp\/v2\/product_cat?post=234717"},{"taxonomy":"product_tag","embeddable":true,"href":"https:\/\/aromasentia.com\/de\/wp-json\/wp\/v2\/product_tag?post=234717"}],"curies":[{"name":"wp","href":"https:\/\/api.w.org\/{rel}","templated":true}]}}