{"id":234489,"date":"2025-03-21T14:44:35","date_gmt":"2025-03-21T14:44:35","guid":{"rendered":"https:\/\/aromasentia.com\/product\/lime-orange-mandela-sarong\/"},"modified":"2025-12-30T20:16:52","modified_gmt":"2025-12-30T20:16:52","slug":"mandela-sarong-lindgruen-orange","status":"publish","type":"product","link":"https:\/\/aromasentia.com\/de\/mandela-sarong-lindgruen-orange\/","title":{"rendered":"Mandela Sarong &#8211; Lindgr\u00fcn &#038; Orange"},"content":{"rendered":"<p>Diese Sarongs haben die perfekte Gr\u00f6\u00dfe, um sie um die Taille zu wickeln. Sie sind sowohl sportlich als auch elegant und eignen sich perfekt f\u00fcr jeden Anlass, insbesondere als Strandaccessoire.<\/p>\n<p><\/p>\n<p>Mit dem nahenden Sommer und den k\u00fchlen Abenden sind diese Sarongs eine echte Hilfe: Sie sind leicht, tragbar und modisch.<\/p>\n<p>Bali Mandala Sarongs gibt es in f\u00fcnf verschiedenen, tollen Designs. Das Material der Schals\/Sarongs besteht aus 100 % Viskose.<\/p>\n<p><\/p>\n<p>Gr\u00f6\u00dfe: L\u00e4nge 140 cm, Breite 100 cm<\/p>\n","protected":false},"excerpt":{"rendered":"<p>Diese Sarongs haben die perfekte Gr\u00f6\u00dfe, um sie um die Taille zu wickeln. Sie sind sowohl sportlich als auch elegant und eignen sich perfekt f\u00fcr jeden Anlass, insbesondere als Strandaccessoire. Mit dem nahenden Sommer und den k\u00fchlen Abenden sind diese Sarongs eine echte Hilfe: Sie sind leicht, tragbar und modisch. Bali Mandala Sarongs gibt es [&hellip;]<\/p>\n","protected":false},"featured_media":325338,"comment_status":"closed","ping_status":"open","template":"","meta":{"_angie_page":false},"product_brand":[],"product_cat":[25835,26617],"product_tag":[],"class_list":{"0":"post-234489","1":"product","2":"type-product","3":"status-publish","4":"has-post-thumbnail","6":"product_cat-kleidung","7":"product_cat-sarongs","8":"pa_collection-mandala-sarongs-de","9":"pa_made-in-indonesien","11":"first","12":"instock","13":"purchasable","14":"product-type-simple"},"supplier_id":null,"supplier_sku":"MANT-06","barcode":null,"atum_controlled":true,"out_stock_date":null,"out_stock_threshold":null,"inheritable":false,"inbound_stock":null,"stock_on_hold":0,"sold_today":0,"sales_last_days":0,"reserved_stock":null,"customer_returns":null,"warehouse_damage":null,"lost_in_post":null,"other_logs":null,"out_stock_days":0,"lost_sales":0,"has_location":null,"update_date":"2026-02-02T20:18:56","atum_locations":[],"atum_stock_status":"instock","restock_status":false,"low_stock_amount":"","sales_update_date":"2025-09-05T00:23:19","calc_backorders":null,"_links":{"self":[{"href":"https:\/\/aromasentia.com\/de\/wp-json\/wp\/v2\/product\/234489","targetHints":{"allow":["GET"]}}],"collection":[{"href":"https:\/\/aromasentia.com\/de\/wp-json\/wp\/v2\/product"}],"about":[{"href":"https:\/\/aromasentia.com\/de\/wp-json\/wp\/v2\/types\/product"}],"replies":[{"embeddable":true,"href":"https:\/\/aromasentia.com\/de\/wp-json\/wp\/v2\/comments?post=234489"}],"version-history":[{"count":0,"href":"https:\/\/aromasentia.com\/de\/wp-json\/wp\/v2\/product\/234489\/revisions"}],"wp:featuredmedia":[{"embeddable":true,"href":"https:\/\/aromasentia.com\/de\/wp-json\/wp\/v2\/media\/325338"}],"wp:attachment":[{"href":"https:\/\/aromasentia.com\/de\/wp-json\/wp\/v2\/media?parent=234489"}],"wp:term":[{"taxonomy":"product_brand","embeddable":true,"href":"https:\/\/aromasentia.com\/de\/wp-json\/wp\/v2\/product_brand?post=234489"},{"taxonomy":"product_cat","embeddable":true,"href":"https:\/\/aromasentia.com\/de\/wp-json\/wp\/v2\/product_cat?post=234489"},{"taxonomy":"product_tag","embeddable":true,"href":"https:\/\/aromasentia.com\/de\/wp-json\/wp\/v2\/product_tag?post=234489"}],"curies":[{"name":"wp","href":"https:\/\/api.w.org\/{rel}","templated":true}]}}