{"id":234461,"date":"2025-03-21T14:44:41","date_gmt":"2025-03-21T14:44:41","guid":{"rendered":"https:\/\/aromasentia.com\/product\/lrg-nepal-sling-bag-adjustable-strap-sunrise-orange\/"},"modified":"2025-12-30T20:16:52","modified_gmt":"2025-12-30T20:16:52","slug":"grosse-nepal-schultertasche-verstellbarer-riemen-sonnenaufgangsorange","status":"publish","type":"product","link":"https:\/\/aromasentia.com\/de\/grosse-nepal-schultertasche-verstellbarer-riemen-sonnenaufgangsorange\/","title":{"rendered":"Gro\u00dfe Nepal-Schultertasche (verstellbarer Riemen) \u2013 Sonnenaufgangsorange"},"content":{"rendered":"<h5><strong>Gro\u00dfhandel Nepal Sling Bag &#8211; Sunrise Orange<\/strong><\/h5>\n<p>Diese Tasche ist perfekt f\u00fcr den t\u00e4glichen Gebrauch geeignet und wird Ihre Kunden \u00fcberall auffallen. Der verstellbare Gurt sorgt f\u00fcr angenehmen Tragekomfort, und die vielen F\u00e4cher sorgen f\u00fcr Ordnung. Die Au\u00dfentasche eignet sich perfekt f\u00fcr kleine Gegenst\u00e4nde, auf die Sie schnell zugreifen m\u00fcssen, wie z. B. Ihr Telefon oder Ihre Schl\u00fcssel. Das Hauptfach ist gro\u00df genug, um alle wichtigen Dinge wie Geldb\u00f6rse und Sonnenbrille zu verstauen.<\/p>\n<p><strong>Farbe:<\/strong> Sunrise Orange<\/p>\n<p><strong>Verstellbarer Gurt:<\/strong> ca. 60cm &#8211; 118 cm<\/p>\n<p>Rei\u00dfverschluss<\/p>\n<p>Ein Hauptfach<\/p>\n<p>Ein Au\u00dfenfach<\/p>\n<p><strong>Abmessungen:&nbsp;<\/strong>25 cm breit, 26cm hoch und 7cm tief<\/p>\n<p><strong>Material:<\/strong> Baumwolle<\/p>\n<p>Mit der Nepal Sling Bag &#8211; Sunrise Orange k\u00f6nnen Sie Ihren Kunden ein trendiges und praktisches Produkt anbieten. Seine einzigartige Mischung aus Stil, Nachhaltigkeit und Funktionalit\u00e4t macht ihn zu einer wertvollen Erg\u00e4nzung f\u00fcr jedes Gesch\u00e4ft, das der Zeit voraus sein will.<\/p>\n","protected":false},"excerpt":{"rendered":"<p>Gro\u00dfhandel Nepal Sling Bag &#8211; Sunrise Orange Diese Tasche ist perfekt f\u00fcr den t\u00e4glichen Gebrauch geeignet und wird Ihre Kunden \u00fcberall auffallen. Der verstellbare Gurt sorgt f\u00fcr angenehmen Tragekomfort, und die vielen F\u00e4cher sorgen f\u00fcr Ordnung. Die Au\u00dfentasche eignet sich perfekt f\u00fcr kleine Gegenst\u00e4nde, auf die Sie schnell zugreifen m\u00fcssen, wie z. B. Ihr Telefon [&hellip;]<\/p>\n","protected":false},"featured_media":326075,"comment_status":"closed","ping_status":"open","template":"","meta":{"_angie_page":false},"product_brand":[],"product_cat":[19724,26077,19655],"product_tag":[],"class_list":{"0":"post-234461","1":"product","2":"type-product","3":"status-publish","4":"has-post-thumbnail","6":"product_cat-baumwolltaschen-und-slingtaschen-nepal","7":"product_cat-sling-bags","8":"product_cat-taschen-und-rucksaecke","9":"pa_collection-nepal-sling-bags-de","10":"pa_made-in-indien","12":"first","13":"instock","14":"purchasable","15":"product-type-simple"},"supplier_id":null,"supplier_sku":"NSBag-14","barcode":null,"atum_controlled":true,"out_stock_date":null,"out_stock_threshold":null,"inheritable":false,"inbound_stock":null,"stock_on_hold":0,"sold_today":0,"sales_last_days":0,"reserved_stock":null,"customer_returns":null,"warehouse_damage":null,"lost_in_post":null,"other_logs":null,"out_stock_days":0,"lost_sales":0,"has_location":null,"update_date":"2026-04-27T07:15:48","atum_locations":[],"atum_stock_status":"instock","restock_status":false,"low_stock_amount":"","sales_update_date":"2026-01-30T01:26:16","calc_backorders":null,"_links":{"self":[{"href":"https:\/\/aromasentia.com\/de\/wp-json\/wp\/v2\/product\/234461","targetHints":{"allow":["GET"]}}],"collection":[{"href":"https:\/\/aromasentia.com\/de\/wp-json\/wp\/v2\/product"}],"about":[{"href":"https:\/\/aromasentia.com\/de\/wp-json\/wp\/v2\/types\/product"}],"replies":[{"embeddable":true,"href":"https:\/\/aromasentia.com\/de\/wp-json\/wp\/v2\/comments?post=234461"}],"version-history":[{"count":0,"href":"https:\/\/aromasentia.com\/de\/wp-json\/wp\/v2\/product\/234461\/revisions"}],"wp:featuredmedia":[{"embeddable":true,"href":"https:\/\/aromasentia.com\/de\/wp-json\/wp\/v2\/media\/326075"}],"wp:attachment":[{"href":"https:\/\/aromasentia.com\/de\/wp-json\/wp\/v2\/media?parent=234461"}],"wp:term":[{"taxonomy":"product_brand","embeddable":true,"href":"https:\/\/aromasentia.com\/de\/wp-json\/wp\/v2\/product_brand?post=234461"},{"taxonomy":"product_cat","embeddable":true,"href":"https:\/\/aromasentia.com\/de\/wp-json\/wp\/v2\/product_cat?post=234461"},{"taxonomy":"product_tag","embeddable":true,"href":"https:\/\/aromasentia.com\/de\/wp-json\/wp\/v2\/product_tag?post=234461"}],"curies":[{"name":"wp","href":"https:\/\/api.w.org\/{rel}","templated":true}]}}