{"id":234429,"date":"2025-03-21T14:44:41","date_gmt":"2025-03-21T14:44:41","guid":{"rendered":"https:\/\/aromasentia.com\/product\/nepal-sling-bag-forest-green\/"},"modified":"2025-12-30T20:16:43","modified_gmt":"2025-12-30T20:16:43","slug":"ethnische-umhaengetaschen-gruentoene","status":"publish","type":"product","link":"https:\/\/aromasentia.com\/de\/ethnische-umhaengetaschen-gruentoene\/","title":{"rendered":"Ethnische Umh\u00e4ngetaschen Gr\u00fcnt\u00f6ne"},"content":{"rendered":"<p>Was Sie brauchen und der hippe Backpacker sucht&#8230; ist eine funktionale und gut designte Reisetasche.<\/p>\n<p>Diese Aroma Sentia-ping Nepal Sling Bag \u2013 Waldgr\u00fcn ist genau das Richtige. Die Tasche bietet Platz f\u00fcr alles Notwendige, verf\u00fcgt \u00fcber Au\u00dfentaschen f\u00fcr griffbereite Gegenst\u00e4nde und einen breiten Schultergurt f\u00fcr hohen Tragekomfort.<\/p>\n<p><strong>Diese Taschen erg\u00e4nzen sich perfekt und sind ein echter Hingucker \u2013 ein attraktiver Preis sorgt f\u00fcr regelm\u00e4\u00dfige Verk\u00e4ufe und zufriedene Kunden.<\/strong> Mit vielen Details und Taschen und Farben passend zu den meisten Outdoor-Bekleidungsst\u00fccken. Wenn Outdoor-Fans oder Reisende an Ihrem E-Shop vorbeikommen, erschlie\u00dfen Sie sich mit dieser trendigen Produktreihe den riesigen Taschenmarkt.<\/p>\n<p>Gr\u00f6\u00dfe der Tasche: H\u00f6he 21 cm, L\u00e4nge 24 cm, Breite 9 cm, Riemen: L\u00e4nge 55 cm, Breite 15 cm<\/p>\n<p><strong><span style=\"color: rgb(184, 49, 47);\">Aktualisieren Sie jetzt Ihr E-Shop-Taschenangebot, f\u00fcgen Sie diesen Artikel Ihrem Portfolio hinzu und erzielen Sie noch heute zus\u00e4tzliche Verk\u00e4ufe.<\/span><\/strong><\/p>\n","protected":false},"excerpt":{"rendered":"<p>Was Sie brauchen und der hippe Backpacker sucht&#8230; ist eine funktionale und gut designte Reisetasche. Diese Aroma Sentia-ping Nepal Sling Bag \u2013 Waldgr\u00fcn ist genau das Richtige. Die Tasche bietet Platz f\u00fcr alles Notwendige, verf\u00fcgt \u00fcber Au\u00dfentaschen f\u00fcr griffbereite Gegenst\u00e4nde und einen breiten Schultergurt f\u00fcr hohen Tragekomfort. Diese Taschen erg\u00e4nzen sich perfekt und sind ein [&hellip;]<\/p>\n","protected":false},"featured_media":325883,"comment_status":"closed","ping_status":"open","template":"","meta":[],"product_brand":[],"product_cat":[19724,26077,19655],"product_tag":[],"class_list":{"0":"post-234429","1":"product","2":"type-product","3":"status-publish","4":"has-post-thumbnail","6":"product_cat-baumwolltaschen-und-slingtaschen-nepal","7":"product_cat-sling-bags","8":"product_cat-taschen-und-rucksaecke","9":"pa_collection-nepal-sling-bags-de","10":"pa_made-in-indien","12":"first","13":"outofstock","14":"purchasable","15":"product-type-simple"},"supplier_id":null,"supplier_sku":"NSBag-01","barcode":null,"atum_controlled":true,"out_stock_date":"2026-01-02 07:06:16","out_stock_threshold":null,"inheritable":false,"inbound_stock":null,"stock_on_hold":0,"sold_today":0,"sales_last_days":0,"reserved_stock":null,"customer_returns":null,"warehouse_damage":null,"lost_in_post":null,"other_logs":null,"out_stock_days":34,"lost_sales":0,"has_location":null,"update_date":"2026-02-06T00:00:56","atum_locations":[],"atum_stock_status":"outofstock","restock_status":false,"low_stock_amount":"","sales_update_date":"2026-02-06T00:00:56","calc_backorders":null,"_links":{"self":[{"href":"https:\/\/aromasentia.com\/de\/wp-json\/wp\/v2\/product\/234429","targetHints":{"allow":["GET"]}}],"collection":[{"href":"https:\/\/aromasentia.com\/de\/wp-json\/wp\/v2\/product"}],"about":[{"href":"https:\/\/aromasentia.com\/de\/wp-json\/wp\/v2\/types\/product"}],"replies":[{"embeddable":true,"href":"https:\/\/aromasentia.com\/de\/wp-json\/wp\/v2\/comments?post=234429"}],"version-history":[{"count":0,"href":"https:\/\/aromasentia.com\/de\/wp-json\/wp\/v2\/product\/234429\/revisions"}],"wp:featuredmedia":[{"embeddable":true,"href":"https:\/\/aromasentia.com\/de\/wp-json\/wp\/v2\/media\/325883"}],"wp:attachment":[{"href":"https:\/\/aromasentia.com\/de\/wp-json\/wp\/v2\/media?parent=234429"}],"wp:term":[{"taxonomy":"product_brand","embeddable":true,"href":"https:\/\/aromasentia.com\/de\/wp-json\/wp\/v2\/product_brand?post=234429"},{"taxonomy":"product_cat","embeddable":true,"href":"https:\/\/aromasentia.com\/de\/wp-json\/wp\/v2\/product_cat?post=234429"},{"taxonomy":"product_tag","embeddable":true,"href":"https:\/\/aromasentia.com\/de\/wp-json\/wp\/v2\/product_tag?post=234429"}],"curies":[{"name":"wp","href":"https:\/\/api.w.org\/{rel}","templated":true}]}}