{"id":234405,"date":"2025-03-21T14:44:41","date_gmt":"2025-03-21T14:44:41","guid":{"rendered":"https:\/\/aromasentia.com\/product\/mini-shopping-basket-16x10x12cm-olive\/"},"modified":"2025-12-30T20:16:35","modified_gmt":"2025-12-30T20:16:35","slug":"kleine-einkaufstasche-16x10x12cm-oliv","status":"publish","type":"product","link":"https:\/\/aromasentia.com\/de\/kleine-einkaufstasche-16x10x12cm-oliv\/","title":{"rendered":"Kleine Einkaufstasche &#8211; 16x10x12cm &#8211; Oliv"},"content":{"rendered":"<p>Endlich k\u00f6nnen Sie diese h\u00e4sslichen Einkaufsk\u00f6rbe aus Plastik in den Ruhestand schicken und sie durch diese <strong>Aroma Sentia-ping<\/strong> Mini-Einkaufskorb aus Jute und Baumwolle \u2013 16 x 10 x 12 cm \u2013 Olivgr\u00fcn ersetzen.<\/strong><\/p>\n<p>Stapelbar, sodass Sie im Eingangsbereich Ihres Gesch\u00e4fts einen Stapel bilden k\u00f6nnen. W\u00e4hlen Sie eine Farbe, die zu Ihrem Design passt, und personalisieren Sie die K\u00f6rbe mit Ihrem Logo \u2013 stempeln oder sticken Sie es auf.<\/p>\n<p>Weiche, stabile Griffe, Baumwollfutter, passende Farben.<\/p>\n<p>Was gibt es daran nicht zu lieben? Billiger als Plastik, schonender, weicher und in den H\u00e4nden Ihrer Kunden werden sie mehr ausgeben.<\/p>\n<p><strong>Mini-K\u00f6rbe eignen sich perfekt f\u00fcr Kosmetik-\/Aromatherapie-L\u00e4den, sie k\u00f6nnen sogar f\u00fcr sofort verwendbare Geschenkk\u00f6rbe voller Leckereien verwendet werden. <\/strong><\/p>\n<p><strong><span style=\"color: rgb(184, 49, 47);\">Geben Sie Ihren Kunden einen Grund, Sie zu lieben, und setzen Sie noch heute auf Nat\u00fcrlichkeit.<\/span><\/strong><\/p>\n","protected":false},"excerpt":{"rendered":"<p>Endlich k\u00f6nnen Sie diese h\u00e4sslichen Einkaufsk\u00f6rbe aus Plastik in den Ruhestand schicken und sie durch diese Aroma Sentia-ping Mini-Einkaufskorb aus Jute und Baumwolle \u2013 16 x 10 x 12 cm \u2013 Olivgr\u00fcn ersetzen. Stapelbar, sodass Sie im Eingangsbereich Ihres Gesch\u00e4fts einen Stapel bilden k\u00f6nnen. W\u00e4hlen Sie eine Farbe, die zu Ihrem Design passt, und personalisieren [&hellip;]<\/p>\n","protected":false},"featured_media":325829,"comment_status":"closed","ping_status":"open","template":"","meta":{"_angie_page":false},"product_brand":[],"product_cat":[19692,19655],"product_tag":[],"class_list":{"0":"post-234405","1":"product","2":"type-product","3":"status-publish","4":"has-post-thumbnail","6":"product_cat-jutebeutel-und-jutekorbe","7":"product_cat-taschen-und-rucksaecke","8":"pa_collection-stacking-natural-jute-shopping-baskets-de","9":"pa_made-in-indien","11":"first","12":"instock","13":"purchasable","14":"product-type-simple"},"supplier_id":null,"supplier_sku":"NATSB-10","barcode":null,"atum_controlled":true,"out_stock_date":null,"out_stock_threshold":null,"inheritable":false,"inbound_stock":null,"stock_on_hold":0,"sold_today":0,"sales_last_days":0,"reserved_stock":null,"customer_returns":null,"warehouse_damage":null,"lost_in_post":null,"other_logs":null,"out_stock_days":0,"lost_sales":0,"has_location":null,"update_date":"2026-04-27T07:14:44","atum_locations":[],"atum_stock_status":"instock","restock_status":false,"low_stock_amount":"","sales_update_date":"2026-02-06T00:00:47","calc_backorders":null,"_links":{"self":[{"href":"https:\/\/aromasentia.com\/de\/wp-json\/wp\/v2\/product\/234405","targetHints":{"allow":["GET"]}}],"collection":[{"href":"https:\/\/aromasentia.com\/de\/wp-json\/wp\/v2\/product"}],"about":[{"href":"https:\/\/aromasentia.com\/de\/wp-json\/wp\/v2\/types\/product"}],"replies":[{"embeddable":true,"href":"https:\/\/aromasentia.com\/de\/wp-json\/wp\/v2\/comments?post=234405"}],"version-history":[{"count":0,"href":"https:\/\/aromasentia.com\/de\/wp-json\/wp\/v2\/product\/234405\/revisions"}],"wp:featuredmedia":[{"embeddable":true,"href":"https:\/\/aromasentia.com\/de\/wp-json\/wp\/v2\/media\/325829"}],"wp:attachment":[{"href":"https:\/\/aromasentia.com\/de\/wp-json\/wp\/v2\/media?parent=234405"}],"wp:term":[{"taxonomy":"product_brand","embeddable":true,"href":"https:\/\/aromasentia.com\/de\/wp-json\/wp\/v2\/product_brand?post=234405"},{"taxonomy":"product_cat","embeddable":true,"href":"https:\/\/aromasentia.com\/de\/wp-json\/wp\/v2\/product_cat?post=234405"},{"taxonomy":"product_tag","embeddable":true,"href":"https:\/\/aromasentia.com\/de\/wp-json\/wp\/v2\/product_tag?post=234405"}],"curies":[{"name":"wp","href":"https:\/\/api.w.org\/{rel}","templated":true}]}}