{"id":234221,"date":"2025-03-21T14:44:59","date_gmt":"2025-03-21T14:44:59","guid":{"rendered":"https:\/\/aromasentia.com\/product\/recycled-big-rug-bag-shades-of-lavender\/"},"modified":"2025-12-30T20:16:02","modified_gmt":"2025-12-30T20:16:02","slug":"recycelte-grosse-teppichtasche-lavendeltoene","status":"publish","type":"product","link":"https:\/\/aromasentia.com\/de\/recycelte-grosse-teppichtasche-lavendeltoene\/","title":{"rendered":"Recycelte gro\u00dfe Teppichtasche \u2013 Lavendelt\u00f6ne"},"content":{"rendered":"<p>Setzen Sie mit der Recycled Big Rug Bag &#8211; Shades of Lavender einen Hauch von heiterer Farbe. Diese ger\u00e4umige Tasche ist aus langlebigen, recycelten Teppichmaterialien gefertigt und zeigt eine beruhigende Farbpalette aus Lavendel- und Lila-T\u00f6nen. Jedes St\u00fcck ist ein Unikat und bietet ein umweltbewusstes und k\u00fcnstlerisch gestaltetes Accessoire f\u00fcr Ihren t\u00e4glichen Bedarf. Die gro\u00dfe Tasche eignet sich ideal zum Einkaufen, f\u00fcr Reisen oder als unverwechselbare Reisetasche, die einen Hauch von ruhiger Sch\u00f6nheit und nachhaltigem Stil in Ihr Ensemble bringt.<\/p>\n","protected":false},"excerpt":{"rendered":"<p>Setzen Sie mit der Recycled Big Rug Bag &#8211; Shades of Lavender einen Hauch von heiterer Farbe. Diese ger\u00e4umige Tasche ist aus langlebigen, recycelten Teppichmaterialien gefertigt und zeigt eine beruhigende Farbpalette aus Lavendel- und Lila-T\u00f6nen. Jedes St\u00fcck ist ein Unikat und bietet ein umweltbewusstes und k\u00fcnstlerisch gestaltetes Accessoire f\u00fcr Ihren t\u00e4glichen Bedarf. Die gro\u00dfe Tasche [&hellip;]<\/p>\n","protected":false},"featured_media":328918,"comment_status":"closed","ping_status":"open","template":"","meta":{"_angie_page":false},"product_brand":[],"product_cat":[26833,25841,26234,19654,19655],"product_tag":[],"class_list":{"0":"post-234221","1":"product","2":"type-product","3":"status-publish","4":"has-post-thumbnail","6":"product_cat-blumig","7":"product_cat-dufte-aromen","8":"product_cat-lavendel","9":"product_cat-oekologische-taschen","10":"product_cat-taschen-und-rucksaecke","11":"pa_collection-recycled-big-rug-bags-de","12":"pa_made-in-indien","14":"first","15":"instock","16":"purchasable","17":"product-type-simple"},"supplier_id":null,"supplier_sku":"RRBag-03","barcode":null,"atum_controlled":true,"out_stock_date":null,"out_stock_threshold":null,"inheritable":false,"inbound_stock":null,"stock_on_hold":0,"sold_today":0,"sales_last_days":0,"reserved_stock":null,"customer_returns":null,"warehouse_damage":null,"lost_in_post":null,"other_logs":null,"out_stock_days":0,"lost_sales":0,"has_location":null,"update_date":"2026-04-27T07:19:52","atum_locations":[],"atum_stock_status":"instock","restock_status":false,"low_stock_amount":"","sales_update_date":"2026-02-06T00:01:24","calc_backorders":null,"_links":{"self":[{"href":"https:\/\/aromasentia.com\/de\/wp-json\/wp\/v2\/product\/234221","targetHints":{"allow":["GET"]}}],"collection":[{"href":"https:\/\/aromasentia.com\/de\/wp-json\/wp\/v2\/product"}],"about":[{"href":"https:\/\/aromasentia.com\/de\/wp-json\/wp\/v2\/types\/product"}],"replies":[{"embeddable":true,"href":"https:\/\/aromasentia.com\/de\/wp-json\/wp\/v2\/comments?post=234221"}],"version-history":[{"count":0,"href":"https:\/\/aromasentia.com\/de\/wp-json\/wp\/v2\/product\/234221\/revisions"}],"wp:featuredmedia":[{"embeddable":true,"href":"https:\/\/aromasentia.com\/de\/wp-json\/wp\/v2\/media\/328918"}],"wp:attachment":[{"href":"https:\/\/aromasentia.com\/de\/wp-json\/wp\/v2\/media?parent=234221"}],"wp:term":[{"taxonomy":"product_brand","embeddable":true,"href":"https:\/\/aromasentia.com\/de\/wp-json\/wp\/v2\/product_brand?post=234221"},{"taxonomy":"product_cat","embeddable":true,"href":"https:\/\/aromasentia.com\/de\/wp-json\/wp\/v2\/product_cat?post=234221"},{"taxonomy":"product_tag","embeddable":true,"href":"https:\/\/aromasentia.com\/de\/wp-json\/wp\/v2\/product_tag?post=234221"}],"curies":[{"name":"wp","href":"https:\/\/api.w.org\/{rel}","templated":true}]}}