{"id":234213,"date":"2025-03-21T14:44:59","date_gmt":"2025-03-21T14:44:59","guid":{"rendered":"https:\/\/aromasentia.com\/product\/recycled-big-rug-bag-shades-of-mushrooms\/"},"modified":"2025-12-30T20:15:54","modified_gmt":"2025-12-30T20:15:54","slug":"recycelte-grosse-teppichtasche-shades-of-mushrooms","status":"publish","type":"product","link":"https:\/\/aromasentia.com\/de\/recycelte-grosse-teppichtasche-shades-of-mushrooms\/","title":{"rendered":"Recycelte gro\u00dfe Teppichtasche \u2013 Shades of Mushrooms"},"content":{"rendered":"<p>Mit der Recycled Big Rug Bag &#8211; Shades of Mushrooms tragen Sie Ihre Welt in einem einzigartigen, umweltfreundlichen Stil. Diese gro\u00dfe und strapazierf\u00e4hige Tasche wurde aus recycelten Teppichmaterialien hergestellt und zeigt eine erdige Farbpalette von Pilzt\u00f6nen &#8211; Braun-, Beige- und Graut\u00f6ne &#8211; die von Pilzen inspiriert sind. Jede Tasche ist aufgrund ihrer recycelten Beschaffenheit wahrscheinlich ein Unikat und damit ein wirklich einzigartiges, nachhaltiges Accessoire. Dank ihrer gro\u00dfz\u00fcgigen Gr\u00f6\u00dfe eignet sie sich perfekt zum Einkaufen, f\u00fcr Strandausfl\u00fcge oder als unverwechselbare Alltagstasche mit rustikalem, strukturiertem Aussehen.<\/p>\n","protected":false},"excerpt":{"rendered":"<p>Mit der Recycled Big Rug Bag &#8211; Shades of Mushrooms tragen Sie Ihre Welt in einem einzigartigen, umweltfreundlichen Stil. Diese gro\u00dfe und strapazierf\u00e4hige Tasche wurde aus recycelten Teppichmaterialien hergestellt und zeigt eine erdige Farbpalette von Pilzt\u00f6nen &#8211; Braun-, Beige- und Graut\u00f6ne &#8211; die von Pilzen inspiriert sind. Jede Tasche ist aufgrund ihrer recycelten Beschaffenheit wahrscheinlich [&hellip;]<\/p>\n","protected":false},"featured_media":328900,"comment_status":"closed","ping_status":"open","template":"","meta":{"_angie_page":false},"product_brand":[],"product_cat":[19654,19655],"product_tag":[],"class_list":{"0":"post-234213","1":"product","2":"type-product","3":"status-publish","4":"has-post-thumbnail","6":"product_cat-oekologische-taschen","7":"product_cat-taschen-und-rucksaecke","8":"pa_collection-recycled-big-rug-bags-de","9":"pa_made-in-indien","11":"first","12":"instock","13":"purchasable","14":"product-type-simple"},"supplier_id":null,"supplier_sku":"RRBag-01","barcode":null,"atum_controlled":true,"out_stock_date":null,"out_stock_threshold":null,"inheritable":false,"inbound_stock":null,"stock_on_hold":0,"sold_today":0,"sales_last_days":0,"reserved_stock":null,"customer_returns":null,"warehouse_damage":null,"lost_in_post":null,"other_logs":null,"out_stock_days":0,"lost_sales":0,"has_location":null,"update_date":"2026-04-27T07:19:52","atum_locations":[],"atum_stock_status":"instock","restock_status":false,"low_stock_amount":"","sales_update_date":"2025-09-05T00:23:42","calc_backorders":null,"_links":{"self":[{"href":"https:\/\/aromasentia.com\/de\/wp-json\/wp\/v2\/product\/234213","targetHints":{"allow":["GET"]}}],"collection":[{"href":"https:\/\/aromasentia.com\/de\/wp-json\/wp\/v2\/product"}],"about":[{"href":"https:\/\/aromasentia.com\/de\/wp-json\/wp\/v2\/types\/product"}],"replies":[{"embeddable":true,"href":"https:\/\/aromasentia.com\/de\/wp-json\/wp\/v2\/comments?post=234213"}],"version-history":[{"count":0,"href":"https:\/\/aromasentia.com\/de\/wp-json\/wp\/v2\/product\/234213\/revisions"}],"wp:featuredmedia":[{"embeddable":true,"href":"https:\/\/aromasentia.com\/de\/wp-json\/wp\/v2\/media\/328900"}],"wp:attachment":[{"href":"https:\/\/aromasentia.com\/de\/wp-json\/wp\/v2\/media?parent=234213"}],"wp:term":[{"taxonomy":"product_brand","embeddable":true,"href":"https:\/\/aromasentia.com\/de\/wp-json\/wp\/v2\/product_brand?post=234213"},{"taxonomy":"product_cat","embeddable":true,"href":"https:\/\/aromasentia.com\/de\/wp-json\/wp\/v2\/product_cat?post=234213"},{"taxonomy":"product_tag","embeddable":true,"href":"https:\/\/aromasentia.com\/de\/wp-json\/wp\/v2\/product_tag?post=234213"}],"curies":[{"name":"wp","href":"https:\/\/api.w.org\/{rel}","templated":true}]}}