{"id":234193,"date":"2025-03-21T14:44:59","date_gmt":"2025-03-21T14:44:59","guid":{"rendered":"https:\/\/aromasentia.com\/product\/reversible-jute-cotton-big-bag-teal\/"},"modified":"2025-12-30T20:15:54","modified_gmt":"2025-12-30T20:15:54","slug":"wendbare-grosse-tasche-aus-jute-und-baumwolle-blaugruen-7717c","status":"publish","type":"product","link":"https:\/\/aromasentia.com\/de\/wendbare-grosse-tasche-aus-jute-und-baumwolle-blaugruen-7717c\/","title":{"rendered":"Wendbare gro\u00dfe Tasche aus Jute und Baumwolle &#8211; Blaugr\u00fcn (7717C)"},"content":{"rendered":"<p><strong><span style=\"color: rgb(75, 80, 88);\">Wende-Big-Bag aus Jute und Baumwolle \u2013 Blaugr\u00fcn | Umweltfreundliche Tragetasche, der Bestseller<\/span><\/strong><\/p>\n<p><span style=\"color: rgb(75, 80, 88);\">Nachhaltige Taschen sind ein Must-have im Einzelhandel! Diese wendbare Big-Bag aus Jute und Baumwolle in Blaugr\u00fcn ist ein Verkaufsschlager f\u00fcr umweltbewusste Boutiquen und Gesch\u00e4fte. Sie wird in Indien aus 100 % nat\u00fcrlicher Jute und Baumwolle handgefertigt und ist eine plastikfreie, wiederverwendbare und biologisch abbaubare Alternative, die den heutigen Einkaufstrends entspricht.<\/span><\/p>\n<h6><span style=\"color: rgb(75, 80, 88);\">Hauptmerkmale:<\/span><\/h6>\n<p><span style=\"color: rgb(75, 80, 88);\">\u2705 Wendbares Design \u2013 Wechseln Sie zwischen kr\u00e4ftiger blaugr\u00fcner Baumwolle und klassischer Jute f\u00fcr zwei stylische Looks.<\/span><\/p>\n<p><span style=\"color: rgb(75, 80, 88);\">\u2705 Ger\u00e4umig &amp; Leicht &ndash; Gr\u00f6\u00dfe 49 x 40 cm, perfekt zum Einkaufen, Arbeiten oder f\u00fcr t\u00e4gliche Besorgungen.<\/span><\/p>\n<p><span style=\"color: rgb(75, 80, 88);\">\u2705 Zus\u00e4tzlicher Stauraum &ndash; Vordertasche f\u00fcr schnellen Zugriff auf das Wesentliche.<\/span><\/p>\n<p><span style=\"color: rgb(75, 80, 88);\">\u2705 Stark &amp; Sicher &ndash; Robuste Griffe mit stylischem Holzknopfverschluss.<\/span><\/p>\n<p><span style=\"color: rgb(75, 80, 88);\">\u2714 Hohe Nachfrage &ndash; Perfekt f\u00fcr \u00d6ko-L\u00e4den, Boutiquen und Lifestyle-H\u00e4ndler.<\/span><\/p>\n<p><span style=\"color: rgb(75, 80, 88);\">\u2714 Nachhaltig &amp; Wiederverwendbar \u2013 Plastikfrei und biologisch abbaubar.<\/span><\/p>\n<p><span style=\"color: rgb(75, 80, 88);\">\u2714 Stylisch &amp; Praktisch \u2013 Vielseitig f\u00fcr den t\u00e4glichen Gebrauch.<\/span><\/p>\n<p><span style=\"color: rgb(75, 80, 88);\">Bestellen Sie noch heute und bieten Sie Ihren Kunden eine schicke, nachhaltige Einkaufsl\u00f6sung!<\/span><\/p>\n","protected":false},"excerpt":{"rendered":"<p>Wende-Big-Bag aus Jute und Baumwolle \u2013 Blaugr\u00fcn | Umweltfreundliche Tragetasche, der Bestseller Nachhaltige Taschen sind ein Must-have im Einzelhandel! Diese wendbare Big-Bag aus Jute und Baumwolle in Blaugr\u00fcn ist ein Verkaufsschlager f\u00fcr umweltbewusste Boutiquen und Gesch\u00e4fte. Sie wird in Indien aus 100 % nat\u00fcrlicher Jute und Baumwolle handgefertigt und ist eine plastikfreie, wiederverwendbare und biologisch [&hellip;]<\/p>\n","protected":false},"featured_media":328711,"comment_status":"closed","ping_status":"open","template":"","meta":{"_angie_page":false},"product_brand":[],"product_cat":[19692,19655],"product_tag":[],"class_list":{"0":"post-234193","1":"product","2":"type-product","3":"status-publish","4":"has-post-thumbnail","6":"product_cat-jutebeutel-und-jutekorbe","7":"product_cat-taschen-und-rucksaecke","8":"pa_collection-reversible-jute-cotton-big-bag-de","9":"pa_made-in-indien","11":"first","12":"instock","13":"purchasable","14":"product-type-simple"},"supplier_id":null,"supplier_sku":"RevB-03","barcode":null,"atum_controlled":true,"out_stock_date":null,"out_stock_threshold":null,"inheritable":false,"inbound_stock":null,"stock_on_hold":0,"sold_today":0,"sales_last_days":0,"reserved_stock":null,"customer_returns":null,"warehouse_damage":null,"lost_in_post":null,"other_logs":null,"out_stock_days":0,"lost_sales":0,"has_location":null,"update_date":"2026-04-28T01:00:32","atum_locations":[],"atum_stock_status":"instock","restock_status":false,"low_stock_amount":"","sales_update_date":"2025-09-05T00:23:42","calc_backorders":null,"_links":{"self":[{"href":"https:\/\/aromasentia.com\/de\/wp-json\/wp\/v2\/product\/234193","targetHints":{"allow":["GET"]}}],"collection":[{"href":"https:\/\/aromasentia.com\/de\/wp-json\/wp\/v2\/product"}],"about":[{"href":"https:\/\/aromasentia.com\/de\/wp-json\/wp\/v2\/types\/product"}],"replies":[{"embeddable":true,"href":"https:\/\/aromasentia.com\/de\/wp-json\/wp\/v2\/comments?post=234193"}],"version-history":[{"count":0,"href":"https:\/\/aromasentia.com\/de\/wp-json\/wp\/v2\/product\/234193\/revisions"}],"wp:featuredmedia":[{"embeddable":true,"href":"https:\/\/aromasentia.com\/de\/wp-json\/wp\/v2\/media\/328711"}],"wp:attachment":[{"href":"https:\/\/aromasentia.com\/de\/wp-json\/wp\/v2\/media?parent=234193"}],"wp:term":[{"taxonomy":"product_brand","embeddable":true,"href":"https:\/\/aromasentia.com\/de\/wp-json\/wp\/v2\/product_brand?post=234193"},{"taxonomy":"product_cat","embeddable":true,"href":"https:\/\/aromasentia.com\/de\/wp-json\/wp\/v2\/product_cat?post=234193"},{"taxonomy":"product_tag","embeddable":true,"href":"https:\/\/aromasentia.com\/de\/wp-json\/wp\/v2\/product_tag?post=234193"}],"curies":[{"name":"wp","href":"https:\/\/api.w.org\/{rel}","templated":true}]}}