{"id":234185,"date":"2025-03-21T14:44:59","date_gmt":"2025-03-21T14:44:59","guid":{"rendered":"https:\/\/aromasentia.com\/product\/reversible-jute-cotton-big-bag-pistachio\/"},"modified":"2025-12-30T20:15:54","modified_gmt":"2025-12-30T20:15:54","slug":"wendbare-big-bag-aus-jute-und-baumwolle-pistazie","status":"publish","type":"product","link":"https:\/\/aromasentia.com\/de\/wendbare-big-bag-aus-jute-und-baumwolle-pistazie\/","title":{"rendered":"Wendbare Big Bag aus Jute und Baumwolle &#8211; Pistazie"},"content":{"rendered":"<p><span style=\"color: rgb(75, 80, 88);\"><strong>Wendbare gro\u00dfe Tasche aus Jute und Baumwolle \u2013 Pistazie | Umweltfreundlich und vielseitig<\/strong><\/span><\/p>\n<p><span style=\"color: rgb(75, 80, 88);\">Best\u00fccken Sie Ihr Gesch\u00e4ft mit einer unverzichtbaren nachhaltigen Tragetasche! Die wendbare gro\u00dfe Tasche aus Jute und Baumwolle in Pistazie bietet die perfekte Mischung aus Stil, Nachhaltigkeit und Funktionalit\u00e4t und ist somit ideal f\u00fcr umweltbewusste Einzelh\u00e4ndler.<\/span><\/p>\n<p><span style=\"color: rgb(75, 80, 88);\">Diese langlebige, wiederverwendbare und plastikfreie Tasche wird in Indien aus 100 % nat\u00fcrlicher Jute und Baumwolle handgefertigt und bietet Kunden eine stilvolle und ethische Einkaufsl\u00f6sung. Das wendbare Design bietet zwei Looks in einem: weiche Pistazienbaumwolle f\u00fcr den t\u00e4glichen Gebrauch und rustikale Jute f\u00fcr ein nat\u00fcrliches, erdiges Gef\u00fchl.<\/span><\/p>\n<h6><span style=\"color: rgb(75, 80, 88);\">Hauptmerkmale:<\/span><\/h6>\n<p><span style=\"color: rgb(75, 80, 88);\">\u2705 Wendbares 2-in-1-Design \u2013 Wechseln Sie zwischen Baumwolle und Jute f\u00fcr vielseitiges Styling.<\/span><\/p>\n<p><span style=\"color: rgb(75, 80, 88);\">\u2705 Ger\u00e4umig &amp; funktional \u2013 49 x 40 cm Gr\u00f6\u00dfe, ideal zum Einkaufen, Pendeln oder f\u00fcr Freizeitausfl\u00fcge.<\/span><\/p>\n<p><span style=\"color: rgb(75, 80, 88);\">\u2705 Zus\u00e4tzlicher Stauraum \u2013 Praktische Vordertasche f\u00fcr schnellen Zugriff auf das Wesentliche.<\/span><\/p>\n<p><span style=\"color: rgb(75, 80, 88);\">\u2705 Langlebig &amp; Sicher \u2013 Stabile Griffe mit stilvollem Holzknopfverschluss.<\/span><\/p>\n<p><span style=\"color: rgb(75, 80, 88);\">\u2714 Hohe Nachfrage \u2013 Perfekt f\u00fcr Boutiquen, Geschenkl\u00e4den und nachhaltige Marken.<\/span><\/p>\n<p><span style=\"color: rgb(75, 80, 88);\">\u2714 Plastikfrei &amp; Biologisch abbaubar \u2013 Spricht umweltbewusste K\u00e4ufer an.<\/span><\/p>\n<p><span style=\"color: rgb(75, 80, 88);\">\u2714 Trendy &amp; Praktisch \u2013 Eine modische Alternative zu Einwegt\u00fcten.<\/span><\/p>\n<p><span style=\"color: rgb(141, 186, 216);\"><strong>Decken Sie sich jetzt ein und bieten Sie Ihren Kunden eine stilvolle, umweltfreundliche Einkaufsl\u00f6sung!<\/strong><\/span><\/p>\n","protected":false},"excerpt":{"rendered":"<p>Wendbare gro\u00dfe Tasche aus Jute und Baumwolle \u2013 Pistazie | Umweltfreundlich und vielseitig Best\u00fccken Sie Ihr Gesch\u00e4ft mit einer unverzichtbaren nachhaltigen Tragetasche! Die wendbare gro\u00dfe Tasche aus Jute und Baumwolle in Pistazie bietet die perfekte Mischung aus Stil, Nachhaltigkeit und Funktionalit\u00e4t und ist somit ideal f\u00fcr umweltbewusste Einzelh\u00e4ndler. Diese langlebige, wiederverwendbare und plastikfreie Tasche wird [&hellip;]<\/p>\n","protected":false},"featured_media":328613,"comment_status":"closed","ping_status":"open","template":"","meta":{"_angie_page":false},"product_brand":[],"product_cat":[19692,19655],"product_tag":[],"class_list":{"0":"post-234185","1":"product","2":"type-product","3":"status-publish","4":"has-post-thumbnail","6":"product_cat-jutebeutel-und-jutekorbe","7":"product_cat-taschen-und-rucksaecke","8":"pa_collection-reversible-jute-cotton-big-bag-de","9":"pa_made-in-indien","11":"first","12":"instock","13":"purchasable","14":"product-type-simple"},"supplier_id":null,"supplier_sku":"RevB-01","barcode":null,"atum_controlled":true,"out_stock_date":null,"out_stock_threshold":null,"inheritable":false,"inbound_stock":null,"stock_on_hold":0,"sold_today":0,"sales_last_days":0,"reserved_stock":null,"customer_returns":null,"warehouse_damage":null,"lost_in_post":null,"other_logs":null,"out_stock_days":0,"lost_sales":0,"has_location":null,"update_date":"2026-04-28T01:00:32","atum_locations":[],"atum_stock_status":"instock","restock_status":false,"low_stock_amount":"","sales_update_date":"2025-09-05T00:23:41","calc_backorders":null,"_links":{"self":[{"href":"https:\/\/aromasentia.com\/de\/wp-json\/wp\/v2\/product\/234185","targetHints":{"allow":["GET"]}}],"collection":[{"href":"https:\/\/aromasentia.com\/de\/wp-json\/wp\/v2\/product"}],"about":[{"href":"https:\/\/aromasentia.com\/de\/wp-json\/wp\/v2\/types\/product"}],"replies":[{"embeddable":true,"href":"https:\/\/aromasentia.com\/de\/wp-json\/wp\/v2\/comments?post=234185"}],"version-history":[{"count":0,"href":"https:\/\/aromasentia.com\/de\/wp-json\/wp\/v2\/product\/234185\/revisions"}],"wp:featuredmedia":[{"embeddable":true,"href":"https:\/\/aromasentia.com\/de\/wp-json\/wp\/v2\/media\/328613"}],"wp:attachment":[{"href":"https:\/\/aromasentia.com\/de\/wp-json\/wp\/v2\/media?parent=234185"}],"wp:term":[{"taxonomy":"product_brand","embeddable":true,"href":"https:\/\/aromasentia.com\/de\/wp-json\/wp\/v2\/product_brand?post=234185"},{"taxonomy":"product_cat","embeddable":true,"href":"https:\/\/aromasentia.com\/de\/wp-json\/wp\/v2\/product_cat?post=234185"},{"taxonomy":"product_tag","embeddable":true,"href":"https:\/\/aromasentia.com\/de\/wp-json\/wp\/v2\/product_tag?post=234185"}],"curies":[{"name":"wp","href":"https:\/\/api.w.org\/{rel}","templated":true}]}}