{"id":234173,"date":"2025-03-21T14:44:59","date_gmt":"2025-03-21T14:44:59","guid":{"rendered":"https:\/\/aromasentia.com\/product\/psychedelic-splash-bag-deep-dive\/"},"modified":"2025-12-30T20:15:45","modified_gmt":"2025-12-30T20:15:45","slug":"batiktasche-im-tiefen-meer","status":"publish","type":"product","link":"https:\/\/aromasentia.com\/de\/batiktasche-im-tiefen-meer\/","title":{"rendered":"Batiktasche &#8211; Im tiefen Meer"},"content":{"rendered":"<p>Diese psychedelische Splash Bag weckt Meereslust. Der leuchtende Farbdruck erinnert an Sommerferien und Festivals. Die Tasche bietet ausreichend Platz f\u00fcr alle wichtigen Dinge. Es hat eine kleine Innentasche, zwei Schultergurte und einen Rei\u00dfverschluss oben, um Ihre Gegenst\u00e4nde sicher aufzubewahren.<\/p>\n<ul style=\"padding: 0px; color: rgb(114, 114, 114); font-family: Ubuntu, sans-serif; font-size: 16px; font-style: normal; font-variant-ligatures: normal; font-variant-caps: normal; font-weight: 400; letter-spacing: normal; orphans: 2; text-align: start; text-indent: 0px; text-transform: none; white-space: normal; widows: 2; word-spacing: 0px; -webkit-text-stroke-width: 0px; text-decoration-thickness: initial; text-decoration-style: initial; text-decoration-color: initial; background-color: rgb(255, 255, 255);\">\n<li>Ma\u00dfe: 45,5 x 14,5 x 38,5 cm<\/li>\n<li>Riemenl\u00e4nge: 31 cm<\/li>\n<li>Langlebiges Design&nbsp;<\/li>\n<\/ul>\n","protected":false},"excerpt":{"rendered":"<p>Diese psychedelische Splash Bag weckt Meereslust. Der leuchtende Farbdruck erinnert an Sommerferien und Festivals. Die Tasche bietet ausreichend Platz f\u00fcr alle wichtigen Dinge. Es hat eine kleine Innentasche, zwei Schultergurte und einen Rei\u00dfverschluss oben, um Ihre Gegenst\u00e4nde sicher aufzubewahren. Ma\u00dfe: 45,5 x 14,5 x 38,5 cm Riemenl\u00e4nge: 31 cm Langlebiges Design&nbsp;<\/p>\n","protected":false},"featured_media":328490,"comment_status":"closed","ping_status":"open","template":"","meta":{"_angie_page":false},"product_brand":[],"product_cat":[19654,19655],"product_tag":[],"class_list":{"0":"post-234173","1":"product","2":"type-product","3":"status-publish","4":"has-post-thumbnail","6":"product_cat-oekologische-taschen","7":"product_cat-taschen-und-rucksaecke","8":"pa_made-in-china","10":"first","11":"instock","12":"purchasable","13":"product-type-simple"},"supplier_id":null,"supplier_sku":"PSB-02","barcode":null,"atum_controlled":true,"out_stock_date":null,"out_stock_threshold":null,"inheritable":false,"inbound_stock":null,"stock_on_hold":0,"sold_today":0,"sales_last_days":0,"reserved_stock":null,"customer_returns":null,"warehouse_damage":null,"lost_in_post":null,"other_logs":null,"out_stock_days":0,"lost_sales":0,"has_location":null,"update_date":"2026-04-27T07:18:41","atum_locations":[],"atum_stock_status":"instock","restock_status":false,"low_stock_amount":"","sales_update_date":"2026-01-30T01:25:36","calc_backorders":null,"_links":{"self":[{"href":"https:\/\/aromasentia.com\/de\/wp-json\/wp\/v2\/product\/234173","targetHints":{"allow":["GET"]}}],"collection":[{"href":"https:\/\/aromasentia.com\/de\/wp-json\/wp\/v2\/product"}],"about":[{"href":"https:\/\/aromasentia.com\/de\/wp-json\/wp\/v2\/types\/product"}],"replies":[{"embeddable":true,"href":"https:\/\/aromasentia.com\/de\/wp-json\/wp\/v2\/comments?post=234173"}],"version-history":[{"count":0,"href":"https:\/\/aromasentia.com\/de\/wp-json\/wp\/v2\/product\/234173\/revisions"}],"wp:featuredmedia":[{"embeddable":true,"href":"https:\/\/aromasentia.com\/de\/wp-json\/wp\/v2\/media\/328490"}],"wp:attachment":[{"href":"https:\/\/aromasentia.com\/de\/wp-json\/wp\/v2\/media?parent=234173"}],"wp:term":[{"taxonomy":"product_brand","embeddable":true,"href":"https:\/\/aromasentia.com\/de\/wp-json\/wp\/v2\/product_brand?post=234173"},{"taxonomy":"product_cat","embeddable":true,"href":"https:\/\/aromasentia.com\/de\/wp-json\/wp\/v2\/product_cat?post=234173"},{"taxonomy":"product_tag","embeddable":true,"href":"https:\/\/aromasentia.com\/de\/wp-json\/wp\/v2\/product_tag?post=234173"}],"curies":[{"name":"wp","href":"https:\/\/api.w.org\/{rel}","templated":true}]}}