{"id":234129,"date":"2025-03-21T14:45:04","date_gmt":"2025-03-21T14:45:04","guid":{"rendered":"https:\/\/aromasentia.com\/product\/tye-dye-cotton-bag-6oz-38x42x12cm-lotus-buddha-blue-natural-handle\/"},"modified":"2025-12-30T20:15:37","modified_gmt":"2025-12-30T20:15:37","slug":"tye-dye-cotton-bag-6oz-38x42x12cm-lotus-buddha-blue-natural-handle","status":"publish","type":"product","link":"https:\/\/aromasentia.com\/de\/tye-dye-cotton-bag-6oz-38x42x12cm-lotus-buddha-blue-natural-handle\/","title":{"rendered":"Tye-Dye Cotton Bag (6oz) &#8211; 38x42x12cm &#8211; Lotus Buddha &#8211; Blue &#8211; Natural Handle"},"content":{"rendered":"<p><span style=\"color: rgb(75, 80, 88);\"><strong>Wir stellen unsere Batik-Baumwolltasche mit Buddha- und Lotus-Design vor,<\/strong> perfekt f\u00fcr Kunden, die ein stilvolles und umweltfreundliches Accessoire suchen.&nbsp;<\/span><\/p>\n<p><span style=\"color: rgb(75, 80, 88);\">Diese Tasche mit den Ma\u00dfen <strong>38 x 42 x 12 cm<\/strong> ist handgefertigt aus <strong>100 % nat\u00fcrlicher Baumwolle<\/strong> und verf\u00fcgt \u00fcber ein einzigartiges Batik-Design in Blau, das jede Tasche zu einem Unikat macht.<\/span><\/p>\n<p><span style=\"color: rgb(75, 80, 88);\">Die Tasche ist mit einem nat\u00fcrlichen Griff ausgestattet, der die Pastellt\u00f6ne des Blaus erg\u00e4nzt, sodass die Tasche bequem \u00fcber der Schulter getragen werden kann. Das strapazierf\u00e4hige Baumwollmaterial sorgt daf\u00fcr, dass die Tasche stark genug ist, um schwere Gegenst\u00e4nde zu tragen.<\/span><\/p>\n<p><span style=\"color: rgb(75, 80, 88);\"><strong>Diese nat\u00fcrliche, gef\u00e4rbte Baumwolltasche ist au\u00dferdem eine umweltfreundliche Option und somit perfekt f\u00fcr alle, die nach einer nachhaltigen Alternative zu herk\u00f6mmlichen Einkaufstaschen suchen.<\/span><\/p>\n<p><span style=\"color: rgb(75, 80, 88);\"><em>Ma\u00dfe: 38 x 42 x 12 cm, Griffl\u00e4nge: 33 cm<\/em><\/span><\/p>\n","protected":false},"excerpt":{"rendered":"<p>Wir stellen unsere Batik-Baumwolltasche mit Buddha- und Lotus-Design vor, perfekt f\u00fcr Kunden, die ein stilvolles und umweltfreundliches Accessoire suchen.&nbsp; Diese Tasche mit den Ma\u00dfen 38 x 42 x 12 cm ist handgefertigt aus 100 % nat\u00fcrlicher Baumwolle und verf\u00fcgt \u00fcber ein einzigartiges Batik-Design in Blau, das jede Tasche zu einem Unikat macht. Die Tasche ist [&hellip;]<\/p>\n","protected":false},"featured_media":329335,"comment_status":"closed","ping_status":"open","template":"","meta":[],"product_brand":[],"product_cat":[19724,19654,19655],"product_tag":[],"class_list":{"0":"post-234129","1":"product","2":"type-product","3":"status-publish","4":"has-post-thumbnail","6":"product_cat-baumwolltaschen-und-slingtaschen-nepal","7":"product_cat-oekologische-taschen","8":"product_cat-taschen-und-rucksaecke","9":"pa_collection-tie-dye-cotton-bags-de","10":"pa_made-in-indien","12":"first","13":"instock","14":"purchasable","15":"product-type-simple"},"supplier_id":null,"supplier_sku":"TDB-03","barcode":null,"atum_controlled":true,"out_stock_date":null,"out_stock_threshold":null,"inheritable":false,"inbound_stock":null,"stock_on_hold":0,"sold_today":0,"sales_last_days":0,"reserved_stock":null,"customer_returns":null,"warehouse_damage":null,"lost_in_post":null,"other_logs":null,"out_stock_days":0,"lost_sales":0,"has_location":null,"update_date":"2026-02-09T16:24:17","atum_locations":[],"atum_stock_status":"instock","restock_status":false,"low_stock_amount":"","sales_update_date":"2025-09-05T00:23:46","calc_backorders":null,"_links":{"self":[{"href":"https:\/\/aromasentia.com\/de\/wp-json\/wp\/v2\/product\/234129","targetHints":{"allow":["GET"]}}],"collection":[{"href":"https:\/\/aromasentia.com\/de\/wp-json\/wp\/v2\/product"}],"about":[{"href":"https:\/\/aromasentia.com\/de\/wp-json\/wp\/v2\/types\/product"}],"replies":[{"embeddable":true,"href":"https:\/\/aromasentia.com\/de\/wp-json\/wp\/v2\/comments?post=234129"}],"version-history":[{"count":0,"href":"https:\/\/aromasentia.com\/de\/wp-json\/wp\/v2\/product\/234129\/revisions"}],"wp:featuredmedia":[{"embeddable":true,"href":"https:\/\/aromasentia.com\/de\/wp-json\/wp\/v2\/media\/329335"}],"wp:attachment":[{"href":"https:\/\/aromasentia.com\/de\/wp-json\/wp\/v2\/media?parent=234129"}],"wp:term":[{"taxonomy":"product_brand","embeddable":true,"href":"https:\/\/aromasentia.com\/de\/wp-json\/wp\/v2\/product_brand?post=234129"},{"taxonomy":"product_cat","embeddable":true,"href":"https:\/\/aromasentia.com\/de\/wp-json\/wp\/v2\/product_cat?post=234129"},{"taxonomy":"product_tag","embeddable":true,"href":"https:\/\/aromasentia.com\/de\/wp-json\/wp\/v2\/product_tag?post=234129"}],"curies":[{"name":"wp","href":"https:\/\/api.w.org\/{rel}","templated":true}]}}