{"id":234125,"date":"2025-03-21T14:45:04","date_gmt":"2025-03-21T14:45:04","guid":{"rendered":"https:\/\/aromasentia.com\/product\/tye-dye-cotton-bag-6oz-38x42x12cm-lotus-buddha-multi-col-natural-handle\/"},"modified":"2025-12-30T20:15:37","modified_gmt":"2025-12-30T20:15:37","slug":"batik-baumwollbeutel-6-unzen-38-x-42-x-12-cm-lotus-buddha-mehrfarbig-natuerlicher-griff","status":"publish","type":"product","link":"https:\/\/aromasentia.com\/de\/batik-baumwollbeutel-6-unzen-38-x-42-x-12-cm-lotus-buddha-mehrfarbig-natuerlicher-griff\/","title":{"rendered":"Batik-Baumwollbeutel (6 Unzen) \u2013 38 x 42 x 12 cm \u2013 Lotus Buddha \u2013 mehrfarbig \u2013 nat\u00fcrlicher Griff"},"content":{"rendered":"<p><span style=\"color: rgb(75, 80, 88);\"><strong>Batik-Baumwolltasche mit Lotus-Buddha-Muster<\/strong> in einem mehrfarbigen Farbton und mit nat\u00fcrlichem Griff.&nbsp;<\/span><\/p>\n<p><span style=\"color: rgb(75, 80, 88);\">Diese Tasche aus <strong>hochwertigem Baumwollmaterial<\/strong> ist weich und strapazierf\u00e4hig und somit ein zuverl\u00e4ssiger Begleiter auf all Ihren Reisen. Die einzigartige Batiktechnik, mit der das atemberaubende Muster der Tasche erzeugt wurde, stellt sicher, dass keine zwei Taschen genau gleich sind.<\/span><\/p>\n<p><span style=\"color: rgb(75, 80, 88);\"><em>Ma\u00dfe: 38 x 42 x 12 cm, Griffl\u00e4nge: 34 cm<\/em><\/span><\/p>\n","protected":false},"excerpt":{"rendered":"<p>Batik-Baumwolltasche mit Lotus-Buddha-Muster in einem mehrfarbigen Farbton und mit nat\u00fcrlichem Griff.&nbsp; Diese Tasche aus hochwertigem Baumwollmaterial ist weich und strapazierf\u00e4hig und somit ein zuverl\u00e4ssiger Begleiter auf all Ihren Reisen. Die einzigartige Batiktechnik, mit der das atemberaubende Muster der Tasche erzeugt wurde, stellt sicher, dass keine zwei Taschen genau gleich sind. Ma\u00dfe: 38 x 42 x [&hellip;]<\/p>\n","protected":false},"featured_media":329310,"comment_status":"closed","ping_status":"open","template":"","meta":{"_angie_page":false},"product_brand":[],"product_cat":[19724,19654,19655],"product_tag":[],"class_list":{"0":"post-234125","1":"product","2":"type-product","3":"status-publish","4":"has-post-thumbnail","6":"product_cat-baumwolltaschen-und-slingtaschen-nepal","7":"product_cat-oekologische-taschen","8":"product_cat-taschen-und-rucksaecke","9":"pa_collection-tie-dye-cotton-bags-de","10":"pa_made-in-indien","12":"first","13":"instock","14":"purchasable","15":"product-type-simple"},"supplier_id":null,"supplier_sku":"TDB-02","barcode":null,"atum_controlled":true,"out_stock_date":null,"out_stock_threshold":null,"inheritable":false,"inbound_stock":null,"stock_on_hold":0,"sold_today":0,"sales_last_days":0,"reserved_stock":null,"customer_returns":null,"warehouse_damage":null,"lost_in_post":null,"other_logs":null,"out_stock_days":0,"lost_sales":0,"has_location":null,"update_date":"2026-04-27T07:24:06","atum_locations":[],"atum_stock_status":"instock","restock_status":false,"low_stock_amount":"","sales_update_date":"2025-09-05T00:23:46","calc_backorders":null,"_links":{"self":[{"href":"https:\/\/aromasentia.com\/de\/wp-json\/wp\/v2\/product\/234125","targetHints":{"allow":["GET"]}}],"collection":[{"href":"https:\/\/aromasentia.com\/de\/wp-json\/wp\/v2\/product"}],"about":[{"href":"https:\/\/aromasentia.com\/de\/wp-json\/wp\/v2\/types\/product"}],"replies":[{"embeddable":true,"href":"https:\/\/aromasentia.com\/de\/wp-json\/wp\/v2\/comments?post=234125"}],"version-history":[{"count":0,"href":"https:\/\/aromasentia.com\/de\/wp-json\/wp\/v2\/product\/234125\/revisions"}],"wp:featuredmedia":[{"embeddable":true,"href":"https:\/\/aromasentia.com\/de\/wp-json\/wp\/v2\/media\/329310"}],"wp:attachment":[{"href":"https:\/\/aromasentia.com\/de\/wp-json\/wp\/v2\/media?parent=234125"}],"wp:term":[{"taxonomy":"product_brand","embeddable":true,"href":"https:\/\/aromasentia.com\/de\/wp-json\/wp\/v2\/product_brand?post=234125"},{"taxonomy":"product_cat","embeddable":true,"href":"https:\/\/aromasentia.com\/de\/wp-json\/wp\/v2\/product_cat?post=234125"},{"taxonomy":"product_tag","embeddable":true,"href":"https:\/\/aromasentia.com\/de\/wp-json\/wp\/v2\/product_tag?post=234125"}],"curies":[{"name":"wp","href":"https:\/\/api.w.org\/{rel}","templated":true}]}}