{"id":234113,"date":"2025-03-21T14:45:04","date_gmt":"2025-03-21T14:45:04","guid":{"rendered":"https:\/\/aromasentia.com\/product\/soft-blend-shoulder-tote-teal\/"},"modified":"2025-12-30T20:15:37","modified_gmt":"2025-12-30T20:15:37","slug":"schultertasche-aus-weicher-mischung-blaugruen","status":"publish","type":"product","link":"https:\/\/aromasentia.com\/de\/schultertasche-aus-weicher-mischung-blaugruen\/","title":{"rendered":"Schultertasche aus weicher Mischung &#8211; Blaugr\u00fcn"},"content":{"rendered":"<p><span style=\"color: rgb(75, 80, 88);\"><strong>Verleihen Sie jeder Garderobe mit unserer Soft Blend Shoulder Tote in Teal einen Hauch von Frische.<\/strong><\/span><\/p>\n<p><span style=\"color: rgb(75, 80, 88);\">Diese Tasche besticht durch eine lebendige Mischung aus Teal und Gr\u00fcn, die an \u00fcppige tropische W\u00e4lder und klares, ruhiges Wasser erinnert. Die Tealt\u00f6ne verleihen jedem Ensemble eine erfrischende und lebendige Note, perfekt, um Ihren Alltagslook aufzupeppen oder auf einem Festival ein Statement zu setzen.&nbsp;<\/span><\/p>\n<p><span style=\"color: rgb(75, 80, 88);\">Diese Tragetasche aus weicher, gewaschener Jute mit Baumwollfutter ist ebenso bequem wie strapazierf\u00e4hig. Das einzigartige Batikmuster macht jede Tasche zu einem Unikat, w\u00e4hrend der magnetische Druckknopfverschluss Ihre wichtigsten Dinge sicher verstaut.&nbsp;<\/span><\/p>\n<p><span style=\"color: rgb(75, 80, 88);\"><strong>Genie\u00dfen Sie die lebendige Energie von Blaugr\u00fcn und heben Sie sich von der Masse ab.<\/strong><\/span><\/p>\n<p><span style=\"color: rgb(75, 80, 88);\"><strong>Ma\u00dfe:<\/strong><\/span><\/p>\n<p><span style=\"color: rgb(75, 80, 88);\">40 x 32 x 9 cm<\/span><\/p>\n","protected":false},"excerpt":{"rendered":"<p>Verleihen Sie jeder Garderobe mit unserer Soft Blend Shoulder Tote in Teal einen Hauch von Frische. Diese Tasche besticht durch eine lebendige Mischung aus Teal und Gr\u00fcn, die an \u00fcppige tropische W\u00e4lder und klares, ruhiges Wasser erinnert. Die Tealt\u00f6ne verleihen jedem Ensemble eine erfrischende und lebendige Note, perfekt, um Ihren Alltagslook aufzupeppen oder auf einem [&hellip;]<\/p>\n","protected":false},"featured_media":329195,"comment_status":"closed","ping_status":"open","template":"","meta":{"_angie_page":false},"product_brand":[],"product_cat":[19654,19655],"product_tag":[],"class_list":{"0":"post-234113","1":"product","2":"type-product","3":"status-publish","4":"has-post-thumbnail","6":"product_cat-oekologische-taschen","7":"product_cat-taschen-und-rucksaecke","8":"pa_collection-soft-blend-shoulder-totes-de","9":"pa_made-in-indien","11":"first","12":"instock","13":"purchasable","14":"product-type-simple"},"supplier_id":null,"supplier_sku":"SBST-03","barcode":null,"atum_controlled":true,"out_stock_date":null,"out_stock_threshold":null,"inheritable":false,"inbound_stock":null,"stock_on_hold":0,"sold_today":0,"sales_last_days":0,"reserved_stock":null,"customer_returns":null,"warehouse_damage":null,"lost_in_post":null,"other_logs":null,"out_stock_days":0,"lost_sales":0,"has_location":null,"update_date":"2026-04-27T07:20:29","atum_locations":[],"atum_stock_status":"instock","restock_status":false,"low_stock_amount":"","sales_update_date":"2026-01-30T01:25:37","calc_backorders":null,"_links":{"self":[{"href":"https:\/\/aromasentia.com\/de\/wp-json\/wp\/v2\/product\/234113","targetHints":{"allow":["GET"]}}],"collection":[{"href":"https:\/\/aromasentia.com\/de\/wp-json\/wp\/v2\/product"}],"about":[{"href":"https:\/\/aromasentia.com\/de\/wp-json\/wp\/v2\/types\/product"}],"replies":[{"embeddable":true,"href":"https:\/\/aromasentia.com\/de\/wp-json\/wp\/v2\/comments?post=234113"}],"version-history":[{"count":0,"href":"https:\/\/aromasentia.com\/de\/wp-json\/wp\/v2\/product\/234113\/revisions"}],"wp:featuredmedia":[{"embeddable":true,"href":"https:\/\/aromasentia.com\/de\/wp-json\/wp\/v2\/media\/329195"}],"wp:attachment":[{"href":"https:\/\/aromasentia.com\/de\/wp-json\/wp\/v2\/media?parent=234113"}],"wp:term":[{"taxonomy":"product_brand","embeddable":true,"href":"https:\/\/aromasentia.com\/de\/wp-json\/wp\/v2\/product_brand?post=234113"},{"taxonomy":"product_cat","embeddable":true,"href":"https:\/\/aromasentia.com\/de\/wp-json\/wp\/v2\/product_cat?post=234113"},{"taxonomy":"product_tag","embeddable":true,"href":"https:\/\/aromasentia.com\/de\/wp-json\/wp\/v2\/product_tag?post=234113"}],"curies":[{"name":"wp","href":"https:\/\/api.w.org\/{rel}","templated":true}]}}