{"id":234077,"date":"2025-03-21T14:45:04","date_gmt":"2025-03-21T14:45:04","guid":{"rendered":"https:\/\/aromasentia.com\/product\/soft-banjar-laptop-bag-dark-smart\/"},"modified":"2025-12-30T20:15:29","modified_gmt":"2025-12-30T20:15:29","slug":"weiche-banjar-laptoptasche-dark-smart","status":"publish","type":"product","link":"https:\/\/aromasentia.com\/de\/weiche-banjar-laptoptasche-dark-smart\/","title":{"rendered":"Weiche Banjar Laptoptasche &#8211; Dark Smart"},"content":{"rendered":"<p>Entscheiden Sie sich f\u00fcr raffinierten Schutz mit dieser Soft Banjar Laptop-Tasche &#8211; Dark Smart. Diese Laptoptasche, die wahrscheinlich auf Banjara-Textiltraditionen zur\u00fcckgeht, hat ein &#8222;Dark Smart&#8220;-Farbschema &#8211; vielleicht tiefe Blaut\u00f6ne, Schwarz oder Anthrazit &#8211; f\u00fcr einen raffinierten und professionellen Look. Das weiche und dennoch sch\u00fctzende Design sch\u00fctzt Ihren Laptop, w\u00e4hrend die einzigartigen handwerklichen Einfl\u00fcsse einen Hauch von dezentem kulturellem Reichtum hinzuf\u00fcgen. Ideal f\u00fcr den anspruchsvollen Menschen, der bei seinem technischen Zubeh\u00f6r sowohl Stil als auch Substanz sucht.<\/p>\n","protected":false},"excerpt":{"rendered":"<p>Entscheiden Sie sich f\u00fcr raffinierten Schutz mit dieser Soft Banjar Laptop-Tasche &#8211; Dark Smart. Diese Laptoptasche, die wahrscheinlich auf Banjara-Textiltraditionen zur\u00fcckgeht, hat ein &#8222;Dark Smart&#8220;-Farbschema &#8211; vielleicht tiefe Blaut\u00f6ne, Schwarz oder Anthrazit &#8211; f\u00fcr einen raffinierten und professionellen Look. Das weiche und dennoch sch\u00fctzende Design sch\u00fctzt Ihren Laptop, w\u00e4hrend die einzigartigen handwerklichen Einfl\u00fcsse einen Hauch [&hellip;]<\/p>\n","protected":false},"featured_media":328954,"comment_status":"closed","ping_status":"open","template":"","meta":{"_angie_page":false},"product_brand":[],"product_cat":[19654,19655],"product_tag":[],"class_list":{"0":"post-234077","1":"product","2":"type-product","3":"status-publish","4":"has-post-thumbnail","6":"product_cat-oekologische-taschen","7":"product_cat-taschen-und-rucksaecke","8":"pa_collection-soft-banjara-laptop-bags-de","9":"pa_made-in-indien","11":"first","12":"instock","13":"purchasable","14":"product-type-simple"},"supplier_id":null,"supplier_sku":"SBLB-03","barcode":null,"atum_controlled":true,"out_stock_date":null,"out_stock_threshold":null,"inheritable":false,"inbound_stock":null,"stock_on_hold":0,"sold_today":0,"sales_last_days":0,"reserved_stock":null,"customer_returns":null,"warehouse_damage":null,"lost_in_post":null,"other_logs":null,"out_stock_days":0,"lost_sales":0,"has_location":null,"update_date":"2026-04-27T07:20:24","atum_locations":[],"atum_stock_status":"instock","restock_status":false,"low_stock_amount":"","sales_update_date":"2026-02-06T00:02:40","calc_backorders":null,"_links":{"self":[{"href":"https:\/\/aromasentia.com\/de\/wp-json\/wp\/v2\/product\/234077","targetHints":{"allow":["GET"]}}],"collection":[{"href":"https:\/\/aromasentia.com\/de\/wp-json\/wp\/v2\/product"}],"about":[{"href":"https:\/\/aromasentia.com\/de\/wp-json\/wp\/v2\/types\/product"}],"replies":[{"embeddable":true,"href":"https:\/\/aromasentia.com\/de\/wp-json\/wp\/v2\/comments?post=234077"}],"version-history":[{"count":0,"href":"https:\/\/aromasentia.com\/de\/wp-json\/wp\/v2\/product\/234077\/revisions"}],"wp:featuredmedia":[{"embeddable":true,"href":"https:\/\/aromasentia.com\/de\/wp-json\/wp\/v2\/media\/328954"}],"wp:attachment":[{"href":"https:\/\/aromasentia.com\/de\/wp-json\/wp\/v2\/media?parent=234077"}],"wp:term":[{"taxonomy":"product_brand","embeddable":true,"href":"https:\/\/aromasentia.com\/de\/wp-json\/wp\/v2\/product_brand?post=234077"},{"taxonomy":"product_cat","embeddable":true,"href":"https:\/\/aromasentia.com\/de\/wp-json\/wp\/v2\/product_cat?post=234077"},{"taxonomy":"product_tag","embeddable":true,"href":"https:\/\/aromasentia.com\/de\/wp-json\/wp\/v2\/product_tag?post=234077"}],"curies":[{"name":"wp","href":"https:\/\/api.w.org\/{rel}","templated":true}]}}