{"id":234073,"date":"2025-03-21T14:45:09","date_gmt":"2025-03-21T14:45:09","guid":{"rendered":"https:\/\/aromasentia.com\/product\/yoga-and-festival-pants-thai-fisherman-mandala-mantra-on-orange\/"},"modified":"2025-12-30T20:15:29","modified_gmt":"2025-12-30T20:15:29","slug":"yoga-and-festival-pants-thai-fisherman-mandala-mantra-on-orange","status":"publish","type":"product","link":"https:\/\/aromasentia.com\/de\/yoga-and-festival-pants-thai-fisherman-mandala-mantra-on-orange\/","title":{"rendered":"Yoga and Festival Pants &#8211; Thai Fisherman Mandala Mantra on Orange"},"content":{"rendered":"<p>Diese Hose ist bekannt f\u00fcr ihr ger\u00e4umiges und bequemes Design, das sie zu einer gro\u00dfartigen Option f\u00fcr Yoga, verschiedene k\u00f6rperliche Aktivit\u00e4ten und allt\u00e4gliche Freizeitkleidung macht. <\/p>\n<p>Hergestellt aus 100% Baumwolle in Nepal <\/p>\n<p>Unisex und Einheitsgr\u00f6\u00dfe<\/p>\n<p>Die Hose wird in einem kompakten Baumwollbeutel geliefert.<\/p>\n","protected":false},"excerpt":{"rendered":"<p>Diese Hose ist bekannt f\u00fcr ihr ger\u00e4umiges und bequemes Design, das sie zu einer gro\u00dfartigen Option f\u00fcr Yoga, verschiedene k\u00f6rperliche Aktivit\u00e4ten und allt\u00e4gliche Freizeitkleidung macht. Hergestellt aus 100% Baumwolle in Nepal Unisex und Einheitsgr\u00f6\u00dfe Die Hose wird in einem kompakten Baumwollbeutel geliefert.<\/p>\n","protected":false},"featured_media":329727,"comment_status":"closed","ping_status":"open","template":"","meta":{"_angie_page":false},"product_brand":[],"product_cat":[26615,25835],"product_tag":[],"class_list":{"0":"post-234073","1":"product","2":"type-product","3":"status-publish","4":"has-post-thumbnail","6":"product_cat-hosen-stoffhosen","7":"product_cat-kleidung","8":"pa_collection-yoga-and-festival-pants-de","9":"pa_made-in-nepal","11":"first","12":"instock","13":"purchasable","14":"product-type-simple"},"supplier_id":null,"supplier_sku":"YFP-09","barcode":null,"atum_controlled":true,"out_stock_date":null,"out_stock_threshold":null,"inheritable":false,"inbound_stock":null,"stock_on_hold":0,"sold_today":0,"sales_last_days":0,"reserved_stock":null,"customer_returns":null,"warehouse_damage":null,"lost_in_post":null,"other_logs":null,"out_stock_days":0,"lost_sales":0,"has_location":null,"update_date":"2026-05-08T05:21:54","atum_locations":[],"atum_stock_status":"instock","restock_status":false,"low_stock_amount":"","sales_update_date":"2026-02-06T00:02:05","calc_backorders":null,"_links":{"self":[{"href":"https:\/\/aromasentia.com\/de\/wp-json\/wp\/v2\/product\/234073","targetHints":{"allow":["GET"]}}],"collection":[{"href":"https:\/\/aromasentia.com\/de\/wp-json\/wp\/v2\/product"}],"about":[{"href":"https:\/\/aromasentia.com\/de\/wp-json\/wp\/v2\/types\/product"}],"replies":[{"embeddable":true,"href":"https:\/\/aromasentia.com\/de\/wp-json\/wp\/v2\/comments?post=234073"}],"version-history":[{"count":0,"href":"https:\/\/aromasentia.com\/de\/wp-json\/wp\/v2\/product\/234073\/revisions"}],"wp:featuredmedia":[{"embeddable":true,"href":"https:\/\/aromasentia.com\/de\/wp-json\/wp\/v2\/media\/329727"}],"wp:attachment":[{"href":"https:\/\/aromasentia.com\/de\/wp-json\/wp\/v2\/media?parent=234073"}],"wp:term":[{"taxonomy":"product_brand","embeddable":true,"href":"https:\/\/aromasentia.com\/de\/wp-json\/wp\/v2\/product_brand?post=234073"},{"taxonomy":"product_cat","embeddable":true,"href":"https:\/\/aromasentia.com\/de\/wp-json\/wp\/v2\/product_cat?post=234073"},{"taxonomy":"product_tag","embeddable":true,"href":"https:\/\/aromasentia.com\/de\/wp-json\/wp\/v2\/product_tag?post=234073"}],"curies":[{"name":"wp","href":"https:\/\/api.w.org\/{rel}","templated":true}]}}