{"id":234041,"date":"2025-03-21T14:45:09","date_gmt":"2025-03-21T14:45:09","guid":{"rendered":"https:\/\/aromasentia.com\/product\/yoga-and-festival-pants-high-cross-himalayan-print-on-grey\/"},"modified":"2025-12-30T20:15:21","modified_gmt":"2025-12-30T20:15:21","slug":"yoga-und-festivalhose-high-cross-himalayan-print-auf-grau","status":"publish","type":"product","link":"https:\/\/aromasentia.com\/de\/yoga-und-festivalhose-high-cross-himalayan-print-auf-grau\/","title":{"rendered":"Yoga- und Festivalhose \u2013 High Cross Himalayan Print auf Grau"},"content":{"rendered":"<p>Diese Festival &amp; Yogahose wurde entworfen, um sowohl Funktionalit\u00e4t als auch Stil f\u00fcr Yoga-Enthusiasten und Festival-Enthusiasten zu bieten.<\/p>\n<p>Hergestellt aus 100% Baumwolle in Nepal &nbsp;<\/p>\n<p>Unisex und Einheitsgr\u00f6\u00dfe<\/p>\n<p>Die Hose wird in einem kompakten Baumwollbeutel geliefert. <\/p>\n<p>Der graue Hintergrund hebt die lebendigen Symbole und Muster hervor, die vom Himalaya beeinflusst sind.<\/p>\n<p>High Cross Pants sind nicht auf Yoga beschr\u00e4nkt; sie k\u00f6nnen zu verschiedenen Aktivit\u00e4ten und Anl\u00e4ssen getragen werden.<\/p>\n<p>High Cross Pants kombinieren Mode und Funktion und bieten eine stilvolle und bequeme Option f\u00fcr verschiedene k\u00f6rperliche Aktivit\u00e4ten und Alltagskleidung.<\/p>\n<p>\n","protected":false},"excerpt":{"rendered":"<p>Diese Festival &amp; Yogahose wurde entworfen, um sowohl Funktionalit\u00e4t als auch Stil f\u00fcr Yoga-Enthusiasten und Festival-Enthusiasten zu bieten. Hergestellt aus 100% Baumwolle in Nepal &nbsp; Unisex und Einheitsgr\u00f6\u00dfe Die Hose wird in einem kompakten Baumwollbeutel geliefert. Der graue Hintergrund hebt die lebendigen Symbole und Muster hervor, die vom Himalaya beeinflusst sind. High Cross Pants sind [&hellip;]<\/p>\n","protected":false},"featured_media":329535,"comment_status":"closed","ping_status":"open","template":"","meta":{"_angie_page":false},"product_brand":[],"product_cat":[26615,25835],"product_tag":[],"class_list":{"0":"post-234041","1":"product","2":"type-product","3":"status-publish","4":"has-post-thumbnail","6":"product_cat-hosen-stoffhosen","7":"product_cat-kleidung","8":"pa_collection-yoga-and-festival-pants-de","9":"pa_made-in-nepal","11":"first","12":"instock","13":"purchasable","14":"product-type-simple"},"supplier_id":null,"supplier_sku":"YFP-01","barcode":null,"atum_controlled":true,"out_stock_date":null,"out_stock_threshold":null,"inheritable":false,"inbound_stock":null,"stock_on_hold":0,"sold_today":0,"sales_last_days":0,"reserved_stock":null,"customer_returns":null,"warehouse_damage":null,"lost_in_post":null,"other_logs":null,"out_stock_days":0,"lost_sales":0,"has_location":null,"update_date":"2026-05-08T05:21:53","atum_locations":[],"atum_stock_status":"instock","restock_status":false,"low_stock_amount":"","sales_update_date":"2025-09-05T00:23:49","calc_backorders":null,"_links":{"self":[{"href":"https:\/\/aromasentia.com\/de\/wp-json\/wp\/v2\/product\/234041","targetHints":{"allow":["GET"]}}],"collection":[{"href":"https:\/\/aromasentia.com\/de\/wp-json\/wp\/v2\/product"}],"about":[{"href":"https:\/\/aromasentia.com\/de\/wp-json\/wp\/v2\/types\/product"}],"replies":[{"embeddable":true,"href":"https:\/\/aromasentia.com\/de\/wp-json\/wp\/v2\/comments?post=234041"}],"version-history":[{"count":0,"href":"https:\/\/aromasentia.com\/de\/wp-json\/wp\/v2\/product\/234041\/revisions"}],"wp:featuredmedia":[{"embeddable":true,"href":"https:\/\/aromasentia.com\/de\/wp-json\/wp\/v2\/media\/329535"}],"wp:attachment":[{"href":"https:\/\/aromasentia.com\/de\/wp-json\/wp\/v2\/media?parent=234041"}],"wp:term":[{"taxonomy":"product_brand","embeddable":true,"href":"https:\/\/aromasentia.com\/de\/wp-json\/wp\/v2\/product_brand?post=234041"},{"taxonomy":"product_cat","embeddable":true,"href":"https:\/\/aromasentia.com\/de\/wp-json\/wp\/v2\/product_cat?post=234041"},{"taxonomy":"product_tag","embeddable":true,"href":"https:\/\/aromasentia.com\/de\/wp-json\/wp\/v2\/product_tag?post=234041"}],"curies":[{"name":"wp","href":"https:\/\/api.w.org\/{rel}","templated":true}]}}