{"id":234013,"date":"2025-03-22T13:29:09","date_gmt":"2025-03-22T13:29:09","guid":{"rendered":"https:\/\/aromasentia.com\/product\/bag-of-12-medium-african-tumble-stones-tigers-eye-golden\/"},"modified":"2025-12-30T20:15:12","modified_gmt":"2025-12-30T20:15:12","slug":"beutel-mit-12-mittelgrossen-afrikanischen-trommelsteinen-tigerauge-golden","status":"publish","type":"product","link":"https:\/\/aromasentia.com\/de\/beutel-mit-12-mittelgrossen-afrikanischen-trommelsteinen-tigerauge-golden\/","title":{"rendered":"Beutel mit 12 Mittelgro\u00dfen Afrikanischen Trommelsteinen &#8211; Tigerauge &#8211; Golden"},"content":{"rendered":"<p>Das Tigerauge ist ein seltenes Mineral, das zur Familie der Quarze geh\u00f6rt. Es hat eine gelbe und gelb-braune Farbe, ist spr\u00f6de und undurchsichtig. Seinen Namen verdankt er sowohl der Farbe als auch den optischen Effekten, die durch die Sonnenstrahlen hervorgerufen werden.<\/p>\n<p>Tiger&#39;s eye ist ein beliebter Sammler- und Schmuckstein. Er wird oft als Amulett verwendet. Ihm werden viele verschiedene Eigenschaften zugeschrieben. Talismane mit einem Tiger&#39;auge wurden von Kriegern getragen. Heute wird er angehenden Gesch\u00e4ftsleuten und Menschen empfohlen, die von Wohlstand und finanzieller Unabh\u00e4ngigkeit tr\u00e4umen.<\/p>\n<p>Gr\u00f6\u00dfe ca.: 25 &#8211; 45 [mm]\/ 63 Steine pro 1kg<\/p>\n","protected":false},"excerpt":{"rendered":"<p>Das Tigerauge ist ein seltenes Mineral, das zur Familie der Quarze geh\u00f6rt. Es hat eine gelbe und gelb-braune Farbe, ist spr\u00f6de und undurchsichtig. Seinen Namen verdankt er sowohl der Farbe als auch den optischen Effekten, die durch die Sonnenstrahlen hervorgerufen werden. Tiger&#39;s eye ist ein beliebter Sammler- und Schmuckstein. Er wird oft als Amulett verwendet. [&hellip;]<\/p>\n","protected":false},"featured_media":330700,"comment_status":"closed","ping_status":"open","template":"","meta":{"_angie_page":false},"product_brand":[],"product_cat":[17269,18942],"product_tag":[],"class_list":{"0":"post-234013","1":"product","2":"type-product","3":"status-publish","4":"has-post-thumbnail","6":"product_cat-esoterik-geschenke","7":"product_cat-trommelsteine","8":"pa_collection-medium-african-tumble-stones-de","9":"pa_made-in-suedafrika","11":"first","12":"outofstock","13":"purchasable","14":"product-type-simple"},"supplier_id":null,"supplier_sku":"ATumbleM-10","barcode":null,"atum_controlled":true,"out_stock_date":"2026-04-25 15:19:39","out_stock_threshold":null,"inheritable":false,"inbound_stock":null,"stock_on_hold":0,"sold_today":0,"sales_last_days":0,"reserved_stock":null,"customer_returns":null,"warehouse_damage":null,"lost_in_post":null,"other_logs":null,"out_stock_days":0,"lost_sales":0,"has_location":null,"update_date":"2026-04-28T06:42:57","atum_locations":[],"atum_stock_status":"outofstock","restock_status":false,"low_stock_amount":"","sales_update_date":"2025-10-09T03:23:56","calc_backorders":null,"_links":{"self":[{"href":"https:\/\/aromasentia.com\/de\/wp-json\/wp\/v2\/product\/234013","targetHints":{"allow":["GET"]}}],"collection":[{"href":"https:\/\/aromasentia.com\/de\/wp-json\/wp\/v2\/product"}],"about":[{"href":"https:\/\/aromasentia.com\/de\/wp-json\/wp\/v2\/types\/product"}],"replies":[{"embeddable":true,"href":"https:\/\/aromasentia.com\/de\/wp-json\/wp\/v2\/comments?post=234013"}],"version-history":[{"count":0,"href":"https:\/\/aromasentia.com\/de\/wp-json\/wp\/v2\/product\/234013\/revisions"}],"wp:featuredmedia":[{"embeddable":true,"href":"https:\/\/aromasentia.com\/de\/wp-json\/wp\/v2\/media\/330700"}],"wp:attachment":[{"href":"https:\/\/aromasentia.com\/de\/wp-json\/wp\/v2\/media?parent=234013"}],"wp:term":[{"taxonomy":"product_brand","embeddable":true,"href":"https:\/\/aromasentia.com\/de\/wp-json\/wp\/v2\/product_brand?post=234013"},{"taxonomy":"product_cat","embeddable":true,"href":"https:\/\/aromasentia.com\/de\/wp-json\/wp\/v2\/product_cat?post=234013"},{"taxonomy":"product_tag","embeddable":true,"href":"https:\/\/aromasentia.com\/de\/wp-json\/wp\/v2\/product_tag?post=234013"}],"curies":[{"name":"wp","href":"https:\/\/api.w.org\/{rel}","templated":true}]}}