{"id":234005,"date":"2025-03-22T13:29:09","date_gmt":"2025-03-22T13:29:09","guid":{"rendered":"https:\/\/aromasentia.com\/product\/bag-of-12-medium-african-tumble-stones-white-howlite-magnesite\/"},"modified":"2025-12-30T20:15:12","modified_gmt":"2025-12-30T20:15:12","slug":"beutel-mit-12-mittelgrossen-afrikanischen-trommelsteinen-weisser-howlit-magnesit","status":"publish","type":"product","link":"https:\/\/aromasentia.com\/de\/beutel-mit-12-mittelgrossen-afrikanischen-trommelsteinen-weisser-howlit-magnesit\/","title":{"rendered":"Beutel mit 12 Mittelgro\u00dfen Afrikanischen Trommelsteinen &#8211; Wei\u00dfer Howlit &#8211; Magnesit"},"content":{"rendered":"<p>Howlit ist ein milchig wei\u00dfer Stein, oft mit schwarzen oder dunkelbraunen Einschl\u00fcssen. Ein bei Sammlern beliebtes Mineral. Howlite bringt Gl\u00fcck und viel Gl\u00fcck, regt auch die Phantasie an und verbessert das Ged\u00e4chtnis.<\/p>\n<p>Gr\u00f6\u00dfe ca.: 25 &#8211; 45 [mm]\/ 63 Steine pro 1kg <\/p>\n","protected":false},"excerpt":{"rendered":"<p>Howlit ist ein milchig wei\u00dfer Stein, oft mit schwarzen oder dunkelbraunen Einschl\u00fcssen. Ein bei Sammlern beliebtes Mineral. Howlite bringt Gl\u00fcck und viel Gl\u00fcck, regt auch die Phantasie an und verbessert das Ged\u00e4chtnis. Gr\u00f6\u00dfe ca.: 25 &#8211; 45 [mm]\/ 63 Steine pro 1kg<\/p>\n","protected":false},"featured_media":330666,"comment_status":"closed","ping_status":"open","template":"","meta":[],"product_brand":[],"product_cat":[25223,17269,25631,25670,18942],"product_tag":[],"class_list":{"0":"post-234005","1":"product","2":"type-product","3":"status-publish","4":"has-post-thumbnail","6":"product_cat-edelsteine-mineralien","7":"product_cat-esoterik-geschenke","8":"product_cat-howlit","9":"product_cat-magnesit","10":"product_cat-trommelsteine","11":"pa_collection-medium-african-tumble-stones-de","12":"pa_made-in-suedafrika","14":"first","15":"instock","16":"purchasable","17":"product-type-simple"},"supplier_id":null,"supplier_sku":"ATumbleM-07","barcode":null,"atum_controlled":true,"out_stock_date":null,"out_stock_threshold":null,"inheritable":false,"inbound_stock":null,"stock_on_hold":0,"sold_today":0,"sales_last_days":0,"reserved_stock":null,"customer_returns":null,"warehouse_damage":null,"lost_in_post":null,"other_logs":null,"out_stock_days":0,"lost_sales":0,"has_location":null,"update_date":"2026-02-06T00:01:52","atum_locations":[],"atum_stock_status":"instock","restock_status":false,"low_stock_amount":"","sales_update_date":"2026-02-06T00:01:52","calc_backorders":null,"_links":{"self":[{"href":"https:\/\/aromasentia.com\/de\/wp-json\/wp\/v2\/product\/234005","targetHints":{"allow":["GET"]}}],"collection":[{"href":"https:\/\/aromasentia.com\/de\/wp-json\/wp\/v2\/product"}],"about":[{"href":"https:\/\/aromasentia.com\/de\/wp-json\/wp\/v2\/types\/product"}],"replies":[{"embeddable":true,"href":"https:\/\/aromasentia.com\/de\/wp-json\/wp\/v2\/comments?post=234005"}],"version-history":[{"count":0,"href":"https:\/\/aromasentia.com\/de\/wp-json\/wp\/v2\/product\/234005\/revisions"}],"wp:featuredmedia":[{"embeddable":true,"href":"https:\/\/aromasentia.com\/de\/wp-json\/wp\/v2\/media\/330666"}],"wp:attachment":[{"href":"https:\/\/aromasentia.com\/de\/wp-json\/wp\/v2\/media?parent=234005"}],"wp:term":[{"taxonomy":"product_brand","embeddable":true,"href":"https:\/\/aromasentia.com\/de\/wp-json\/wp\/v2\/product_brand?post=234005"},{"taxonomy":"product_cat","embeddable":true,"href":"https:\/\/aromasentia.com\/de\/wp-json\/wp\/v2\/product_cat?post=234005"},{"taxonomy":"product_tag","embeddable":true,"href":"https:\/\/aromasentia.com\/de\/wp-json\/wp\/v2\/product_tag?post=234005"}],"curies":[{"name":"wp","href":"https:\/\/api.w.org\/{rel}","templated":true}]}}