{"id":233981,"date":"2025-03-22T13:29:09","date_gmt":"2025-03-22T13:29:09","guid":{"rendered":"https:\/\/aromasentia.com\/product\/bag-of-12-medium-african-tumble-stones-grey-agate-botswana\/"},"modified":"2025-12-30T20:15:12","modified_gmt":"2025-12-30T20:15:12","slug":"beutel-mit-12-mittleren-afrikanischen-trommelsteinen-grauer-achat-botswana","status":"publish","type":"product","link":"https:\/\/aromasentia.com\/de\/beutel-mit-12-mittleren-afrikanischen-trommelsteinen-grauer-achat-botswana\/","title":{"rendered":"Beutel mit 12 mittleren Afrikanischen Trommelsteinen &#8211; Grauer Achat &#8211; Botswana"},"content":{"rendered":"<p>Grauer Achat ist eine der h\u00e4ufigsten Achatvariet\u00e4ten. Wie der Name schon sagt, ist die Hauptfarbe grau (graublau), mit m\u00f6glichen Einschl\u00fcssen von wei\u00df, braun und schwarz. Dies ist einer der Steine, von denen Sie Ihre Kunden nicht \u00fcberzeugen m\u00fcssen &#8211; Achat ist ein Mineral, das das f\u00fcr Sie tut. Es wird angenommen, dass dieser graue Achat der Schutzpatron der freundlichen, fairen und gerechten Menschen ist.<\/p>\n<p>Gr\u00f6\u00dfe ca.: 25 &#8211; 45 [mm]\/ 63 Steine pro 1kg <\/p>\n","protected":false},"excerpt":{"rendered":"<p>Grauer Achat ist eine der h\u00e4ufigsten Achatvariet\u00e4ten. Wie der Name schon sagt, ist die Hauptfarbe grau (graublau), mit m\u00f6glichen Einschl\u00fcssen von wei\u00df, braun und schwarz. Dies ist einer der Steine, von denen Sie Ihre Kunden nicht \u00fcberzeugen m\u00fcssen &#8211; Achat ist ein Mineral, das das f\u00fcr Sie tut. Es wird angenommen, dass dieser graue Achat [&hellip;]<\/p>\n","protected":false},"featured_media":330564,"comment_status":"closed","ping_status":"open","template":"","meta":[],"product_brand":[],"product_cat":[25542,25223,17269,18942],"product_tag":[],"class_list":{"0":"post-233981","1":"product","2":"type-product","3":"status-publish","4":"has-post-thumbnail","6":"product_cat-agate","7":"product_cat-edelsteine-mineralien","8":"product_cat-esoterik-geschenke","9":"product_cat-trommelsteine","10":"pa_collection-medium-african-tumble-stones-de","11":"pa_made-in-suedafrika","13":"first","14":"outofstock","15":"purchasable","16":"product-type-simple"},"supplier_id":null,"supplier_sku":"ATumbleM-01","barcode":null,"atum_controlled":true,"out_stock_date":"2025-09-04 21:16:18","out_stock_threshold":null,"inheritable":false,"inbound_stock":null,"stock_on_hold":0,"sold_today":0,"sales_last_days":0,"reserved_stock":null,"customer_returns":null,"warehouse_damage":null,"lost_in_post":null,"other_logs":null,"out_stock_days":34,"lost_sales":0,"has_location":null,"update_date":"2026-02-11T17:30:46","atum_locations":[],"atum_stock_status":"outofstock","restock_status":false,"low_stock_amount":"","sales_update_date":"2025-10-09T03:23:56","calc_backorders":null,"_links":{"self":[{"href":"https:\/\/aromasentia.com\/de\/wp-json\/wp\/v2\/product\/233981","targetHints":{"allow":["GET"]}}],"collection":[{"href":"https:\/\/aromasentia.com\/de\/wp-json\/wp\/v2\/product"}],"about":[{"href":"https:\/\/aromasentia.com\/de\/wp-json\/wp\/v2\/types\/product"}],"replies":[{"embeddable":true,"href":"https:\/\/aromasentia.com\/de\/wp-json\/wp\/v2\/comments?post=233981"}],"version-history":[{"count":0,"href":"https:\/\/aromasentia.com\/de\/wp-json\/wp\/v2\/product\/233981\/revisions"}],"wp:featuredmedia":[{"embeddable":true,"href":"https:\/\/aromasentia.com\/de\/wp-json\/wp\/v2\/media\/330564"}],"wp:attachment":[{"href":"https:\/\/aromasentia.com\/de\/wp-json\/wp\/v2\/media?parent=233981"}],"wp:term":[{"taxonomy":"product_brand","embeddable":true,"href":"https:\/\/aromasentia.com\/de\/wp-json\/wp\/v2\/product_brand?post=233981"},{"taxonomy":"product_cat","embeddable":true,"href":"https:\/\/aromasentia.com\/de\/wp-json\/wp\/v2\/product_cat?post=233981"},{"taxonomy":"product_tag","embeddable":true,"href":"https:\/\/aromasentia.com\/de\/wp-json\/wp\/v2\/product_tag?post=233981"}],"curies":[{"name":"wp","href":"https:\/\/api.w.org\/{rel}","templated":true}]}}