{"id":233973,"date":"2025-03-22T13:29:09","date_gmt":"2025-03-22T13:29:09","guid":{"rendered":"https:\/\/aromasentia.com\/product\/bag-of-6-large-african-tumble-stones-picture-nguni\/"},"modified":"2025-12-30T20:15:03","modified_gmt":"2025-12-30T20:15:03","slug":"beutel-mit-6-grossen-afrikanischen-trommelsteinen-bild-nguni","status":"publish","type":"product","link":"https:\/\/aromasentia.com\/de\/beutel-mit-6-grossen-afrikanischen-trommelsteinen-bild-nguni\/","title":{"rendered":"Beutel mit 6 Gro\u00dfen Afrikanischen Trommelsteinen &#8211; Bild Nguni"},"content":{"rendered":"<p>Picture Nguni ist ein Jaspis mit Streifen und Mustern, die der Farbe der s\u00fcdafrikanischen Nguni-Rinder \u00e4hneln. Der Stein enth\u00e4lt verschiedene Mineralien, die ihm dieses wunderbare Aussehen verleihen. Er hat erdige Schattierungen von Braun, Gelb, Rot und Grau. Ein sehr interessanter Stein, besonders wenn man ihn genau betrachtet.<\/p>\n<p>Gr\u00f6\u00dfe ca.: 30 &#8211; 50 [mm]\/ 33 Steine pro 1kg <\/p>\n","protected":false},"excerpt":{"rendered":"<p>Picture Nguni ist ein Jaspis mit Streifen und Mustern, die der Farbe der s\u00fcdafrikanischen Nguni-Rinder \u00e4hneln. Der Stein enth\u00e4lt verschiedene Mineralien, die ihm dieses wunderbare Aussehen verleihen. Er hat erdige Schattierungen von Braun, Gelb, Rot und Grau. Ein sehr interessanter Stein, besonders wenn man ihn genau betrachtet. Gr\u00f6\u00dfe ca.: 30 &#8211; 50 [mm]\/ 33 Steine [&hellip;]<\/p>\n","protected":false},"featured_media":330522,"comment_status":"closed","ping_status":"open","template":"","meta":{"_angie_page":false},"product_brand":[],"product_cat":[17269,18942],"product_tag":[],"class_list":{"0":"post-233973","1":"product","2":"type-product","3":"status-publish","4":"has-post-thumbnail","6":"product_cat-esoterik-geschenke","7":"product_cat-trommelsteine","8":"pa_collection-large-african-tumble-stones-de","9":"pa_made-in-suedafrika","11":"first","12":"instock","13":"purchasable","14":"product-type-simple"},"supplier_id":null,"supplier_sku":"ATumbleL-21","barcode":null,"atum_controlled":true,"out_stock_date":null,"out_stock_threshold":null,"inheritable":false,"inbound_stock":null,"stock_on_hold":0,"sold_today":0,"sales_last_days":0,"reserved_stock":null,"customer_returns":null,"warehouse_damage":null,"lost_in_post":null,"other_logs":null,"out_stock_days":0,"lost_sales":0,"has_location":null,"update_date":"2026-04-27T06:51:26","atum_locations":[],"atum_stock_status":"instock","restock_status":false,"low_stock_amount":"","sales_update_date":"2026-01-30T01:26:29","calc_backorders":null,"_links":{"self":[{"href":"https:\/\/aromasentia.com\/de\/wp-json\/wp\/v2\/product\/233973","targetHints":{"allow":["GET"]}}],"collection":[{"href":"https:\/\/aromasentia.com\/de\/wp-json\/wp\/v2\/product"}],"about":[{"href":"https:\/\/aromasentia.com\/de\/wp-json\/wp\/v2\/types\/product"}],"replies":[{"embeddable":true,"href":"https:\/\/aromasentia.com\/de\/wp-json\/wp\/v2\/comments?post=233973"}],"version-history":[{"count":0,"href":"https:\/\/aromasentia.com\/de\/wp-json\/wp\/v2\/product\/233973\/revisions"}],"wp:featuredmedia":[{"embeddable":true,"href":"https:\/\/aromasentia.com\/de\/wp-json\/wp\/v2\/media\/330522"}],"wp:attachment":[{"href":"https:\/\/aromasentia.com\/de\/wp-json\/wp\/v2\/media?parent=233973"}],"wp:term":[{"taxonomy":"product_brand","embeddable":true,"href":"https:\/\/aromasentia.com\/de\/wp-json\/wp\/v2\/product_brand?post=233973"},{"taxonomy":"product_cat","embeddable":true,"href":"https:\/\/aromasentia.com\/de\/wp-json\/wp\/v2\/product_cat?post=233973"},{"taxonomy":"product_tag","embeddable":true,"href":"https:\/\/aromasentia.com\/de\/wp-json\/wp\/v2\/product_tag?post=233973"}],"curies":[{"name":"wp","href":"https:\/\/api.w.org\/{rel}","templated":true}]}}