{"id":233969,"date":"2025-03-22T13:29:09","date_gmt":"2025-03-22T13:29:09","guid":{"rendered":"https:\/\/aromasentia.com\/product\/bag-of-6-large-african-tumble-stones-tigers-eye-varigated\/"},"modified":"2025-12-30T20:15:03","modified_gmt":"2025-12-30T20:15:03","slug":"beutel-mit-6-grossen-afrikanischen-trommelsteinen-tigerauge-varigated","status":"publish","type":"product","link":"https:\/\/aromasentia.com\/de\/beutel-mit-6-grossen-afrikanischen-trommelsteinen-tigerauge-varigated\/","title":{"rendered":"Beutel mit 6 Gro\u00dfen Afrikanischen Trommelsteinen &#8211; Tigerauge &#8211; Varigated"},"content":{"rendered":"<p>Tiger&#39;s eye ist eine seltene Quarzsorte mit einer ungew\u00f6hnlichen Eigenschaft, n\u00e4mlich dem Katzenaugeneffekt. Der Stein beeindruckt durch seine Sch\u00f6nheit. Im Schein der Sonne leuchtet und flackert das Tigerauge, und ein schimmernder heller Strang bewegt sich. In der Esoterik gilt der Tigerauge-Stein als ein Mineral, das Gl\u00fcck und beruflichen Erfolg bringt und finanzielle Unabh\u00e4ngigkeit erm\u00f6glicht.<\/p>\n<p>Gr\u00f6\u00dfe ca.: 30 &#8211; 50 [mm]\/ 33 Steine pro 1kg <\/p>\n","protected":false},"excerpt":{"rendered":"<p>Tiger&#39;s eye ist eine seltene Quarzsorte mit einer ungew\u00f6hnlichen Eigenschaft, n\u00e4mlich dem Katzenaugeneffekt. Der Stein beeindruckt durch seine Sch\u00f6nheit. Im Schein der Sonne leuchtet und flackert das Tigerauge, und ein schimmernder heller Strang bewegt sich. In der Esoterik gilt der Tigerauge-Stein als ein Mineral, das Gl\u00fcck und beruflichen Erfolg bringt und finanzielle Unabh\u00e4ngigkeit erm\u00f6glicht. Gr\u00f6\u00dfe [&hellip;]<\/p>\n","protected":false},"featured_media":330505,"comment_status":"closed","ping_status":"open","template":"","meta":{"_angie_page":false},"product_brand":[],"product_cat":[17269,18942],"product_tag":[],"class_list":{"0":"post-233969","1":"product","2":"type-product","3":"status-publish","4":"has-post-thumbnail","6":"product_cat-esoterik-geschenke","7":"product_cat-trommelsteine","8":"pa_collection-large-african-tumble-stones-de","9":"pa_made-in-suedafrika","11":"first","12":"instock","13":"purchasable","14":"product-type-simple"},"supplier_id":null,"supplier_sku":"ATumbleL-20","barcode":null,"atum_controlled":true,"out_stock_date":null,"out_stock_threshold":null,"inheritable":false,"inbound_stock":null,"stock_on_hold":0,"sold_today":0,"sales_last_days":0,"reserved_stock":null,"customer_returns":null,"warehouse_damage":null,"lost_in_post":null,"other_logs":null,"out_stock_days":0,"lost_sales":0,"has_location":null,"update_date":"2026-04-27T06:51:26","atum_locations":[],"atum_stock_status":"instock","restock_status":false,"low_stock_amount":"","sales_update_date":"2025-10-09T03:23:55","calc_backorders":null,"_links":{"self":[{"href":"https:\/\/aromasentia.com\/de\/wp-json\/wp\/v2\/product\/233969","targetHints":{"allow":["GET"]}}],"collection":[{"href":"https:\/\/aromasentia.com\/de\/wp-json\/wp\/v2\/product"}],"about":[{"href":"https:\/\/aromasentia.com\/de\/wp-json\/wp\/v2\/types\/product"}],"replies":[{"embeddable":true,"href":"https:\/\/aromasentia.com\/de\/wp-json\/wp\/v2\/comments?post=233969"}],"version-history":[{"count":0,"href":"https:\/\/aromasentia.com\/de\/wp-json\/wp\/v2\/product\/233969\/revisions"}],"wp:featuredmedia":[{"embeddable":true,"href":"https:\/\/aromasentia.com\/de\/wp-json\/wp\/v2\/media\/330505"}],"wp:attachment":[{"href":"https:\/\/aromasentia.com\/de\/wp-json\/wp\/v2\/media?parent=233969"}],"wp:term":[{"taxonomy":"product_brand","embeddable":true,"href":"https:\/\/aromasentia.com\/de\/wp-json\/wp\/v2\/product_brand?post=233969"},{"taxonomy":"product_cat","embeddable":true,"href":"https:\/\/aromasentia.com\/de\/wp-json\/wp\/v2\/product_cat?post=233969"},{"taxonomy":"product_tag","embeddable":true,"href":"https:\/\/aromasentia.com\/de\/wp-json\/wp\/v2\/product_tag?post=233969"}],"curies":[{"name":"wp","href":"https:\/\/api.w.org\/{rel}","templated":true}]}}