{"id":233937,"date":"2025-03-22T13:29:09","date_gmt":"2025-03-22T13:29:09","guid":{"rendered":"https:\/\/aromasentia.com\/product\/bag-of-6-large-african-tumble-stones-rose-quartz\/"},"modified":"2025-12-30T20:15:03","modified_gmt":"2025-12-30T20:15:03","slug":"beutel-mit-6-grossen-afrikanischen-trommelsteinen-rosenquarz","status":"publish","type":"product","link":"https:\/\/aromasentia.com\/de\/beutel-mit-6-grossen-afrikanischen-trommelsteinen-rosenquarz\/","title":{"rendered":"Beutel mit 6 Gro\u00dfen Afrikanischen Trommelsteinen &#8211; Rosenquarz"},"content":{"rendered":"<p>Rosenquarz hat dank der Beimischung von Titan- und Manganelementen eine charakteristische rosa Farbe. Dieser Stein kann verschiedene T\u00f6ne haben, von blassrosa bis zu einem satten Rosa. Er gilt als starker Energieverst\u00e4rker und kann Freude und Gl\u00fcck hervorrufen.<\/p>\n<p>Gr\u00f6\u00dfe ca.: 30 &#8211; 50 [mm]\/ 33 Steine pro 1kg <\/p>\n","protected":false},"excerpt":{"rendered":"<p>Rosenquarz hat dank der Beimischung von Titan- und Manganelementen eine charakteristische rosa Farbe. Dieser Stein kann verschiedene T\u00f6ne haben, von blassrosa bis zu einem satten Rosa. Er gilt als starker Energieverst\u00e4rker und kann Freude und Gl\u00fcck hervorrufen. Gr\u00f6\u00dfe ca.: 30 &#8211; 50 [mm]\/ 33 Steine pro 1kg<\/p>\n","protected":false},"featured_media":330369,"comment_status":"closed","ping_status":"open","template":"","meta":[],"product_brand":[],"product_cat":[25223,17269,25735,25752,18942],"product_tag":[],"class_list":{"0":"post-233937","1":"product","2":"type-product","3":"status-publish","4":"has-post-thumbnail","6":"product_cat-edelsteine-mineralien","7":"product_cat-esoterik-geschenke","8":"product_cat-quarz","9":"product_cat-rosenquarz","10":"product_cat-trommelsteine","11":"pa_collection-large-african-tumble-stones-de","12":"pa_made-in-suedafrika","14":"first","15":"instock","16":"purchasable","17":"product-type-simple"},"supplier_id":null,"supplier_sku":"ATumbleL-08","barcode":null,"atum_controlled":true,"out_stock_date":null,"out_stock_threshold":null,"inheritable":false,"inbound_stock":null,"stock_on_hold":0,"sold_today":0,"sales_last_days":0,"reserved_stock":null,"customer_returns":null,"warehouse_damage":null,"lost_in_post":null,"other_logs":null,"out_stock_days":0,"lost_sales":0,"has_location":null,"update_date":"2026-02-08T00:50:42","atum_locations":[],"atum_stock_status":"instock","restock_status":false,"low_stock_amount":"","sales_update_date":"2025-10-09T03:23:53","calc_backorders":null,"_links":{"self":[{"href":"https:\/\/aromasentia.com\/de\/wp-json\/wp\/v2\/product\/233937","targetHints":{"allow":["GET"]}}],"collection":[{"href":"https:\/\/aromasentia.com\/de\/wp-json\/wp\/v2\/product"}],"about":[{"href":"https:\/\/aromasentia.com\/de\/wp-json\/wp\/v2\/types\/product"}],"replies":[{"embeddable":true,"href":"https:\/\/aromasentia.com\/de\/wp-json\/wp\/v2\/comments?post=233937"}],"version-history":[{"count":0,"href":"https:\/\/aromasentia.com\/de\/wp-json\/wp\/v2\/product\/233937\/revisions"}],"wp:featuredmedia":[{"embeddable":true,"href":"https:\/\/aromasentia.com\/de\/wp-json\/wp\/v2\/media\/330369"}],"wp:attachment":[{"href":"https:\/\/aromasentia.com\/de\/wp-json\/wp\/v2\/media?parent=233937"}],"wp:term":[{"taxonomy":"product_brand","embeddable":true,"href":"https:\/\/aromasentia.com\/de\/wp-json\/wp\/v2\/product_brand?post=233937"},{"taxonomy":"product_cat","embeddable":true,"href":"https:\/\/aromasentia.com\/de\/wp-json\/wp\/v2\/product_cat?post=233937"},{"taxonomy":"product_tag","embeddable":true,"href":"https:\/\/aromasentia.com\/de\/wp-json\/wp\/v2\/product_tag?post=233937"}],"curies":[{"name":"wp","href":"https:\/\/api.w.org\/{rel}","templated":true}]}}